{"id":37807,"date":"2025-08-01T10:54:27","date_gmt":"2025-08-01T10:54:27","guid":{"rendered":"https:\/\/purama.lt\/produktas\/d-lab-hialurono-rugsties-maisto-papildas-giliai-odos-dregmei\/"},"modified":"2026-03-31T10:48:26","modified_gmt":"2026-03-31T08:48:26","slug":"d-lab-hyaluronihappo-ravintolisa-ihon-syvalle-kosteuteen","status":"publish","type":"product","link":"https:\/\/purama.lt\/fi\/produktas\/d-lab-hialurono-rugsties-maisto-papildas-giliai-odos-dregmei\/","title":{"rendered":"D-LAB Hyaluronihappo ravintolis\u00e4 ihon syv\u00e4lle kosteutukseen."},"content":{"rendered":"","protected":false},"excerpt":{"rendered":"<p>Hyaluronihappoa sis\u00e4lt\u00e4v\u00e4 tehokosteuttava kompleksi, joka auttaa palauttamaan ihon kosteustasapainon, v\u00e4hent\u00e4m\u00e4\u00e4n kuivuutta, v\u00e4hent\u00e4m\u00e4\u00e4n p\u00f6rr\u00f6isyytt\u00e4 ja parantamaan ihon kimmoisuutta.<\/p>\n<p><strong>Miksi valita:<\/strong><br \/>\n\u2713 Kosteuttaa ihoa sis\u00e4lt\u00e4p\u00e4in - my\u00f6s syvimpi\u00e4 kerroksia my\u00f6ten<br \/>\n\u2713 V\u00e4hent\u00e4\u00e4 hienoja juonteita ja ryppyj\u00e4 sek\u00e4 venytt\u00e4v\u00e4\u00e4 tunnetta<br \/>\n\u2713 Auttaa palauttamaan terveen ihoesteen<br \/>\n\u2713 Sopii kuivalle, herk\u00e4lle ja kyps\u00e4lle iholle.<br \/>\n\u2713 T\u00e4ydellinen perusta nuorekkaalle ilmeelle<\/p>","protected":false},"featured_media":37797,"comment_status":"open","ping_status":"closed","template":"","meta":{"_acf_changed":false},"product_brand":[419],"product_cat":[123,273,274],"product_tag":[],"class_list":{"0":"post-37807","1":"product","2":"type-product","3":"status-publish","4":"has-post-thumbnail","6":"product_brand-d-lab","7":"product_cat-papildai-ilgaamziskumui","8":"product_cat-odai-plaukams-nagams","9":"product_cat-odos-jaunyste","11":"first","12":"instock","13":"shipping-taxable","14":"purchasable","15":"product-type-simple"},"acf":[],"tiered_pricing_type":"fixed","tiered_pricing_fixed_rules":[],"tiered_pricing_product_settings":{"layout":"default","base_unit_name":{"singular":null,"plural":null},"default_variation":null},"tiered_pricing_minimum_quantity":null,"tiered_pricing_roles_data":[],"tiered_pricing_percentage_rules":[],"_links":{"self":[{"href":"https:\/\/purama.lt\/fi\/wp-json\/wp\/v2\/product\/37807","targetHints":{"allow":["GET"]}}],"collection":[{"href":"https:\/\/purama.lt\/fi\/wp-json\/wp\/v2\/product"}],"about":[{"href":"https:\/\/purama.lt\/fi\/wp-json\/wp\/v2\/types\/product"}],"replies":[{"embeddable":true,"href":"https:\/\/purama.lt\/fi\/wp-json\/wp\/v2\/comments?post=37807"}],"wp:featuredmedia":[{"embeddable":true,"href":"https:\/\/purama.lt\/fi\/wp-json\/wp\/v2\/media\/37797"}],"wp:attachment":[{"href":"https:\/\/purama.lt\/fi\/wp-json\/wp\/v2\/media?parent=37807"}],"wp:term":[{"taxonomy":"product_brand","embeddable":true,"href":"https:\/\/purama.lt\/fi\/wp-json\/wp\/v2\/product_brand?post=37807"},{"taxonomy":"product_cat","embeddable":true,"href":"https:\/\/purama.lt\/fi\/wp-json\/wp\/v2\/product_cat?post=37807"},{"taxonomy":"product_tag","embeddable":true,"href":"https:\/\/purama.lt\/fi\/wp-json\/wp\/v2\/product_tag?post=37807"}],"curies":[{"name":"wp","href":"https:\/\/api.w.org\/{rel}","templated":true}]}}