{"id":37805,"date":"2025-08-01T10:54:27","date_gmt":"2025-08-01T10:54:27","guid":{"rendered":"https:\/\/purama.lt\/produktas\/d-lab-melanino-aktyvatorius-naturaliam-odos-idegiui\/"},"modified":"2026-03-31T10:47:56","modified_gmt":"2026-03-31T08:47:56","slug":"d-lab-melaniinin-aktivaattori-ihon-luonnolliseen-ruskettumiseen","status":"publish","type":"product","link":"https:\/\/purama.lt\/fi\/produktas\/d-lab-melanino-aktyvatorius-naturaliam-odos-idegiui\/","title":{"rendered":"D-LAB Melanin Activator luonnollista rusketusta varten"},"content":{"rendered":"","protected":false},"excerpt":{"rendered":"<p>Lis\u00e4aine, joka stimuloi melaniinisynteesi\u00e4 ja auttaa saamaan nopeamman, tasaisemman ja pitk\u00e4kestoisemman rusketuksen. Sopii sek\u00e4 valmistautumiseen aurinkokauteen ett\u00e4 s\u00e4teilev\u00e4n ihon yll\u00e4pit\u00e4miseen ymp\u00e4ri vuoden. Rikastettu kuparilla, tyrosiinilla ja antioksidanteilla, jotka suojaavat ihoa hapettumisstressilt\u00e4.<\/p>\n<p><strong>Miksi valita:<\/strong><br \/>\n\u2713 Edist\u00e4\u00e4 luonnollisen rusketuksen muodostumista<br \/>\n\u2713 Auttaa yll\u00e4pit\u00e4m\u00e4\u00e4n rusketusta pidemp\u00e4\u00e4n<br \/>\n\u2713 Sis\u00e4lt\u00e4\u00e4 kuparia ihon normaalin pigmentaation tukemiseksi.<br \/>\n\u2713 Sopii kaikille ihotyypeille, erityisesti vaalealle iholle<br \/>\n\u2713 Voi auttaa v\u00e4hent\u00e4m\u00e4\u00e4n valon ik\u00e4\u00e4ntymisen riski\u00e4.<\/p>","protected":false},"featured_media":37793,"comment_status":"open","ping_status":"closed","template":"","meta":{"_acf_changed":false},"product_brand":[419],"product_cat":[123,273,274],"product_tag":[],"class_list":{"0":"post-37805","1":"product","2":"type-product","3":"status-publish","4":"has-post-thumbnail","6":"product_brand-d-lab","7":"product_cat-papildai-ilgaamziskumui","8":"product_cat-odai-plaukams-nagams","9":"product_cat-odos-jaunyste","11":"first","12":"instock","13":"shipping-taxable","14":"purchasable","15":"product-type-simple"},"acf":[],"tiered_pricing_type":"fixed","tiered_pricing_fixed_rules":[],"tiered_pricing_product_settings":{"layout":"default","base_unit_name":{"singular":null,"plural":null},"default_variation":null},"tiered_pricing_minimum_quantity":null,"tiered_pricing_roles_data":[],"tiered_pricing_percentage_rules":[],"_links":{"self":[{"href":"https:\/\/purama.lt\/fi\/wp-json\/wp\/v2\/product\/37805","targetHints":{"allow":["GET"]}}],"collection":[{"href":"https:\/\/purama.lt\/fi\/wp-json\/wp\/v2\/product"}],"about":[{"href":"https:\/\/purama.lt\/fi\/wp-json\/wp\/v2\/types\/product"}],"replies":[{"embeddable":true,"href":"https:\/\/purama.lt\/fi\/wp-json\/wp\/v2\/comments?post=37805"}],"wp:featuredmedia":[{"embeddable":true,"href":"https:\/\/purama.lt\/fi\/wp-json\/wp\/v2\/media\/37793"}],"wp:attachment":[{"href":"https:\/\/purama.lt\/fi\/wp-json\/wp\/v2\/media?parent=37805"}],"wp:term":[{"taxonomy":"product_brand","embeddable":true,"href":"https:\/\/purama.lt\/fi\/wp-json\/wp\/v2\/product_brand?post=37805"},{"taxonomy":"product_cat","embeddable":true,"href":"https:\/\/purama.lt\/fi\/wp-json\/wp\/v2\/product_cat?post=37805"},{"taxonomy":"product_tag","embeddable":true,"href":"https:\/\/purama.lt\/fi\/wp-json\/wp\/v2\/product_tag?post=37805"}],"curies":[{"name":"wp","href":"https:\/\/api.w.org\/{rel}","templated":true}]}}