{"id":37655,"date":"2025-07-28T11:07:17","date_gmt":"2025-07-28T11:07:17","guid":{"rendered":"https:\/\/purama.lt\/?post_type=product&#038;p=37655"},"modified":"2026-04-13T16:38:19","modified_gmt":"2026-04-13T14:38:19","slug":"purama-uudelleenkaytettavat-kasvojenpuhdistussienet","status":"publish","type":"product","link":"https:\/\/purama.lt\/fi\/produktas\/purama-daugkartines-veido-valymo-kempineles\/","title":{"rendered":"PURAMA Uudelleenk\u00e4ytett\u00e4v\u00e4t kasvojenpuhdistussienet"},"content":{"rendered":"","protected":false},"excerpt":{"rendered":"<p>PURAMA Uudelleenk\u00e4ytett\u00e4v\u00e4t kasvojenpuhdistuspesusienet (2 kpl) - hell\u00e4varaista ja kest\u00e4v\u00e4\u00e4 ihonhoitoa. Tutustu \u00e4lykk\u00e4\u00e4seen ihonhoitoratkaisuun PURAMA Reusable Facial Cleansing Sponges -kasvojenpuhdistuspuikkojen avulla. Pehme\u00e4st\u00e4, tihe\u00e4st\u00e4 mikrokuidusta valmistetut sienet poistavat tehokkaasti meikin, lian ja ylim\u00e4\u00e4r\u00e4isen \u00f6ljyn - vain vedell\u00e4 tai suosikkipuhdistusaineellasi. Sopii kaikille ihotyypeille, my\u00f6s herk\u00e4lle iholle.<\/p>\n<p><strong>Miksi valita PURAMA:<\/strong><br \/>\n\u2714\ufe0f Puhdistaa ihon hell\u00e4varaisesti - ei raapimista, ei \u00e4rsytyst\u00e4<br \/>\n\u2714\ufe0f Ihanteellinen p\u00e4ivitt\u00e4iseen meikinpoistoon<br \/>\n\u2714\ufe0f Helppo pest\u00e4 ja nopea kuivua<br \/>\n\u2714\ufe0f Taloudellinen ja ymp\u00e4rist\u00f6yst\u00e4v\u00e4llinen valinta.<\/p>","protected":false},"featured_media":37656,"comment_status":"open","ping_status":"closed","template":"","meta":{"_acf_changed":false},"product_brand":[405],"product_cat":[92,57,288,283,59],"product_tag":[],"class_list":{"0":"post-37655","1":"product","2":"type-product","3":"status-publish","4":"has-post-thumbnail","6":"product_brand-purama","7":"product_cat-groziui","8":"product_cat-akcijos","9":"product_cat-grozio-ir-odos-prieziura","10":"product_cat-sveikatingumo-prietaisai","11":"product_cat-veidui","13":"first","14":"instock","15":"sale","16":"shipping-taxable","17":"purchasable","18":"product-type-simple"},"acf":[],"tiered_pricing_type":"fixed","tiered_pricing_fixed_rules":[],"tiered_pricing_product_settings":{"layout":"default","base_unit_name":{"singular":null,"plural":null},"default_variation":null},"tiered_pricing_minimum_quantity":null,"tiered_pricing_roles_data":[],"tiered_pricing_percentage_rules":[],"_links":{"self":[{"href":"https:\/\/purama.lt\/fi\/wp-json\/wp\/v2\/product\/37655","targetHints":{"allow":["GET"]}}],"collection":[{"href":"https:\/\/purama.lt\/fi\/wp-json\/wp\/v2\/product"}],"about":[{"href":"https:\/\/purama.lt\/fi\/wp-json\/wp\/v2\/types\/product"}],"replies":[{"embeddable":true,"href":"https:\/\/purama.lt\/fi\/wp-json\/wp\/v2\/comments?post=37655"}],"wp:featuredmedia":[{"embeddable":true,"href":"https:\/\/purama.lt\/fi\/wp-json\/wp\/v2\/media\/37656"}],"wp:attachment":[{"href":"https:\/\/purama.lt\/fi\/wp-json\/wp\/v2\/media?parent=37655"}],"wp:term":[{"taxonomy":"product_brand","embeddable":true,"href":"https:\/\/purama.lt\/fi\/wp-json\/wp\/v2\/product_brand?post=37655"},{"taxonomy":"product_cat","embeddable":true,"href":"https:\/\/purama.lt\/fi\/wp-json\/wp\/v2\/product_cat?post=37655"},{"taxonomy":"product_tag","embeddable":true,"href":"https:\/\/purama.lt\/fi\/wp-json\/wp\/v2\/product_tag?post=37655"}],"curies":[{"name":"wp","href":"https:\/\/api.w.org\/{rel}","templated":true}]}}