{"id":37587,"date":"2025-07-25T12:29:37","date_gmt":"2025-07-25T12:29:37","guid":{"rendered":"https:\/\/purama.lt\/?post_type=product&#038;p=37587"},"modified":"2026-04-13T16:39:06","modified_gmt":"2026-04-13T14:39:06","slug":"purama-sweet-kasvohieroja","status":"publish","type":"product","link":"https:\/\/purama.lt\/fi\/produktas\/purama-saldomasis-veido-masazuoklis\/","title":{"rendered":"PURAMA J\u00e4\u00e4hdytt\u00e4v\u00e4 kasvohieroja"},"content":{"rendered":"<p><strong>K\u00e4ytt\u00f6:<\/strong><br>Ruuvaa alaosa irti.<br>Lis\u00e4\u00e4 vett\u00e4 tai haluamaasi nestett\u00e4 (esim. ruusuvett\u00e4).<br>Sulje ja laita pakastimeen 3-4 tunniksi.<br>Poista ja hiero kevyesti kasvojasi tai jotain muuta kehon osaa.<br><br><strong>Tekniset tiedot:<\/strong><br>Mitat: 11,8 x 6,3 cm.<br>Materiaali: elintarvikek\u00e4ytt\u00f6\u00f6n soveltuvan silikonin ja muovin yhdistelm\u00e4.<br><br><strong>Paino:<\/strong> kevyt ja k\u00e4tev\u00e4 matkustamiseen<br><br><strong>Sopii: <\/strong>kaikille ihotyypeille<\/p>","protected":false},"excerpt":{"rendered":"<p>Tyylik\u00e4s, uudelleenk\u00e4ytett\u00e4v\u00e4 j\u00e4\u00e4hdytetty hierontalaite on ihanteellinen valinta ihonhoitorutiineihisi. T\u00e4yt\u00e4 vedell\u00e4, aseta pakastimeen ja nauti viilent\u00e4v\u00e4st\u00e4 hieronnasta, joka virkist\u00e4\u00e4, kiinteytt\u00e4\u00e4 ja v\u00e4hent\u00e4\u00e4 turvotusta ja punoitusta. Kapselin ergonominen muoto sopii mukavasti k\u00e4mmenelle ja helpottaa kasvojen tai vartalon hieromista. <\/p>\n<p><strong>T\u00e4rkeimm\u00e4t ominaisuudet:<\/strong> <br \/>T\u00e4yt\u00e4 vedell\u00e4 ja j\u00e4\u00e4dyt\u00e4 - ei kemikaaleja<br \/>Virkist\u00e4\u00e4 ihoa, v\u00e4hent\u00e4\u00e4 turvotusta, supistaa huokosia.<br \/>Ihanteellinen k\u00e4ytett\u00e4v\u00e4ksi yrtti- tai ruusuveden kanssa lis\u00e4vaikutuksen aikaansaamiseksi.<br \/>Saatavilla olevat v\u00e4rit: oranssi, sininen, valkoinen, violetti, vihre\u00e4, musta.<br \/>Helppo pit\u00e4\u00e4 k\u00e4dess\u00e4, liukumaton rakenne, helppo puhdistaa.<br \/>Uudelleenk\u00e4ytett\u00e4vi\u00e4 - taloudellisia ja ymp\u00e4rist\u00f6yst\u00e4v\u00e4llisi\u00e4<\/p>","protected":false},"featured_media":37588,"comment_status":"open","ping_status":"closed","template":"","meta":{"_acf_changed":false},"product_brand":[405],"product_cat":[287,57,92,282,283],"product_tag":[],"class_list":{"0":"post-37587","1":"product","2":"type-product","3":"status-publish","4":"has-post-thumbnail","6":"product_brand-purama","7":"product_cat-masazuokliai","8":"product_cat-akcijos","9":"product_cat-groziui","10":"product_cat-longevity-prietaisai","11":"product_cat-sveikatingumo-prietaisai","13":"first","14":"instock","15":"sale","16":"shipping-taxable","17":"purchasable","18":"product-type-variable"},"acf":[],"tiered_pricing_type":"fixed","tiered_pricing_fixed_rules":[],"tiered_pricing_product_settings":{"layout":"default","base_unit_name":{"singular":null,"plural":null},"default_variation":null},"tiered_pricing_minimum_quantity":null,"tiered_pricing_roles_data":[],"tiered_pricing_percentage_rules":[],"_links":{"self":[{"href":"https:\/\/purama.lt\/fi\/wp-json\/wp\/v2\/product\/37587","targetHints":{"allow":["GET"]}}],"collection":[{"href":"https:\/\/purama.lt\/fi\/wp-json\/wp\/v2\/product"}],"about":[{"href":"https:\/\/purama.lt\/fi\/wp-json\/wp\/v2\/types\/product"}],"replies":[{"embeddable":true,"href":"https:\/\/purama.lt\/fi\/wp-json\/wp\/v2\/comments?post=37587"}],"wp:featuredmedia":[{"embeddable":true,"href":"https:\/\/purama.lt\/fi\/wp-json\/wp\/v2\/media\/37588"}],"wp:attachment":[{"href":"https:\/\/purama.lt\/fi\/wp-json\/wp\/v2\/media?parent=37587"}],"wp:term":[{"taxonomy":"product_brand","embeddable":true,"href":"https:\/\/purama.lt\/fi\/wp-json\/wp\/v2\/product_brand?post=37587"},{"taxonomy":"product_cat","embeddable":true,"href":"https:\/\/purama.lt\/fi\/wp-json\/wp\/v2\/product_cat?post=37587"},{"taxonomy":"product_tag","embeddable":true,"href":"https:\/\/purama.lt\/fi\/wp-json\/wp\/v2\/product_tag?post=37587"}],"curies":[{"name":"wp","href":"https:\/\/api.w.org\/{rel}","templated":true}]}}