{"id":37415,"date":"2025-07-21T10:00:00","date_gmt":"2025-07-21T10:00:00","guid":{"rendered":"https:\/\/purama.lt\/produktas\/natures-ekologiski-kurkumos-milteliai\/"},"modified":"2026-04-10T08:08:38","modified_gmt":"2026-04-10T06:08:38","slug":"luonnollinen-orgaaninen-kurkumajauhe","status":"publish","type":"product","link":"https:\/\/purama.lt\/fi\/produktas\/natures-ekologiski-kurkumos-milteliai\/","title":{"rendered":"Luonnon hienoin orgaaninen kurkumajauhe"},"content":{"rendered":"<p>Etsitk\u00f6 lis\u00e4\u00e4? Katso kaikki <a href=\"\/fi\/tuoteselosteet\/natures-finest\/\">Nature's Finest -valikoima<\/a>.<\/p>","protected":false},"excerpt":{"rendered":"<p>Kurkuma (Curcuma longa) on voimakas luonnollinen antioksidantti ja tulehdusta ehk\u00e4isev\u00e4 aine. NATURE'S Organic Kurkumajauhe on valmistettu korkealaatuisista juurista, jotka tukevat ruoansulatusta, maksan toimintaa ja immuunij\u00e4rjestelm\u00e4\u00e4.<\/p>\n<p><strong>Miksi valita:<\/strong><br \/>\n\u2714 100 % Luonnonmukainen kurkuma<br \/>\n\u2714 Ei lis\u00e4aineita tai s\u00e4il\u00f6nt\u00e4aineita<br \/>\n\u2714 Tukee ruoansulatusj\u00e4rjestelm\u00e4\u00e4 ja maksan toimintaa<br \/>\n\u2714 Soveltuu k\u00e4ytett\u00e4v\u00e4ksi juomissa, elintarvikkeissa tai terveytt\u00e4 edist\u00e4viss\u00e4 seoksissa.<br \/>\n\u2714 Luonnollinen anti-inflammatorinen vaikutus<\/p>","protected":false},"featured_media":37407,"comment_status":"open","ping_status":"closed","template":"","meta":{"_acf_changed":false},"product_brand":[441],"product_cat":[123,251,252,267,122,259,255,256,254,264],"product_tag":[],"class_list":{"0":"post-37415","1":"product","2":"type-product","3":"status-publish","4":"has-post-thumbnail","6":"product_brand-natures-finest","7":"product_cat-papildai-ilgaamziskumui","8":"product_cat-antioksidantai","9":"product_cat-imunitetui","10":"product_cat-kepenu-detoksas","11":"product_cat-lasteliu-jaunystei","12":"product_cat-nuotaika-ir-stresas","13":"product_cat-oksidacinio-streso-mazinimas","14":"product_cat-smegenims-ir-atminciai","15":"product_cat-uzdegimo-mazinimas","16":"product_cat-virskinimui-ir-detoksui","18":"first","19":"outofstock","20":"shipping-taxable","21":"purchasable","22":"product-type-simple"},"acf":[],"tiered_pricing_type":"fixed","tiered_pricing_fixed_rules":[],"tiered_pricing_product_settings":{"layout":"default","base_unit_name":{"singular":null,"plural":null},"default_variation":null},"tiered_pricing_minimum_quantity":null,"tiered_pricing_roles_data":[],"tiered_pricing_percentage_rules":[],"_links":{"self":[{"href":"https:\/\/purama.lt\/fi\/wp-json\/wp\/v2\/product\/37415","targetHints":{"allow":["GET"]}}],"collection":[{"href":"https:\/\/purama.lt\/fi\/wp-json\/wp\/v2\/product"}],"about":[{"href":"https:\/\/purama.lt\/fi\/wp-json\/wp\/v2\/types\/product"}],"replies":[{"embeddable":true,"href":"https:\/\/purama.lt\/fi\/wp-json\/wp\/v2\/comments?post=37415"}],"wp:featuredmedia":[{"embeddable":true,"href":"https:\/\/purama.lt\/fi\/wp-json\/wp\/v2\/media\/37407"}],"wp:attachment":[{"href":"https:\/\/purama.lt\/fi\/wp-json\/wp\/v2\/media?parent=37415"}],"wp:term":[{"taxonomy":"product_brand","embeddable":true,"href":"https:\/\/purama.lt\/fi\/wp-json\/wp\/v2\/product_brand?post=37415"},{"taxonomy":"product_cat","embeddable":true,"href":"https:\/\/purama.lt\/fi\/wp-json\/wp\/v2\/product_cat?post=37415"},{"taxonomy":"product_tag","embeddable":true,"href":"https:\/\/purama.lt\/fi\/wp-json\/wp\/v2\/product_tag?post=37415"}],"curies":[{"name":"wp","href":"https:\/\/api.w.org\/{rel}","templated":true}]}}