{"id":37414,"date":"2025-07-21T10:00:00","date_gmt":"2025-07-21T10:00:00","guid":{"rendered":"https:\/\/purama.lt\/produktas\/natures-kolagenas-jointcare-su-fortigeliu\/"},"modified":"2026-04-10T07:59:13","modified_gmt":"2026-04-10T05:59:13","slug":"natures-finest-jointcare-collagen","status":"publish","type":"product","link":"https:\/\/purama.lt\/fi\/produktas\/natures-kolagenas-jointcare-su-fortigeliu\/","title":{"rendered":"Nature's Finest Collagen JointCare with fortigel (Luonnon hienoin kollageeni)"},"content":{"rendered":"<p>Etsitk\u00f6 lis\u00e4\u00e4? Katso kaikki <a href=\"\/fi\/tuoteselosteet\/natures-finest\/\">Nature's Finest -valikoima<\/a>.<\/p>","protected":false},"excerpt":{"rendered":"<p>T\u00e4m\u00e4 nivelten terveyden tukemiseen suunniteltu lis\u00e4ravinne sis\u00e4lt\u00e4\u00e4 Fortigel\u00ae-kollageenia, joka auttaa j\u00e4lleenrakentamaan rustokudosta, yll\u00e4pit\u00e4m\u00e4\u00e4n nivelten joustavuutta ja v\u00e4hent\u00e4m\u00e4\u00e4n nivelten j\u00e4ykkyytt\u00e4. Sit\u00e4 suositellaan ihmisille, jotka el\u00e4v\u00e4t aktiivista el\u00e4m\u00e4ntapaa tai jotka k\u00e4rsiv\u00e4t nivelvaivoista.<\/p>\n<p><strong>Miksi valita:<\/strong><br \/>\n\u2714 Patentoidun Fortigel\u00ae-kollageenin kanssa<br \/>\n\u2714 Nivelten ja rustojen terveydelle<br \/>\n\u2714 Voi auttaa v\u00e4hent\u00e4m\u00e4\u00e4n nivelkipua ja tulehdusta.<br \/>\n\u2714 Sopii urheiluun ja vanhuksille<br \/>\n\u2714 K\u00e4tev\u00e4 antotapa<\/p>","protected":false},"featured_media":37405,"comment_status":"open","ping_status":"closed","template":"","meta":{"_acf_changed":false},"product_brand":[441],"product_cat":[260,122,123],"product_tag":[],"class_list":{"0":"post-37414","1":"product","2":"type-product","3":"status-publish","4":"has-post-thumbnail","6":"product_brand-natures-finest","7":"product_cat-energijai-ir-apykaitai","8":"product_cat-lasteliu-jaunystei","9":"product_cat-papildai-ilgaamziskumui","11":"first","12":"outofstock","13":"shipping-taxable","14":"purchasable","15":"product-type-simple"},"acf":[],"tiered_pricing_type":"fixed","tiered_pricing_fixed_rules":[],"tiered_pricing_product_settings":{"layout":"default","base_unit_name":{"singular":null,"plural":null},"default_variation":null},"tiered_pricing_minimum_quantity":null,"tiered_pricing_roles_data":[],"tiered_pricing_percentage_rules":[],"_links":{"self":[{"href":"https:\/\/purama.lt\/fi\/wp-json\/wp\/v2\/product\/37414","targetHints":{"allow":["GET"]}}],"collection":[{"href":"https:\/\/purama.lt\/fi\/wp-json\/wp\/v2\/product"}],"about":[{"href":"https:\/\/purama.lt\/fi\/wp-json\/wp\/v2\/types\/product"}],"replies":[{"embeddable":true,"href":"https:\/\/purama.lt\/fi\/wp-json\/wp\/v2\/comments?post=37414"}],"wp:featuredmedia":[{"embeddable":true,"href":"https:\/\/purama.lt\/fi\/wp-json\/wp\/v2\/media\/37405"}],"wp:attachment":[{"href":"https:\/\/purama.lt\/fi\/wp-json\/wp\/v2\/media?parent=37414"}],"wp:term":[{"taxonomy":"product_brand","embeddable":true,"href":"https:\/\/purama.lt\/fi\/wp-json\/wp\/v2\/product_brand?post=37414"},{"taxonomy":"product_cat","embeddable":true,"href":"https:\/\/purama.lt\/fi\/wp-json\/wp\/v2\/product_cat?post=37414"},{"taxonomy":"product_tag","embeddable":true,"href":"https:\/\/purama.lt\/fi\/wp-json\/wp\/v2\/product_tag?post=37414"}],"curies":[{"name":"wp","href":"https:\/\/api.w.org\/{rel}","templated":true}]}}