{"id":36934,"date":"2025-07-03T13:31:49","date_gmt":"2025-07-03T13:31:49","guid":{"rendered":"https:\/\/purama.lt\/produktas\/purewater-pro-vandenilio-vandens-generatorius\/"},"modified":"2026-04-10T18:14:17","modified_gmt":"2026-04-10T16:14:17","slug":"purewater-pro-vety-veden-generaattori","status":"publish","type":"product","link":"https:\/\/purama.lt\/fi\/produktas\/purewater-pro-vandenilio-vandens-generatorius\/","title":{"rendered":"Purewater Pro molekulaarinen vety vesipullo"},"content":{"rendered":"<p><strong>Kuinka k\u00e4ytt\u00e4\u00e4: <\/strong>Lis\u00e4\u00e4 puhdasta tai suodatettua vett\u00e4 enimm\u00e4ismerkkiin asti. Peit\u00e4 kuppi ja k\u00e4ynnist\u00e4 elektrolyysi virtapainikkeella tai sovelluksen avulla. Painamisen j\u00e4lkeen - 5 min ohjelmassa (2500-3000 ppb) tai 10 min (~4000-5000 ppb). Juo vesi v\u00e4litt\u00f6m\u00e4sti - molekyylivety haihtuu nopeasti. On suositeltavaa huuhdella huolellisesti jokaisen k\u00e4yt\u00f6n j\u00e4lkeen tai suorittaa \"itsepuhdistus\" sitruunalla\/soodalla Mik\u00e4 tekee t\u00e4st\u00e4 tuotteesta ainutlaatuisen? Todistettu molekyylitehokkuus: jopa 500 ppb - korkeampi kuin kilpailijoilla keskim\u00e4\u00e4rin. Painettu ja puhdas estetiikka: korkealaatuiset materiaalit yhdistettyn\u00e4 henkil\u00f6kohtaiseen kaiverrukseen luovat ylellisen vaikutelman. Monipuolinen apuri: olitpa sitten kotona tai liikkeell\u00e4, terveytesi on aina rinnallasi.<br><br>Ominaisuustiedot<br>Malli VST-H2-X1<br>Kapasiteetti 21 ml<br>Materiaalit Borosilikaattilasi, PC-muovi, ruostumaton ter\u00e4s.<br>Galia 4 W<br>Virtal\u00e4hde USB\/paristot<br>Kupin ja sen pakkauksen mitat - 27 \u00d7 10 \u00d7 10 cm; itse kuppi ~ 6 \u00d7 20 cm.<br>Vetypitoisuus ~2500-3000 ppb (5 min), ~4000-5000 ppb (10 min).<br>Elektrolyysimoduuli SPE\/PEM yksikerroksinen + kloorinpoisto<br>Ohjauspainike \/ sovellus<br>Logo ja pakkaus Laserkaiverrus, lahjapakkaus; personointi 100 kpl:sta alkaen.<br>Palvelut Ilmaiset varaosat, vaihto\/palautus, kansainv\u00e4linen palvelu<br><\/p>","protected":false},"excerpt":{"rendered":"<p data-start=\"0\" data-end=\"739\"><b>Purewater Pro molekulaarinen vety\u00e4 sis\u00e4lt\u00e4v\u00e4 juomakone - <\/b>on \u00e4lyk\u00e4s molekulaarisen vedyn (H\u2082) vesijuoma, joka rikastaa tavallista vett\u00e4 liuenneella vedyll\u00e4 elektrolyysin avulla. Integroitu PEM- (protoninvaihtokalvo) ja <strong data-start=\"211\" data-end=\"247\">platinalla p\u00e4\u00e4llystetyt titaanielektrodit<\/strong> auttaa tuottamaan puhdasta H\u2082:ta, ja happi poistuu turvallisesti poistoaukon kautta. 10 ja 20 minuutin jaksot, kosketusn\u00e4ytt\u00f6 ja sovellusyhteys tekev\u00e4t k\u00e4yt\u00f6st\u00e4 helppoa, kun taas kansi <strong data-start=\"448\" data-end=\"477\">paineenrajoitusventtiili<\/strong> mahdollistaa turvallisen avaamisen syklin j\u00e4lkeen. Molekyylivety\u00e4 on tutkittu laajasti sen mahdollisten antioksidanttisten ominaisuuksien vuoksi, mutta tiede on vasta kehittym\u00e4ss\u00e4, joten se on ihanteellinen niille, jotka haluavat modernisoida p\u00e4ivitt\u00e4isen nesteytysrutiininsa ilman monimutkaisia rituaaleja.<\/p>\n<p data-start=\"741\" data-end=\"1107\"><strong data-start=\"741\" data-end=\"764\">Miksi valita<\/strong><br data-start=\"764\" data-end=\"767\" \/><strong data-start=\"767\" data-end=\"773\">\u2714\ufe0f<\/strong> enint\u00e4\u00e4n 8 ppm liuennutta vety\u00e4 20 minuutin jaksossa<br data-start=\"822\" data-end=\"825\" \/><strong data-start=\"825\" data-end=\"831\">\u2714\ufe0f<\/strong> pem-kalvo ja platinalla p\u00e4\u00e4llystetyt titaanielektrodit puhtaaseen h\u2082-tuotantoon<br data-start=\"903\" data-end=\"906\" \/><strong data-start=\"906\" data-end=\"912\">\u2714\ufe0f<\/strong> kosketusn\u00e4ytt\u00f6 ja linkitys echo-sovellukseen<br data-start=\"964\" data-end=\"967\" \/><strong data-start=\"967\" data-end=\"973\">\u2714\ufe0f<\/strong> paineenrajoitusventtiili, joka avautuu turvallisemmin syklin j\u00e4lkeen<br data-start=\"1030\" data-end=\"1033\" \/><strong data-start=\"1033\" data-end=\"1039\">\u2714\ufe0f<\/strong> ppsu-kotelo (ilman bpa:ta) sis\u00e4painesovelluksia varten<\/p>\n<p><strong>\u00a0<\/strong><\/p>","protected":false},"featured_media":36941,"comment_status":"open","ping_status":"closed","template":"","meta":{"_acf_changed":false},"product_brand":[450],"product_cat":[282,500,283],"product_tag":[],"class_list":{"0":"post-36934","1":"product","2":"type-product","3":"status-publish","4":"has-post-thumbnail","6":"product_brand-purewater","7":"product_cat-longevity-prietaisai","8":"product_cat-outlet","9":"product_cat-sveikatingumo-prietaisai","11":"first","12":"instock","13":"sale","14":"shipping-taxable","15":"purchasable","16":"product-type-variable"},"acf":[],"tiered_pricing_type":"fixed","tiered_pricing_fixed_rules":[],"tiered_pricing_product_settings":{"layout":"default","base_unit_name":{"singular":null,"plural":null},"default_variation":null},"tiered_pricing_minimum_quantity":null,"tiered_pricing_roles_data":[],"tiered_pricing_percentage_rules":[],"_links":{"self":[{"href":"https:\/\/purama.lt\/fi\/wp-json\/wp\/v2\/product\/36934","targetHints":{"allow":["GET"]}}],"collection":[{"href":"https:\/\/purama.lt\/fi\/wp-json\/wp\/v2\/product"}],"about":[{"href":"https:\/\/purama.lt\/fi\/wp-json\/wp\/v2\/types\/product"}],"replies":[{"embeddable":true,"href":"https:\/\/purama.lt\/fi\/wp-json\/wp\/v2\/comments?post=36934"}],"wp:featuredmedia":[{"embeddable":true,"href":"https:\/\/purama.lt\/fi\/wp-json\/wp\/v2\/media\/36941"}],"wp:attachment":[{"href":"https:\/\/purama.lt\/fi\/wp-json\/wp\/v2\/media?parent=36934"}],"wp:term":[{"taxonomy":"product_brand","embeddable":true,"href":"https:\/\/purama.lt\/fi\/wp-json\/wp\/v2\/product_brand?post=36934"},{"taxonomy":"product_cat","embeddable":true,"href":"https:\/\/purama.lt\/fi\/wp-json\/wp\/v2\/product_cat?post=36934"},{"taxonomy":"product_tag","embeddable":true,"href":"https:\/\/purama.lt\/fi\/wp-json\/wp\/v2\/product_tag?post=36934"}],"curies":[{"name":"wp","href":"https:\/\/api.w.org\/{rel}","templated":true}]}}