{"id":36933,"date":"2025-07-03T13:31:49","date_gmt":"2025-07-03T13:31:49","guid":{"rendered":"https:\/\/purama.lt\/produktas\/vitalharmony-d3-4000-k2-vitaminas\/"},"modified":"2026-04-14T07:59:16","modified_gmt":"2026-04-14T05:59:16","slug":"vitalharmony-d3-4000-k2-vitamiini","status":"publish","type":"product","link":"https:\/\/purama.lt\/fi\/produktas\/vitalharmony-d3-4000-k2-vitaminas\/","title":{"rendered":"VitalHarmony D3 4000 + K2-vitamiini"},"content":{"rendered":"<p><strong>K\u00e4ytt\u00f6:<\/strong> 1 kapseli p\u00e4iv\u00e4ss\u00e4, mieluiten aterian yhteydess\u00e4.<br>Pakkaus: 90 kapselia.<\/p>","protected":false},"excerpt":{"rendered":"<p>D3-vitamiinin (4000 IU) ja K2-vitamiinin yhdistelm\u00e4 vahvistaa vastustuskyky\u00e4, tukee luuston ja hampaiden terveytt\u00e4 sek\u00e4 syd\u00e4n- ja verisuoniterveytt\u00e4. K2-vitamiini auttaa kalsiumia p\u00e4\u00e4sem\u00e4\u00e4n sinne, miss\u00e4 sit\u00e4 eniten tarvitaan - luihin, ei verisuoniin. <\/p>\n<p><strong>Miksi valita:<br \/><\/strong> \u2714 Suuri annos D3-vitamiinia - jopa 4000 IU<br \/>\u2714 K2-vitamiinia kalsiumin optimaalisen imeytymisen varmistamiseksi.<br \/>\u2714 Tukee immuniteettia, luuston ja syd\u00e4men terveytt\u00e4.<br \/>\u2714 Pitk\u00e4kestoinen pakkaus (3 kuukautta)<\/p>","protected":false},"featured_media":36939,"comment_status":"open","ping_status":"closed","template":"","meta":{"_acf_changed":false},"product_brand":[461],"product_cat":[123,251,253,252,122],"product_tag":[],"class_list":{"0":"post-36933","1":"product","2":"type-product","3":"status-publish","4":"has-post-thumbnail","6":"product_brand-vitalharmony","7":"product_cat-papildai-ilgaamziskumui","8":"product_cat-antioksidantai","9":"product_cat-imuniteto-palaikymas","10":"product_cat-imunitetui","11":"product_cat-lasteliu-jaunystei","13":"first","14":"instock","15":"shipping-taxable","16":"purchasable","17":"product-type-simple"},"acf":[],"tiered_pricing_type":"fixed","tiered_pricing_fixed_rules":[],"tiered_pricing_product_settings":{"layout":"default","base_unit_name":{"singular":null,"plural":null},"default_variation":null},"tiered_pricing_minimum_quantity":null,"tiered_pricing_roles_data":[],"tiered_pricing_percentage_rules":[],"_links":{"self":[{"href":"https:\/\/purama.lt\/fi\/wp-json\/wp\/v2\/product\/36933","targetHints":{"allow":["GET"]}}],"collection":[{"href":"https:\/\/purama.lt\/fi\/wp-json\/wp\/v2\/product"}],"about":[{"href":"https:\/\/purama.lt\/fi\/wp-json\/wp\/v2\/types\/product"}],"replies":[{"embeddable":true,"href":"https:\/\/purama.lt\/fi\/wp-json\/wp\/v2\/comments?post=36933"}],"wp:featuredmedia":[{"embeddable":true,"href":"https:\/\/purama.lt\/fi\/wp-json\/wp\/v2\/media\/36939"}],"wp:attachment":[{"href":"https:\/\/purama.lt\/fi\/wp-json\/wp\/v2\/media?parent=36933"}],"wp:term":[{"taxonomy":"product_brand","embeddable":true,"href":"https:\/\/purama.lt\/fi\/wp-json\/wp\/v2\/product_brand?post=36933"},{"taxonomy":"product_cat","embeddable":true,"href":"https:\/\/purama.lt\/fi\/wp-json\/wp\/v2\/product_cat?post=36933"},{"taxonomy":"product_tag","embeddable":true,"href":"https:\/\/purama.lt\/fi\/wp-json\/wp\/v2\/product_tag?post=36933"}],"curies":[{"name":"wp","href":"https:\/\/api.w.org\/{rel}","templated":true}]}}