{"id":36932,"date":"2025-07-03T13:31:48","date_gmt":"2025-07-03T13:31:48","guid":{"rendered":"https:\/\/purama.lt\/produktas\/vitalharmony-apetito-kontrolei\/"},"modified":"2026-04-20T07:42:15","modified_gmt":"2026-04-20T05:42:15","slug":"vitalharmony-ruokahalun-hallintaan","status":"publish","type":"product","link":"https:\/\/purama.lt\/fi\/produktas\/vitalharmony-apetito-kontrolei\/","title":{"rendered":"VitalHarmony ruokahalun hallintaan"},"content":{"rendered":"<p><strong>K\u00e4ytt\u00f6:<\/strong> 2 kapselia ennen p\u00e4\u00e4ateriaa.<br>Pakkaus: 60 kapselia.<\/p>","protected":false},"excerpt":{"rendered":"<p>Luonnollisia uutteita - Malabar Tamarind, African Mango Seeds ja Gymnema Leaves - sis\u00e4lt\u00e4v\u00e4 ravintolis\u00e4, joka auttaa luonnollisesti v\u00e4hent\u00e4m\u00e4\u00e4n ruokahalua, yll\u00e4pit\u00e4m\u00e4\u00e4n kyll\u00e4isyytt\u00e4 ja helpottamaan ruokavalion noudattamista.<\/p>\n<p><strong>Miksi valita:<br \/><\/strong> \u2714 Luonnollinen apu ruokahalun hallintaan<br \/>\u2714 V\u00e4hent\u00e4\u00e4 makeisten himoa<br \/>\u2714 Tukee stressit\u00f6nt\u00e4 kalorien v\u00e4hent\u00e4mist\u00e4<br \/>\u2714 Suuri valinta painonhallintaan<\/p>","protected":false},"featured_media":41724,"comment_status":"open","ping_status":"closed","template":"","meta":{"_acf_changed":false},"product_brand":[461],"product_cat":[123,260,262],"product_tag":[],"class_list":{"0":"post-36932","1":"product","2":"type-product","3":"status-publish","4":"has-post-thumbnail","6":"product_brand-vitalharmony","7":"product_cat-papildai-ilgaamziskumui","8":"product_cat-energijai-ir-apykaitai","9":"product_cat-medziagu-apykaita","11":"first","12":"instock","13":"shipping-taxable","14":"purchasable","15":"product-type-simple"},"acf":[],"tiered_pricing_type":"fixed","tiered_pricing_fixed_rules":[],"tiered_pricing_product_settings":{"layout":"default","base_unit_name":{"singular":null,"plural":null},"default_variation":null},"tiered_pricing_minimum_quantity":null,"tiered_pricing_roles_data":[],"tiered_pricing_percentage_rules":[],"_links":{"self":[{"href":"https:\/\/purama.lt\/fi\/wp-json\/wp\/v2\/product\/36932","targetHints":{"allow":["GET"]}}],"collection":[{"href":"https:\/\/purama.lt\/fi\/wp-json\/wp\/v2\/product"}],"about":[{"href":"https:\/\/purama.lt\/fi\/wp-json\/wp\/v2\/types\/product"}],"replies":[{"embeddable":true,"href":"https:\/\/purama.lt\/fi\/wp-json\/wp\/v2\/comments?post=36932"}],"wp:featuredmedia":[{"embeddable":true,"href":"https:\/\/purama.lt\/fi\/wp-json\/wp\/v2\/media\/41724"}],"wp:attachment":[{"href":"https:\/\/purama.lt\/fi\/wp-json\/wp\/v2\/media?parent=36932"}],"wp:term":[{"taxonomy":"product_brand","embeddable":true,"href":"https:\/\/purama.lt\/fi\/wp-json\/wp\/v2\/product_brand?post=36932"},{"taxonomy":"product_cat","embeddable":true,"href":"https:\/\/purama.lt\/fi\/wp-json\/wp\/v2\/product_cat?post=36932"},{"taxonomy":"product_tag","embeddable":true,"href":"https:\/\/purama.lt\/fi\/wp-json\/wp\/v2\/product_tag?post=36932"}],"curies":[{"name":"wp","href":"https:\/\/api.w.org\/{rel}","templated":true}]}}