{"id":36931,"date":"2025-07-03T13:31:48","date_gmt":"2025-07-03T13:31:48","guid":{"rendered":"https:\/\/purama.lt\/produktas\/vitalharmony-riebalu-degintojas-pluss\/"},"modified":"2026-04-14T07:59:27","modified_gmt":"2026-04-14T05:59:27","slug":"vitalharmony-rasvanpolttaja-plus","status":"publish","type":"product","link":"https:\/\/purama.lt\/fi\/produktas\/vitalharmony-riebalu-degintojas-pluss\/","title":{"rendered":"VitalHarmony Fat Burner Pluss"},"content":{"rendered":"<p><strong>K\u00e4ytt\u00f6:<\/strong> 2 kapselia p\u00e4iv\u00e4ss\u00e4 - ennen harjoittelua tai aamiaisen yhteydess\u00e4.<br>Pakkaus: 60 kapselia.<\/p>","protected":false},"excerpt":{"rendered":"<p>Tehokkaasti muotoiltu termogeeninen t\u00e4ydennys, jossa on Garcinia cambogia, vihre\u00e4 teeuute, kapsaisiini, kofeiini ja synergistiset ainesosat. Auttaa stimuloimaan aineenvaihduntaa, lis\u00e4\u00e4 energiatasoja ja tukee tehokkaampaa rasvanpolttoa fyysisen aktiivisuuden aikana. <\/p>\n<p><strong>Miksi valita:<br \/><\/strong> \u2714 Vahva kaava, jossa on luonnollisia uutteita<br \/>\u2714 Stimuloi aineenvaihduntaa ja energiantuotantoa<br \/>\u2714 Auttaa polttamaan rasvaa harjoitusten aikana<br \/>\u2714 K\u00e4tev\u00e4 ottaa - vain 2 kapselia p\u00e4iv\u00e4ss\u00e4.<\/p>","protected":false},"featured_media":36940,"comment_status":"open","ping_status":"closed","template":"","meta":{"_acf_changed":false},"product_brand":[461],"product_cat":[123,260,262],"product_tag":[],"class_list":{"0":"post-36931","1":"product","2":"type-product","3":"status-publish","4":"has-post-thumbnail","6":"product_brand-vitalharmony","7":"product_cat-papildai-ilgaamziskumui","8":"product_cat-energijai-ir-apykaitai","9":"product_cat-medziagu-apykaita","11":"first","12":"instock","13":"shipping-taxable","14":"purchasable","15":"product-type-simple"},"acf":[],"tiered_pricing_type":"fixed","tiered_pricing_fixed_rules":[],"tiered_pricing_product_settings":{"layout":"default","base_unit_name":{"singular":null,"plural":null},"default_variation":null},"tiered_pricing_minimum_quantity":null,"tiered_pricing_roles_data":[],"tiered_pricing_percentage_rules":[],"_links":{"self":[{"href":"https:\/\/purama.lt\/fi\/wp-json\/wp\/v2\/product\/36931","targetHints":{"allow":["GET"]}}],"collection":[{"href":"https:\/\/purama.lt\/fi\/wp-json\/wp\/v2\/product"}],"about":[{"href":"https:\/\/purama.lt\/fi\/wp-json\/wp\/v2\/types\/product"}],"replies":[{"embeddable":true,"href":"https:\/\/purama.lt\/fi\/wp-json\/wp\/v2\/comments?post=36931"}],"wp:featuredmedia":[{"embeddable":true,"href":"https:\/\/purama.lt\/fi\/wp-json\/wp\/v2\/media\/36940"}],"wp:attachment":[{"href":"https:\/\/purama.lt\/fi\/wp-json\/wp\/v2\/media?parent=36931"}],"wp:term":[{"taxonomy":"product_brand","embeddable":true,"href":"https:\/\/purama.lt\/fi\/wp-json\/wp\/v2\/product_brand?post=36931"},{"taxonomy":"product_cat","embeddable":true,"href":"https:\/\/purama.lt\/fi\/wp-json\/wp\/v2\/product_cat?post=36931"},{"taxonomy":"product_tag","embeddable":true,"href":"https:\/\/purama.lt\/fi\/wp-json\/wp\/v2\/product_tag?post=36931"}],"curies":[{"name":"wp","href":"https:\/\/api.w.org\/{rel}","templated":true}]}}