{"id":36930,"date":"2025-07-03T13:31:48","date_gmt":"2025-07-03T13:31:48","guid":{"rendered":"https:\/\/purama.lt\/produktas\/vitalharmony-kreatino-monohidratas-tropiniu-vaisiu-skonio\/"},"modified":"2025-11-12T16:55:19","modified_gmt":"2025-11-12T14:55:19","slug":"vitalharmony-kreatiinimonohydraatti-trooppisen-hedelman-makuinen","status":"publish","type":"product","link":"https:\/\/purama.lt\/fi\/produktas\/vitalharmony-kreatino-monohidratas-tropiniu-vaisiu-skonio\/","title":{"rendered":"VitalHarmony Creatine monohydraatti trooppisen hedelm\u00e4n makuinen."},"content":{"rendered":"<p><strong>K\u00e4ytt\u00f6:<\/strong> Liuota 5 g jauhetta ~200 ml:aan vett\u00e4 ja ota kerran p\u00e4iv\u00e4ss\u00e4, ennen tai j\u00e4lkeen harjoittelun.<br>Pakkaus: 200 g (noin 40 annosta).<\/p>","protected":false},"excerpt":{"rendered":"<p>Puhdasta mikronisoitua kreatiinimonohydraattia, jota on rikastettu raikkaalla trooppisen hedelm\u00e4n maulla, niille, jotka etsiv\u00e4t maksimaalista fyysist\u00e4 suorituskyky\u00e4, lihasvoimaa ja tehokkaampaa palautumista harjoittelun j\u00e4lkeen. Kreatiini auttaa lis\u00e4\u00e4m\u00e4\u00e4n lihasten energiavarastoja (ATP), edist\u00e4\u00e4 kest\u00e4vyytt\u00e4 ja parantaa yleist\u00e4 urheilusuoritusta. <strong>Miksi valita:<\/strong> \u2714 Puhdas kreatiinimonohydraatti ilman ep\u00e4puhtauksia \u2714 Trooppisen hedelm\u00e4n maku \u2714 Auttaa rakentamaan lihasmassaa ja lis\u00e4\u00e4m\u00e4\u00e4n voimaa \u2714 Sopii urheilijoille ja fyysisesti aktiivisille ihmisille<\/p>","protected":false},"featured_media":36937,"comment_status":"open","ping_status":"closed","template":"","meta":{"_acf_changed":false},"product_brand":[461],"product_cat":[123,279,280,281],"product_tag":[],"class_list":{"0":"post-36930","1":"product","2":"type-product","3":"status-publish","4":"has-post-thumbnail","6":"product_brand-vitalharmony","7":"product_cat-papildai-ilgaamziskumui","8":"product_cat-kaulams-ir-sanariams","9":"product_cat-kaulu-stiprinimas","10":"product_cat-raumenu-palaikymas","12":"first","13":"outofstock","14":"shipping-taxable","15":"purchasable","16":"product-type-simple"},"acf":[],"tiered_pricing_type":"fixed","tiered_pricing_fixed_rules":[],"tiered_pricing_product_settings":{"layout":"default","base_unit_name":{"singular":null,"plural":null},"default_variation":null},"tiered_pricing_minimum_quantity":null,"tiered_pricing_roles_data":[],"tiered_pricing_percentage_rules":[],"_links":{"self":[{"href":"https:\/\/purama.lt\/fi\/wp-json\/wp\/v2\/product\/36930","targetHints":{"allow":["GET"]}}],"collection":[{"href":"https:\/\/purama.lt\/fi\/wp-json\/wp\/v2\/product"}],"about":[{"href":"https:\/\/purama.lt\/fi\/wp-json\/wp\/v2\/types\/product"}],"replies":[{"embeddable":true,"href":"https:\/\/purama.lt\/fi\/wp-json\/wp\/v2\/comments?post=36930"}],"wp:featuredmedia":[{"embeddable":true,"href":"https:\/\/purama.lt\/fi\/wp-json\/wp\/v2\/media\/36937"}],"wp:attachment":[{"href":"https:\/\/purama.lt\/fi\/wp-json\/wp\/v2\/media?parent=36930"}],"wp:term":[{"taxonomy":"product_brand","embeddable":true,"href":"https:\/\/purama.lt\/fi\/wp-json\/wp\/v2\/product_brand?post=36930"},{"taxonomy":"product_cat","embeddable":true,"href":"https:\/\/purama.lt\/fi\/wp-json\/wp\/v2\/product_cat?post=36930"},{"taxonomy":"product_tag","embeddable":true,"href":"https:\/\/purama.lt\/fi\/wp-json\/wp\/v2\/product_tag?post=36930"}],"curies":[{"name":"wp","href":"https:\/\/api.w.org\/{rel}","templated":true}]}}