{"id":36786,"date":"2025-06-30T09:24:44","date_gmt":"2025-06-30T09:24:44","guid":{"rendered":"https:\/\/purama.lt\/produktas\/kojines-wake-up-pink-sporcks\/"},"modified":"2026-04-03T10:17:46","modified_gmt":"2026-04-03T08:17:46","slug":"kojines-herattaa-vaaleanpunaiset-sporukat","status":"publish","type":"product","link":"https:\/\/purama.lt\/fi\/produktas\/kojines-wake-up-pink-sporcks\/","title":{"rendered":"SPORCKS Wake Up Pink urheilusukat"},"content":{"rendered":"<p>Etsitk\u00f6 lis\u00e4\u00e4? Katso kaikki <a href=\"\/fi\/tuoteselosteet\/sporcks\/\">Sporcks-valikoima<\/a>.<\/p>","protected":false},"excerpt":{"rendered":"<p><strong>SPORCKS Wake Up Pink:<\/strong> tai gyvybingumo ir komforto derinys. \u0160ios hibridin\u0117s kojin\u0117s ne tik puikiai atrodo, bet ir palaiko p\u0117d\u0173 sausum\u0105 bei gaiv\u0105 visos dienos metu. Tinka aktyviai dienai biure, treniruotei ar ilgam pasivaik\u0161\u010diojimui \u2013 su jomis visada esi pasiruo\u0161\u0119s veikti.<\/p>\n<p><strong>Miksi valita:<\/strong><br \/>\n\u2714\ufe0f Hybridimuotoilu: monipuolisuus ilman kompromisseja<br \/>\n\u2714\ufe0f Hengitt\u00e4v\u00e4 kangas: pit\u00e4\u00e4 sinut mukavana koko p\u00e4iv\u00e4n ajan<br \/>\n\u2714\ufe0f Kirkas v\u00e4ri: positiivinen korostus tyylillesi.<br \/>\n\u2714\ufe0f Mukava istuvuus: sopii pitkille tunneille.<br \/>\n\u2714\ufe0f Made in Spain: luotettavuus joka vaiheessa<\/p>","protected":false},"featured_media":36770,"comment_status":"open","ping_status":"closed","template":"","meta":{"_acf_changed":false},"product_brand":[246],"product_cat":[102,57,98],"product_tag":[],"class_list":{"0":"post-36786","1":"product","2":"type-product","3":"status-publish","4":"has-post-thumbnail","6":"product_brand-sporcks","7":"product_cat-kojines","8":"product_cat-akcijos","9":"product_cat-sportui","11":"first","12":"instock","13":"sale","14":"shipping-taxable","15":"purchasable","16":"product-type-variable"},"acf":[],"tiered_pricing_type":"fixed","tiered_pricing_fixed_rules":[],"tiered_pricing_product_settings":{"layout":"default","base_unit_name":{"singular":null,"plural":null},"default_variation":null},"tiered_pricing_minimum_quantity":null,"tiered_pricing_roles_data":[],"tiered_pricing_percentage_rules":[],"_links":{"self":[{"href":"https:\/\/purama.lt\/fi\/wp-json\/wp\/v2\/product\/36786","targetHints":{"allow":["GET"]}}],"collection":[{"href":"https:\/\/purama.lt\/fi\/wp-json\/wp\/v2\/product"}],"about":[{"href":"https:\/\/purama.lt\/fi\/wp-json\/wp\/v2\/types\/product"}],"replies":[{"embeddable":true,"href":"https:\/\/purama.lt\/fi\/wp-json\/wp\/v2\/comments?post=36786"}],"wp:featuredmedia":[{"embeddable":true,"href":"https:\/\/purama.lt\/fi\/wp-json\/wp\/v2\/media\/36770"}],"wp:attachment":[{"href":"https:\/\/purama.lt\/fi\/wp-json\/wp\/v2\/media?parent=36786"}],"wp:term":[{"taxonomy":"product_brand","embeddable":true,"href":"https:\/\/purama.lt\/fi\/wp-json\/wp\/v2\/product_brand?post=36786"},{"taxonomy":"product_cat","embeddable":true,"href":"https:\/\/purama.lt\/fi\/wp-json\/wp\/v2\/product_cat?post=36786"},{"taxonomy":"product_tag","embeddable":true,"href":"https:\/\/purama.lt\/fi\/wp-json\/wp\/v2\/product_tag?post=36786"}],"curies":[{"name":"wp","href":"https:\/\/api.w.org\/{rel}","templated":true}]}}