{"id":36785,"date":"2025-06-30T09:24:44","date_gmt":"2025-06-30T09:24:44","guid":{"rendered":"https:\/\/purama.lt\/produktas\/kojines-kinetic-pink-sporcks\/"},"modified":"2026-04-03T10:17:21","modified_gmt":"2026-04-03T08:17:21","slug":"kojines-kinetic-pink-sporcks","status":"publish","type":"product","link":"https:\/\/purama.lt\/fi\/produktas\/kojines-kinetic-pink-sporcks\/","title":{"rendered":"SPORCKS Kinetic Pink urheilusukat"},"content":{"rendered":"<p>Etsitk\u00f6 lis\u00e4\u00e4? Katso kaikki <a href=\"\/fi\/tuoteselosteet\/sporcks\/\">Sporcks-valikoima<\/a>.<\/p>","protected":false},"excerpt":{"rendered":"<p><strong>SPORCKS Kinetic Pink:<\/strong> Energiset, motivoivat ja eritt\u00e4in toiminnalliset KINETIC PINK -juoksusukat ovat t\u00e4ydellinen yhdistelm\u00e4 teknist\u00e4 suorituskyky\u00e4 ja n\u00e4ytt\u00e4v\u00e4\u00e4 muotoilua. N\u00e4m\u00e4 pitkille matkoille ja nopeisiin vauhtiin suunnitellut sukat tarjoavat vakautta, hengitt\u00e4vyytt\u00e4 ja mukavuutta kaikissa olosuhteissa.<\/p>\n<p><strong>Miksi valita:<\/strong><br \/>\n\u2714\ufe0f Suunniteltu juoksijoille: keveys ja tuki juoksun aikana.<br \/>\n\u2714\ufe0f Kirkkaan vaaleanpunainen muotoilu: erotu radalla.<br \/>\n\u2714\ufe0f Tekniset kankaat: kosteudenhallinta ja ilmanvaihto<br \/>\n\u2714\ufe0f Optimaalinen istuvuus: ei liukumista, ei puristusta.<br \/>\n\u2714\ufe0f Made in Spain: suunniteltu menem\u00e4\u00e4n pidemm\u00e4lle.<\/p>","protected":false},"featured_media":36768,"comment_status":"open","ping_status":"closed","template":"","meta":{"_acf_changed":false},"product_brand":[246],"product_cat":[102,57,98],"product_tag":[],"class_list":{"0":"post-36785","1":"product","2":"type-product","3":"status-publish","4":"has-post-thumbnail","6":"product_brand-sporcks","7":"product_cat-kojines","8":"product_cat-akcijos","9":"product_cat-sportui","11":"first","12":"instock","13":"sale","14":"shipping-taxable","15":"purchasable","16":"product-type-variable"},"acf":[],"tiered_pricing_type":"fixed","tiered_pricing_fixed_rules":[],"tiered_pricing_product_settings":{"layout":"default","base_unit_name":{"singular":null,"plural":null},"default_variation":null},"tiered_pricing_minimum_quantity":null,"tiered_pricing_roles_data":[],"tiered_pricing_percentage_rules":[],"_links":{"self":[{"href":"https:\/\/purama.lt\/fi\/wp-json\/wp\/v2\/product\/36785","targetHints":{"allow":["GET"]}}],"collection":[{"href":"https:\/\/purama.lt\/fi\/wp-json\/wp\/v2\/product"}],"about":[{"href":"https:\/\/purama.lt\/fi\/wp-json\/wp\/v2\/types\/product"}],"replies":[{"embeddable":true,"href":"https:\/\/purama.lt\/fi\/wp-json\/wp\/v2\/comments?post=36785"}],"wp:featuredmedia":[{"embeddable":true,"href":"https:\/\/purama.lt\/fi\/wp-json\/wp\/v2\/media\/36768"}],"wp:attachment":[{"href":"https:\/\/purama.lt\/fi\/wp-json\/wp\/v2\/media?parent=36785"}],"wp:term":[{"taxonomy":"product_brand","embeddable":true,"href":"https:\/\/purama.lt\/fi\/wp-json\/wp\/v2\/product_brand?post=36785"},{"taxonomy":"product_cat","embeddable":true,"href":"https:\/\/purama.lt\/fi\/wp-json\/wp\/v2\/product_cat?post=36785"},{"taxonomy":"product_tag","embeddable":true,"href":"https:\/\/purama.lt\/fi\/wp-json\/wp\/v2\/product_tag?post=36785"}],"curies":[{"name":"wp","href":"https:\/\/api.w.org\/{rel}","templated":true}]}}