{"id":36784,"date":"2025-06-30T09:24:44","date_gmt":"2025-06-30T09:24:44","guid":{"rendered":"https:\/\/purama.lt\/produktas\/kojines-run-mad-2025-sporcks\/"},"modified":"2026-04-03T10:17:14","modified_gmt":"2026-04-03T08:17:14","slug":"kojines-juoksee-hulluna-2025-sporckit","status":"publish","type":"product","link":"https:\/\/purama.lt\/fi\/produktas\/kojines-run-mad-2025-sporcks\/","title":{"rendered":"SPORCKS Run Mad 2025 urheilusukat"},"content":{"rendered":"<p>Etsitk\u00f6 lis\u00e4\u00e4? Katso kaikki <a href=\"\/fi\/tuoteselosteet\/sporcks\/\">Sporcks-valikoima<\/a>.<\/p>","protected":false},"excerpt":{"rendered":"<p><strong>SPORCKS Run Mad 2025:<\/strong> N\u00e4m\u00e4 ovat rajoitetun painoksen sukat, jotka on suunniteltu juoksun erityistilaisuutta varten. Ne sopivat erinomaisesti sek\u00e4 lyhyille ett\u00e4 pitkille matkoille, v\u00e4hent\u00e4v\u00e4t v\u00e4symyst\u00e4 edistyksellisen rakenteensa ansiosta ja innostavat sinua jatkamaan matkaa n\u00e4ytt\u00e4v\u00e4n muotoilunsa ansiosta. Juoksijoille, jotka haluavat olla nopeat, n\u00e4kyv\u00e4t ja itsevarmat.<\/p>\n<p><strong>Miksi valita:<\/strong><br \/>\n\u2714\ufe0f Suunniteltu juoksuun: maksimaalinen tehokkuus jokaisella kilometrill\u00e4.<br \/>\n\u2714\ufe0f Rajoitettu painosmalli: ainutlaatuisuus taattu<br \/>\n\u2714\ufe0f Ergonominen muotoilu: suunniteltu intensiiviseen liikkumiseen.<br \/>\n\u2714\ufe0f Hengitysvy\u00f6hykkeet: viile\u00e4 ja kuiva.<br \/>\n\u2714\ufe0f Made in Spain: muotoilu + toiminta yhdess\u00e4<\/p>","protected":false},"featured_media":36771,"comment_status":"open","ping_status":"closed","template":"","meta":{"_acf_changed":false},"product_brand":[246],"product_cat":[102,57,98],"product_tag":[],"class_list":{"0":"post-36784","1":"product","2":"type-product","3":"status-publish","4":"has-post-thumbnail","6":"product_brand-sporcks","7":"product_cat-kojines","8":"product_cat-akcijos","9":"product_cat-sportui","11":"first","12":"instock","13":"sale","14":"shipping-taxable","15":"purchasable","16":"product-type-variable"},"acf":[],"tiered_pricing_type":"fixed","tiered_pricing_fixed_rules":[],"tiered_pricing_product_settings":{"layout":"default","base_unit_name":{"singular":null,"plural":null},"default_variation":null},"tiered_pricing_minimum_quantity":null,"tiered_pricing_roles_data":[],"tiered_pricing_percentage_rules":[],"_links":{"self":[{"href":"https:\/\/purama.lt\/fi\/wp-json\/wp\/v2\/product\/36784","targetHints":{"allow":["GET"]}}],"collection":[{"href":"https:\/\/purama.lt\/fi\/wp-json\/wp\/v2\/product"}],"about":[{"href":"https:\/\/purama.lt\/fi\/wp-json\/wp\/v2\/types\/product"}],"replies":[{"embeddable":true,"href":"https:\/\/purama.lt\/fi\/wp-json\/wp\/v2\/comments?post=36784"}],"wp:featuredmedia":[{"embeddable":true,"href":"https:\/\/purama.lt\/fi\/wp-json\/wp\/v2\/media\/36771"}],"wp:attachment":[{"href":"https:\/\/purama.lt\/fi\/wp-json\/wp\/v2\/media?parent=36784"}],"wp:term":[{"taxonomy":"product_brand","embeddable":true,"href":"https:\/\/purama.lt\/fi\/wp-json\/wp\/v2\/product_brand?post=36784"},{"taxonomy":"product_cat","embeddable":true,"href":"https:\/\/purama.lt\/fi\/wp-json\/wp\/v2\/product_cat?post=36784"},{"taxonomy":"product_tag","embeddable":true,"href":"https:\/\/purama.lt\/fi\/wp-json\/wp\/v2\/product_tag?post=36784"}],"curies":[{"name":"wp","href":"https:\/\/api.w.org\/{rel}","templated":true}]}}