{"id":36783,"date":"2025-06-30T09:24:44","date_gmt":"2025-06-30T09:24:44","guid":{"rendered":"https:\/\/purama.lt\/produktas\/kojines-wake-up-black-sporcks\/"},"modified":"2026-04-19T19:44:32","modified_gmt":"2026-04-19T17:44:32","slug":"kojines-herattaa-mustat-sporckit","status":"publish","type":"product","link":"https:\/\/purama.lt\/fi\/produktas\/kojines-wake-up-black-sporcks\/","title":{"rendered":"SPORCKS Wake Up Musta urheilusukat"},"content":{"rendered":"<p>Etsitk\u00f6 lis\u00e4\u00e4? Katso kaikki <a href=\"\/fi\/tuoteselosteet\/sporcks\/\">Sporcks-valikoima<\/a>.<\/p>","protected":false},"excerpt":{"rendered":"<p><strong>SPORCKS Wake Up Black:<\/strong> t\u00e4m\u00e4 hybridisukka sopii t\u00e4ydellisesti sek\u00e4 juoksuun ett\u00e4 aktiiviseen arkeen. Musta v\u00e4ri lis\u00e4\u00e4 tyylikkyytt\u00e4 ja tekninen kangas takaa mukavuuden kiireisimpin\u00e4kin p\u00e4ivin\u00e4. Suunniteltu niille, jotka haluavat yhdist\u00e4\u00e4 kaiken - urheilun, tyylin ja laadun.<\/p>\n<p><strong>Miksi valita:<\/strong><br \/>\n\u2714\ufe0f Hybridimuotoilu: k\u00e4tev\u00e4 urheiluun ja matkustamiseen.<br \/>\n\u2714\ufe0f Hengitt\u00e4v\u00e4t materiaalit: suojaa ylikuumenemiselta.<br \/>\n\u2714\ufe0f Mustat klassikot: sopivat mihin tahansa tyyliin<br \/>\n\u2714\ufe0f Pehme\u00e4 istuvuus: istuvuus koko p\u00e4iv\u00e4n<\/p>","protected":false},"featured_media":36773,"comment_status":"open","ping_status":"closed","template":"","meta":{"_acf_changed":false},"product_brand":[246],"product_cat":[102,57,98],"product_tag":[],"class_list":{"0":"post-36783","1":"product","2":"type-product","3":"status-publish","4":"has-post-thumbnail","6":"product_brand-sporcks","7":"product_cat-kojines","8":"product_cat-akcijos","9":"product_cat-sportui","11":"first","12":"instock","13":"sale","14":"shipping-taxable","15":"purchasable","16":"product-type-variable"},"acf":[],"tiered_pricing_type":"fixed","tiered_pricing_fixed_rules":[],"tiered_pricing_product_settings":{"layout":"default","base_unit_name":{"singular":null,"plural":null},"default_variation":null},"tiered_pricing_minimum_quantity":null,"tiered_pricing_roles_data":[],"tiered_pricing_percentage_rules":[],"_links":{"self":[{"href":"https:\/\/purama.lt\/fi\/wp-json\/wp\/v2\/product\/36783","targetHints":{"allow":["GET"]}}],"collection":[{"href":"https:\/\/purama.lt\/fi\/wp-json\/wp\/v2\/product"}],"about":[{"href":"https:\/\/purama.lt\/fi\/wp-json\/wp\/v2\/types\/product"}],"replies":[{"embeddable":true,"href":"https:\/\/purama.lt\/fi\/wp-json\/wp\/v2\/comments?post=36783"}],"wp:featuredmedia":[{"embeddable":true,"href":"https:\/\/purama.lt\/fi\/wp-json\/wp\/v2\/media\/36773"}],"wp:attachment":[{"href":"https:\/\/purama.lt\/fi\/wp-json\/wp\/v2\/media?parent=36783"}],"wp:term":[{"taxonomy":"product_brand","embeddable":true,"href":"https:\/\/purama.lt\/fi\/wp-json\/wp\/v2\/product_brand?post=36783"},{"taxonomy":"product_cat","embeddable":true,"href":"https:\/\/purama.lt\/fi\/wp-json\/wp\/v2\/product_cat?post=36783"},{"taxonomy":"product_tag","embeddable":true,"href":"https:\/\/purama.lt\/fi\/wp-json\/wp\/v2\/product_tag?post=36783"}],"curies":[{"name":"wp","href":"https:\/\/api.w.org\/{rel}","templated":true}]}}