{"id":36782,"date":"2025-06-30T09:24:43","date_gmt":"2025-06-30T09:24:43","guid":{"rendered":"https:\/\/purama.lt\/produktas\/kojines-happy-day-black-sporcks\/"},"modified":"2026-04-11T11:46:19","modified_gmt":"2026-04-11T09:46:19","slug":"happy-day-sukat-musta-sporcks","status":"publish","type":"product","link":"https:\/\/purama.lt\/fi\/produktas\/kojines-happy-day-black-sporcks\/","title":{"rendered":"SPORCKS Happy Day Mustat urheilusukat"},"content":{"rendered":"<p>Etsitk\u00f6 lis\u00e4\u00e4? Katso kaikki <a href=\"\/fi\/tuoteselosteet\/sporcks\/\">Sporcks-valikoima<\/a>.<\/p>","protected":false},"excerpt":{"rendered":"<p><strong>SPORCKS Happy Day Black:<\/strong> b\u0117gimo kojin\u0117s skirtos tiems, kurie nori derinti technin\u012f efektyvum\u0105 su subtiliu stiliumi. Kojin\u0117s pasi\u017eymi kv\u0117puojan\u010diomis zonomis, mink\u0161tu prisilietimu ir optimalia atrama b\u0117gimo metu. Puikiai tinka tiek treniruot\u0117ms, tiek var\u017eyboms.<\/p>\n<p><strong>Miksi valita:<\/strong><br \/>\n\u2714\ufe0f Suunniteltu juoksijoille: luotettava tuki ja keveys<br \/>\n\u2714\ufe0f Hienovarainen muotoilu: musta on aina hyv\u00e4 asia.<br \/>\n\u2714\ufe0f Hengitt\u00e4v\u00e4 kangas: raikas ja kuiva koko harjoittelun ajan.<br \/>\n\u2714\ufe0f Minimalistinen mukavuus: lyhyille ja pitkille matkoille.<br \/>\n\u2714\ufe0f Made in Spain: huomiota yksityiskohtiin<\/p>","protected":false},"featured_media":36767,"comment_status":"open","ping_status":"closed","template":"","meta":{"_acf_changed":false},"product_brand":[246],"product_cat":[102,57,98],"product_tag":[],"class_list":{"0":"post-36782","1":"product","2":"type-product","3":"status-publish","4":"has-post-thumbnail","6":"product_brand-sporcks","7":"product_cat-kojines","8":"product_cat-akcijos","9":"product_cat-sportui","11":"first","12":"instock","13":"sale","14":"shipping-taxable","15":"purchasable","16":"product-type-variable"},"acf":[],"tiered_pricing_type":"fixed","tiered_pricing_fixed_rules":[],"tiered_pricing_product_settings":{"layout":"default","base_unit_name":{"singular":null,"plural":null},"default_variation":null},"tiered_pricing_minimum_quantity":null,"tiered_pricing_roles_data":[],"tiered_pricing_percentage_rules":[],"_links":{"self":[{"href":"https:\/\/purama.lt\/fi\/wp-json\/wp\/v2\/product\/36782","targetHints":{"allow":["GET"]}}],"collection":[{"href":"https:\/\/purama.lt\/fi\/wp-json\/wp\/v2\/product"}],"about":[{"href":"https:\/\/purama.lt\/fi\/wp-json\/wp\/v2\/types\/product"}],"replies":[{"embeddable":true,"href":"https:\/\/purama.lt\/fi\/wp-json\/wp\/v2\/comments?post=36782"}],"wp:featuredmedia":[{"embeddable":true,"href":"https:\/\/purama.lt\/fi\/wp-json\/wp\/v2\/media\/36767"}],"wp:attachment":[{"href":"https:\/\/purama.lt\/fi\/wp-json\/wp\/v2\/media?parent=36782"}],"wp:term":[{"taxonomy":"product_brand","embeddable":true,"href":"https:\/\/purama.lt\/fi\/wp-json\/wp\/v2\/product_brand?post=36782"},{"taxonomy":"product_cat","embeddable":true,"href":"https:\/\/purama.lt\/fi\/wp-json\/wp\/v2\/product_cat?post=36782"},{"taxonomy":"product_tag","embeddable":true,"href":"https:\/\/purama.lt\/fi\/wp-json\/wp\/v2\/product_tag?post=36782"}],"curies":[{"name":"wp","href":"https:\/\/api.w.org\/{rel}","templated":true}]}}