{"id":36781,"date":"2025-06-30T09:24:43","date_gmt":"2025-06-30T09:24:43","guid":{"rendered":"https:\/\/purama.lt\/produktas\/kojines-go-go-go-yellow-sporcks\/"},"modified":"2026-04-12T10:07:17","modified_gmt":"2026-04-12T08:07:17","slug":"kojines-go-go-go-go-keltaiset-sporukat","status":"publish","type":"product","link":"https:\/\/purama.lt\/fi\/produktas\/kojines-go-go-go-yellow-sporcks\/","title":{"rendered":"SPORCKS Go Go Go Go Go keltaiset urheilusukat"},"content":{"rendered":"<p>Etsitk\u00f6 lis\u00e4\u00e4? Katso kaikki <a href=\"\/fi\/tuoteselosteet\/sporcks\/\">Sporcks-valikoima<\/a>.<\/p>","protected":false},"excerpt":{"rendered":"<p><strong>SPORCKS Go Go Go Go keltainen:<\/strong> optimismia ja energiaa jaloillesi. N\u00e4m\u00e4 hybridisukat sopivat t\u00e4ydellisesti kaupungilla liikkumiseen, treenaamiseen tai vain aktiiviseen el\u00e4m\u00e4ntapaan. COOLMAX\u00ae-kangas auttaa pit\u00e4m\u00e4\u00e4n jalkasi kuivina, ja kirkkaan keltaisen v\u00e4rin ansiosta sinua ei voi olla huomaamatta.<\/p>\n<p><strong>Miksi valita:<\/strong><br \/>\n\u2714\ufe0f Rajattomaan liikkumiseen: urheilu ja vapaa-aika<br \/>\n\u2714\ufe0f COOLMAX\u00ae-kangas: hengitt\u00e4v\u00e4 ja nopeasti kuivuva.<br \/>\n\u2714\ufe0f Anatominen istuvuus: maksimaalinen mukavuus<br \/>\n\u2714\ufe0f Silm\u00e4\u00e4npist\u00e4v\u00e4 muotoilu: erottuu tyylill\u00e4<br \/>\n\u2714\ufe0f Made in Spain: luotettavuus joka vaiheessa<\/p>","protected":false},"featured_media":36769,"comment_status":"open","ping_status":"closed","template":"","meta":{"_acf_changed":false},"product_brand":[246],"product_cat":[98,57,102],"product_tag":[],"class_list":{"0":"post-36781","1":"product","2":"type-product","3":"status-publish","4":"has-post-thumbnail","6":"product_brand-sporcks","7":"product_cat-sportui","8":"product_cat-akcijos","9":"product_cat-kojines","11":"first","12":"instock","13":"sale","14":"shipping-taxable","15":"purchasable","16":"product-type-variable"},"acf":[],"tiered_pricing_type":"fixed","tiered_pricing_fixed_rules":[],"tiered_pricing_product_settings":{"layout":"default","base_unit_name":{"singular":null,"plural":null},"default_variation":null},"tiered_pricing_minimum_quantity":null,"tiered_pricing_roles_data":[],"tiered_pricing_percentage_rules":[],"_links":{"self":[{"href":"https:\/\/purama.lt\/fi\/wp-json\/wp\/v2\/product\/36781","targetHints":{"allow":["GET"]}}],"collection":[{"href":"https:\/\/purama.lt\/fi\/wp-json\/wp\/v2\/product"}],"about":[{"href":"https:\/\/purama.lt\/fi\/wp-json\/wp\/v2\/types\/product"}],"replies":[{"embeddable":true,"href":"https:\/\/purama.lt\/fi\/wp-json\/wp\/v2\/comments?post=36781"}],"wp:featuredmedia":[{"embeddable":true,"href":"https:\/\/purama.lt\/fi\/wp-json\/wp\/v2\/media\/36769"}],"wp:attachment":[{"href":"https:\/\/purama.lt\/fi\/wp-json\/wp\/v2\/media?parent=36781"}],"wp:term":[{"taxonomy":"product_brand","embeddable":true,"href":"https:\/\/purama.lt\/fi\/wp-json\/wp\/v2\/product_brand?post=36781"},{"taxonomy":"product_cat","embeddable":true,"href":"https:\/\/purama.lt\/fi\/wp-json\/wp\/v2\/product_cat?post=36781"},{"taxonomy":"product_tag","embeddable":true,"href":"https:\/\/purama.lt\/fi\/wp-json\/wp\/v2\/product_tag?post=36781"}],"curies":[{"name":"wp","href":"https:\/\/api.w.org\/{rel}","templated":true}]}}