{"id":36780,"date":"2025-06-30T09:24:43","date_gmt":"2025-06-30T09:24:43","guid":{"rendered":"https:\/\/purama.lt\/produktas\/kojines-go-go-go-purple-sporcks\/"},"modified":"2026-04-11T10:34:28","modified_gmt":"2026-04-11T08:34:28","slug":"kojines-go-go-go-go-go-purple-sporcks","status":"publish","type":"product","link":"https:\/\/purama.lt\/fi\/produktas\/kojines-go-go-go-purple-sporcks\/","title":{"rendered":"SPORCKS Go Go Go Go Go Purple urheilusukat"},"content":{"rendered":"<p>Etsitk\u00f6 lis\u00e4\u00e4? Katso kaikki <a href=\"\/fi\/tuoteselosteet\/sporcks\/\">Sporcks-valikoima<\/a>.<\/p>","protected":false},"excerpt":{"rendered":"<p><strong>SPORCKS Go Go Go Go violetti<\/strong> - Hybridisukat on suunniteltu niille, jotka ovat jatkuvasti liikkeell\u00e4. Anatomisesti mukautettu muotoilu ja hengitt\u00e4v\u00e4 verkko tekev\u00e4t niist\u00e4 ihanteelliset sek\u00e4 aktiiviseen urheiluun ett\u00e4 jokap\u00e4iv\u00e4iseen k\u00e4ytt\u00f6\u00f6n. Violetti v\u00e4ri antaa rohkeutta ja energiaa - kaikille, jotka eiv\u00e4t pelk\u00e4\u00e4 erottua.<\/p>\n<p><strong>Miksi valita:<\/strong><br \/>\n\u2714\ufe0f Hybrid: monipuolisuus urheiluun ja kaupunkiin<br \/>\n\u2714\ufe0f Hengitt\u00e4v\u00e4 kangas: mukavuutta koko p\u00e4iv\u00e4ksi.<br \/>\n\u2714\ufe0f Elastiset alueet: t\u00e4ydellinen istuvuus jalkaan.<br \/>\n\u2714\ufe0f Rohkea muotoilu: aktiivisen tyylin aksentti<br \/>\n\u2714\ufe0f Made in Spain: tae huippulaadusta.<\/p>","protected":false},"featured_media":36766,"comment_status":"open","ping_status":"closed","template":"","meta":{"_acf_changed":false},"product_brand":[246],"product_cat":[102,57,98],"product_tag":[],"class_list":{"0":"post-36780","1":"product","2":"type-product","3":"status-publish","4":"has-post-thumbnail","6":"product_brand-sporcks","7":"product_cat-kojines","8":"product_cat-akcijos","9":"product_cat-sportui","11":"first","12":"instock","13":"sale","14":"shipping-taxable","15":"purchasable","16":"product-type-variable"},"acf":[],"tiered_pricing_type":"fixed","tiered_pricing_fixed_rules":[],"tiered_pricing_product_settings":{"layout":"default","base_unit_name":{"singular":null,"plural":null},"default_variation":null},"tiered_pricing_minimum_quantity":null,"tiered_pricing_roles_data":[],"tiered_pricing_percentage_rules":[],"_links":{"self":[{"href":"https:\/\/purama.lt\/fi\/wp-json\/wp\/v2\/product\/36780","targetHints":{"allow":["GET"]}}],"collection":[{"href":"https:\/\/purama.lt\/fi\/wp-json\/wp\/v2\/product"}],"about":[{"href":"https:\/\/purama.lt\/fi\/wp-json\/wp\/v2\/types\/product"}],"replies":[{"embeddable":true,"href":"https:\/\/purama.lt\/fi\/wp-json\/wp\/v2\/comments?post=36780"}],"wp:featuredmedia":[{"embeddable":true,"href":"https:\/\/purama.lt\/fi\/wp-json\/wp\/v2\/media\/36766"}],"wp:attachment":[{"href":"https:\/\/purama.lt\/fi\/wp-json\/wp\/v2\/media?parent=36780"}],"wp:term":[{"taxonomy":"product_brand","embeddable":true,"href":"https:\/\/purama.lt\/fi\/wp-json\/wp\/v2\/product_brand?post=36780"},{"taxonomy":"product_cat","embeddable":true,"href":"https:\/\/purama.lt\/fi\/wp-json\/wp\/v2\/product_cat?post=36780"},{"taxonomy":"product_tag","embeddable":true,"href":"https:\/\/purama.lt\/fi\/wp-json\/wp\/v2\/product_tag?post=36780"}],"curies":[{"name":"wp","href":"https:\/\/api.w.org\/{rel}","templated":true}]}}