{"id":36779,"date":"2025-06-30T09:24:43","date_gmt":"2025-06-30T09:24:43","guid":{"rendered":"https:\/\/purama.lt\/produktas\/kojines-amour-toujours-sporcks\/"},"modified":"2026-04-03T10:18:02","modified_gmt":"2026-04-03T08:18:02","slug":"coyines-amour-toujours-sporcks","status":"publish","type":"product","link":"https:\/\/purama.lt\/fi\/produktas\/kojines-amour-toujours-sporcks\/","title":{"rendered":"SPORCKS Amour Toujours urheilusukat"},"content":{"rendered":"<p>Etsitk\u00f6 lis\u00e4\u00e4? Katso kaikki <a href=\"\/fi\/tuoteselosteet\/sporcks\/\">Sporcks-valikoima<\/a>.<\/p>","protected":false},"excerpt":{"rendered":"<p><strong>SPORKKI Amour Toujours<\/strong> - Juoksusukat erottuvat paitsi ilmeikk\u00e4\u00e4n muotoilunsa my\u00f6s toiminnallisuutensa ansiosta. N\u00e4m\u00e4 SPORCKS-sukat on suunniteltu liikkumista varten - ne mukautuvat jalkater\u00e4n muotoon, antavat ihon hengitt\u00e4\u00e4 ja auttavat est\u00e4m\u00e4\u00e4n ylikuumenemisen jopa intensiivisen liikunnan aikana. \u00c4lykk\u00e4\u00e4sti suunnitellut kankaat takaavat pehme\u00e4n tuntuman ja optimaalisen kosteudenhallinnan.<\/p>\n<p><strong>Miksi valita:<\/strong><br \/>\n\u2714\ufe0f Suunniteltu juoksuun: keveys, suojaus ja vakaus.<br \/>\n\u2714\ufe0f Eksklusiivinen muotoilu: tunteita joka k\u00e4\u00e4nteess\u00e4<br \/>\n\u2714\ufe0f Hengitt\u00e4v\u00e4 kangas: mukavuutta ja raikkautta koko harjoittelun ajan.<br \/>\n\u2714\ufe0f Pehme\u00e4 kosketus: t\u00e4ydellinen herkille jaloille<br \/>\n\u2714\ufe0f Elastiset alueet: t\u00e4ydellinen istuvuus jalkaan.<br \/>\n\u2714\ufe0f Made in Spain: moitteeton laatu ja estetiikka.<\/p>","protected":false},"featured_media":36772,"comment_status":"open","ping_status":"closed","template":"","meta":{"_acf_changed":false},"product_brand":[246],"product_cat":[98,57,102],"product_tag":[],"class_list":{"0":"post-36779","1":"product","2":"type-product","3":"status-publish","4":"has-post-thumbnail","6":"product_brand-sporcks","7":"product_cat-sportui","8":"product_cat-akcijos","9":"product_cat-kojines","11":"first","12":"instock","13":"sale","14":"shipping-taxable","15":"purchasable","16":"product-type-variable"},"acf":[],"tiered_pricing_type":"fixed","tiered_pricing_fixed_rules":[],"tiered_pricing_product_settings":{"layout":"default","base_unit_name":{"singular":null,"plural":null},"default_variation":null},"tiered_pricing_minimum_quantity":null,"tiered_pricing_roles_data":[],"tiered_pricing_percentage_rules":[],"_links":{"self":[{"href":"https:\/\/purama.lt\/fi\/wp-json\/wp\/v2\/product\/36779","targetHints":{"allow":["GET"]}}],"collection":[{"href":"https:\/\/purama.lt\/fi\/wp-json\/wp\/v2\/product"}],"about":[{"href":"https:\/\/purama.lt\/fi\/wp-json\/wp\/v2\/types\/product"}],"replies":[{"embeddable":true,"href":"https:\/\/purama.lt\/fi\/wp-json\/wp\/v2\/comments?post=36779"}],"wp:featuredmedia":[{"embeddable":true,"href":"https:\/\/purama.lt\/fi\/wp-json\/wp\/v2\/media\/36772"}],"wp:attachment":[{"href":"https:\/\/purama.lt\/fi\/wp-json\/wp\/v2\/media?parent=36779"}],"wp:term":[{"taxonomy":"product_brand","embeddable":true,"href":"https:\/\/purama.lt\/fi\/wp-json\/wp\/v2\/product_brand?post=36779"},{"taxonomy":"product_cat","embeddable":true,"href":"https:\/\/purama.lt\/fi\/wp-json\/wp\/v2\/product_cat?post=36779"},{"taxonomy":"product_tag","embeddable":true,"href":"https:\/\/purama.lt\/fi\/wp-json\/wp\/v2\/product_tag?post=36779"}],"curies":[{"name":"wp","href":"https:\/\/api.w.org\/{rel}","templated":true}]}}