{"id":36778,"date":"2025-06-30T09:24:43","date_gmt":"2025-06-30T09:24:43","guid":{"rendered":"https:\/\/purama.lt\/produktas\/kojines-legend-white-sporcks\/"},"modified":"2026-04-03T10:17:55","modified_gmt":"2026-04-03T08:17:55","slug":"kojines-legenda-valkoiset-urheilukengat","status":"publish","type":"product","link":"https:\/\/purama.lt\/fi\/produktas\/kojines-legend-white-sporcks\/","title":{"rendered":"SPORCKS Legend Valkoiset urheilusukat"},"content":{"rendered":"<p>Etsitk\u00f6 lis\u00e4\u00e4? Katso kaikki <a href=\"\/fi\/tuoteselosteet\/sporcks\/\">Sporcks-valikoima<\/a>.<\/p>","protected":false},"excerpt":{"rendered":"<p><strong>SPORCKS Legenda Valkoinen<\/strong>\u00a0- on klassinen valkoinen juoksusukka, jossa yhdistyv\u00e4t tekninen suorituskyky ja tyylik\u00e4s muotoilu. N\u00e4m\u00e4 SPORCKS-sukat on suunniteltu intensiiviseen urheiluun: ne auttavat pit\u00e4m\u00e4\u00e4n jalkasi kuivina, viilein\u00e4 ja suojattuina kitkalta. Vahvistetut vy\u00f6hykkeet kantap\u00e4\u00e4n ja varpaiden ymp\u00e4rill\u00e4 takaavat kest\u00e4vyyden ja mukavuuden pitkienkin treenien aikana.<\/p>\n<p><strong>Miksi valita:<\/strong><br \/>\n\u2714\ufe0f Suunniteltu juoksuun: tukea, hengitt\u00e4vyytt\u00e4 ja mukavuutta liikkeell\u00e4 ollessaan.<br \/>\n\u2714\ufe0f Tekniset kankaat: tehokas kosteuden poisto<br \/>\n\u2714\ufe0f Minimalistinen muotoilu: tyylik\u00e4s mill\u00e4 tahansa radalla.<br \/>\n\u2714\ufe0f Vahvistetut alueet: lis\u00e4suojaa ja kest\u00e4vyytt\u00e4.<br \/>\n\u2714\ufe0f Sopii pitkille matkoille: ei rakkuloita tai ep\u00e4mukavuutta.<br \/>\n\u2714\ufe0f Made in Spain: laatuun voi luottaa.<\/p>","protected":false},"featured_media":36775,"comment_status":"open","ping_status":"closed","template":"","meta":{"_acf_changed":false},"product_brand":[246],"product_cat":[98,57,102],"product_tag":[],"class_list":{"0":"post-36778","1":"product","2":"type-product","3":"status-publish","4":"has-post-thumbnail","6":"product_brand-sporcks","7":"product_cat-sportui","8":"product_cat-akcijos","9":"product_cat-kojines","11":"first","12":"instock","13":"sale","14":"shipping-taxable","15":"purchasable","16":"product-type-variable"},"acf":[],"tiered_pricing_type":"fixed","tiered_pricing_fixed_rules":[],"tiered_pricing_product_settings":{"layout":"default","base_unit_name":{"singular":null,"plural":null},"default_variation":null},"tiered_pricing_minimum_quantity":null,"tiered_pricing_roles_data":[],"tiered_pricing_percentage_rules":[],"_links":{"self":[{"href":"https:\/\/purama.lt\/fi\/wp-json\/wp\/v2\/product\/36778","targetHints":{"allow":["GET"]}}],"collection":[{"href":"https:\/\/purama.lt\/fi\/wp-json\/wp\/v2\/product"}],"about":[{"href":"https:\/\/purama.lt\/fi\/wp-json\/wp\/v2\/types\/product"}],"replies":[{"embeddable":true,"href":"https:\/\/purama.lt\/fi\/wp-json\/wp\/v2\/comments?post=36778"}],"wp:featuredmedia":[{"embeddable":true,"href":"https:\/\/purama.lt\/fi\/wp-json\/wp\/v2\/media\/36775"}],"wp:attachment":[{"href":"https:\/\/purama.lt\/fi\/wp-json\/wp\/v2\/media?parent=36778"}],"wp:term":[{"taxonomy":"product_brand","embeddable":true,"href":"https:\/\/purama.lt\/fi\/wp-json\/wp\/v2\/product_brand?post=36778"},{"taxonomy":"product_cat","embeddable":true,"href":"https:\/\/purama.lt\/fi\/wp-json\/wp\/v2\/product_cat?post=36778"},{"taxonomy":"product_tag","embeddable":true,"href":"https:\/\/purama.lt\/fi\/wp-json\/wp\/v2\/product_tag?post=36778"}],"curies":[{"name":"wp","href":"https:\/\/api.w.org\/{rel}","templated":true}]}}