{"id":36777,"date":"2025-06-30T09:24:43","date_gmt":"2025-06-30T09:24:43","guid":{"rendered":"https:\/\/purama.lt\/produktas\/kojines-wake-up-blue-sporcks\/"},"modified":"2026-04-11T13:12:42","modified_gmt":"2026-04-11T11:12:42","slug":"kojines-herattaa-siniset-sporukat","status":"publish","type":"product","link":"https:\/\/purama.lt\/fi\/produktas\/kojines-wake-up-blue-sporcks\/","title":{"rendered":"SPORCKS Wake Up Blue urheilusukat"},"content":{"rendered":"<p>Etsitk\u00f6 lis\u00e4\u00e4? Katso kaikki <a href=\"\/fi\/tuoteselosteet\/sporcks\/\">Sporcks-valikoima<\/a>.<\/p>","protected":false},"excerpt":{"rendered":"<p><strong>SPORCKS Wake Up Blue<\/strong> - Hybridisukat on suunniteltu niille, jotka haluavat pysy\u00e4 kaikessa mukana, olipa kyse sitten aktiivisuudesta tai tyylikk\u00e4\u00e4st\u00e4 ulkon\u00e4\u00f6st\u00e4. N\u00e4m\u00e4 SPORCKS-sukat takaavat mukavuuden monenlaisissa aktiviteeteissa juoksemisesta jokap\u00e4iv\u00e4iseen pukeutumiseen. Integroitu kompressiotuki auttaa v\u00e4hent\u00e4m\u00e4\u00e4n v\u00e4symyst\u00e4, kun taas hengitt\u00e4v\u00e4 verkko pit\u00e4\u00e4 sinut raikkaana koko p\u00e4iv\u00e4n. Tyylik\u00e4s sininen muotoilu on silmiinpist\u00e4v\u00e4 aksentti liikkumisrytmiisi.<\/p>\n<p><strong>Miksi valita:<\/strong><br \/>\n\u2714\ufe0f Hybridimalli: sopii sek\u00e4 urheiluun ett\u00e4 arkiel\u00e4m\u00e4\u00e4n.<br \/>\n\u2714\ufe0f Anatominen tuki: mukavuutta ja vakautta koko liikkeen ajan.<br \/>\n\u2714\ufe0f Hengitt\u00e4v\u00e4 verkko: pit\u00e4\u00e4 jalat raikkaina.<br \/>\n\u2714\ufe0f Tyylik\u00e4s muotoilu: moderni ja erottuva ilme.<br \/>\n\u2714\ufe0f Suunniteltu aktiivisille ihmisille: mukavuutta ilman kompromisseja.<br \/>\n\u2714\ufe0f Made in Spain: laatuun voi luottaa.<\/p>","protected":false},"featured_media":36774,"comment_status":"open","ping_status":"closed","template":"","meta":{"_acf_changed":false},"product_brand":[246],"product_cat":[98,57,102],"product_tag":[],"class_list":{"0":"post-36777","1":"product","2":"type-product","3":"status-publish","4":"has-post-thumbnail","6":"product_brand-sporcks","7":"product_cat-sportui","8":"product_cat-akcijos","9":"product_cat-kojines","11":"first","12":"instock","13":"sale","14":"shipping-taxable","15":"purchasable","16":"product-type-variable"},"acf":[],"tiered_pricing_type":"fixed","tiered_pricing_fixed_rules":[],"tiered_pricing_product_settings":{"layout":"default","base_unit_name":{"singular":null,"plural":null},"default_variation":null},"tiered_pricing_minimum_quantity":null,"tiered_pricing_roles_data":[],"tiered_pricing_percentage_rules":[],"_links":{"self":[{"href":"https:\/\/purama.lt\/fi\/wp-json\/wp\/v2\/product\/36777","targetHints":{"allow":["GET"]}}],"collection":[{"href":"https:\/\/purama.lt\/fi\/wp-json\/wp\/v2\/product"}],"about":[{"href":"https:\/\/purama.lt\/fi\/wp-json\/wp\/v2\/types\/product"}],"replies":[{"embeddable":true,"href":"https:\/\/purama.lt\/fi\/wp-json\/wp\/v2\/comments?post=36777"}],"wp:featuredmedia":[{"embeddable":true,"href":"https:\/\/purama.lt\/fi\/wp-json\/wp\/v2\/media\/36774"}],"wp:attachment":[{"href":"https:\/\/purama.lt\/fi\/wp-json\/wp\/v2\/media?parent=36777"}],"wp:term":[{"taxonomy":"product_brand","embeddable":true,"href":"https:\/\/purama.lt\/fi\/wp-json\/wp\/v2\/product_brand?post=36777"},{"taxonomy":"product_cat","embeddable":true,"href":"https:\/\/purama.lt\/fi\/wp-json\/wp\/v2\/product_cat?post=36777"},{"taxonomy":"product_tag","embeddable":true,"href":"https:\/\/purama.lt\/fi\/wp-json\/wp\/v2\/product_tag?post=36777"}],"curies":[{"name":"wp","href":"https:\/\/api.w.org\/{rel}","templated":true}]}}