{"id":36652,"date":"2025-06-27T06:42:10","date_gmt":"2025-06-27T06:42:10","guid":{"rendered":"https:\/\/purama.lt\/produktas\/tempur-ypatingoji-apsikabinimu-pagalvele\/"},"modified":"2026-02-27T09:42:49","modified_gmt":"2026-02-27T07:42:49","slug":"tempur-erityinen-halaus-tyyny","status":"publish","type":"product","link":"https:\/\/purama.lt\/fi\/produktas\/tempur-ypatingoji-apsikabinimu-pagalvele\/","title":{"rendered":"TEMPUR Special hug -tyyny"},"content":{"rendered":"","protected":false},"excerpt":{"rendered":"<p>Ainutlaatuinen TEMPUR HUG -tyyny on suunniteltu luomaan uudelleen halailun tunne. Se mukautuu vartalon muotoon, jolloin voit tuntea olosi turvalliseksi ja rauhalliseksi. Ihanteellinen nukkumisen lis\u00e4ksi my\u00f6s sohvalla rentoutumiseen tai meditointiin.<\/p>\n<p><strong>Miksi valita:<\/strong><br \/>\n\u2714 Halauksen tunne - emotionaalinen lohtu<br \/>\n\u2714 TEMPUR-materiaali mukautuu kehoonsa<br \/>\n\u2714 Sopii nukkumiseen, rentoutumiseen tai terapiaan<br \/>\n\u2714 Eritt\u00e4in pehme\u00e4 ja kodikas<br \/>\n\u2714 Auttaa sinua rentoutumaan stressaavan p\u00e4iv\u00e4n j\u00e4lkeen<\/p>","protected":false},"featured_media":36653,"comment_status":"open","ping_status":"closed","template":"","meta":{"_acf_changed":false},"product_brand":[459],"product_cat":[61],"product_tag":[],"class_list":{"0":"post-36652","1":"product","2":"type-product","3":"status-publish","4":"has-post-thumbnail","6":"product_brand-tempur","7":"product_cat-ramybei","9":"first","10":"instock","11":"shipping-taxable","12":"purchasable","13":"product-type-simple"},"acf":[],"tiered_pricing_type":"fixed","tiered_pricing_fixed_rules":[],"tiered_pricing_product_settings":{"layout":"default","base_unit_name":{"singular":null,"plural":null},"default_variation":null},"tiered_pricing_minimum_quantity":null,"tiered_pricing_roles_data":[],"tiered_pricing_percentage_rules":[],"_links":{"self":[{"href":"https:\/\/purama.lt\/fi\/wp-json\/wp\/v2\/product\/36652","targetHints":{"allow":["GET"]}}],"collection":[{"href":"https:\/\/purama.lt\/fi\/wp-json\/wp\/v2\/product"}],"about":[{"href":"https:\/\/purama.lt\/fi\/wp-json\/wp\/v2\/types\/product"}],"replies":[{"embeddable":true,"href":"https:\/\/purama.lt\/fi\/wp-json\/wp\/v2\/comments?post=36652"}],"wp:featuredmedia":[{"embeddable":true,"href":"https:\/\/purama.lt\/fi\/wp-json\/wp\/v2\/media\/36653"}],"wp:attachment":[{"href":"https:\/\/purama.lt\/fi\/wp-json\/wp\/v2\/media?parent=36652"}],"wp:term":[{"taxonomy":"product_brand","embeddable":true,"href":"https:\/\/purama.lt\/fi\/wp-json\/wp\/v2\/product_brand?post=36652"},{"taxonomy":"product_cat","embeddable":true,"href":"https:\/\/purama.lt\/fi\/wp-json\/wp\/v2\/product_cat?post=36652"},{"taxonomy":"product_tag","embeddable":true,"href":"https:\/\/purama.lt\/fi\/wp-json\/wp\/v2\/product_tag?post=36652"}],"curies":[{"name":"wp","href":"https:\/\/api.w.org\/{rel}","templated":true}]}}