{"id":36651,"date":"2025-06-27T06:42:10","date_gmt":"2025-06-27T06:42:10","guid":{"rendered":"https:\/\/purama.lt\/produktas\/tempur-comfort-pure-clean-pagalve\/"},"modified":"2026-03-18T13:55:50","modified_gmt":"2026-03-18T11:55:50","slug":"tempur-comfort-puhdas-puhdas-tyyny","status":"publish","type":"product","link":"https:\/\/purama.lt\/fi\/produktas\/tempur-comfort-pure-clean-pagalve\/","title":{"rendered":"TEMPUR Comfort Pure Clean -tyyny"},"content":{"rendered":"","protected":false},"excerpt":{"rendered":"<p>TEMPUR Comfort Pure Clean on mukavuutta ja hygieniaa yhdess\u00e4. Jokap\u00e4iv\u00e4iseen k\u00e4ytt\u00f6\u00f6n suunniteltu tyyny, joka tarjoaa mukavuutta ja raikkautta. Pest\u00e4v\u00e4n p\u00e4\u00e4llisen ja TEMPUR-materiaalin ansiosta voit nauttia poikkeuksellisesta mukautuvuudesta ja puhtaudesta.<\/p>\n<p><strong>Miksi valita:<\/strong><br \/>\n\u2714 Puhtauden tunne joka ilta<br \/>\n\u2714 Pest\u00e4v\u00e4 kansi - helppo hoito<br \/>\n\u2714 TEMPUR-materiaali takaa mukavuuden<br \/>\n\u2714 Universaali muotoilu kaikkiin nukkumisasentoihin<br \/>\n\u2714 Pitk\u00e4kestoinen ja muodon kest\u00e4v\u00e4<\/p>","protected":false},"featured_media":36654,"comment_status":"open","ping_status":"closed","template":"","meta":{"_acf_changed":false},"product_brand":[459],"product_cat":[61],"product_tag":[],"class_list":{"0":"post-36651","1":"product","2":"type-product","3":"status-publish","4":"has-post-thumbnail","6":"product_brand-tempur","7":"product_cat-ramybei","9":"first","10":"instock","11":"shipping-taxable","12":"purchasable","13":"product-type-variable"},"acf":[],"tiered_pricing_type":"fixed","tiered_pricing_fixed_rules":[],"tiered_pricing_product_settings":{"layout":"default","base_unit_name":{"singular":null,"plural":null},"default_variation":null},"tiered_pricing_minimum_quantity":null,"tiered_pricing_roles_data":[],"tiered_pricing_percentage_rules":[],"_links":{"self":[{"href":"https:\/\/purama.lt\/fi\/wp-json\/wp\/v2\/product\/36651","targetHints":{"allow":["GET"]}}],"collection":[{"href":"https:\/\/purama.lt\/fi\/wp-json\/wp\/v2\/product"}],"about":[{"href":"https:\/\/purama.lt\/fi\/wp-json\/wp\/v2\/types\/product"}],"replies":[{"embeddable":true,"href":"https:\/\/purama.lt\/fi\/wp-json\/wp\/v2\/comments?post=36651"}],"wp:featuredmedia":[{"embeddable":true,"href":"https:\/\/purama.lt\/fi\/wp-json\/wp\/v2\/media\/36654"}],"wp:attachment":[{"href":"https:\/\/purama.lt\/fi\/wp-json\/wp\/v2\/media?parent=36651"}],"wp:term":[{"taxonomy":"product_brand","embeddable":true,"href":"https:\/\/purama.lt\/fi\/wp-json\/wp\/v2\/product_brand?post=36651"},{"taxonomy":"product_cat","embeddable":true,"href":"https:\/\/purama.lt\/fi\/wp-json\/wp\/v2\/product_cat?post=36651"},{"taxonomy":"product_tag","embeddable":true,"href":"https:\/\/purama.lt\/fi\/wp-json\/wp\/v2\/product_tag?post=36651"}],"curies":[{"name":"wp","href":"https:\/\/api.w.org\/{rel}","templated":true}]}}