{"id":36650,"date":"2025-06-27T06:42:10","date_gmt":"2025-06-27T06:42:10","guid":{"rendered":"https:\/\/purama.lt\/produktas\/silko-pagalve-100\/"},"modified":"2025-06-27T12:35:19","modified_gmt":"2025-06-27T12:35:19","slug":"silkkityyny-100","status":"publish","type":"product","link":"https:\/\/purama.lt\/fi\/produktas\/silko-pagalve-100\/","title":{"rendered":"Silkkityyny 100%"},"content":{"rendered":"","protected":false},"excerpt":{"rendered":"<p>Natural Silk Pillow on eleganssia, pehmeytt\u00e4 ja ihonhoitoa yhdess\u00e4. Hypoallergeeninen ja hengitt\u00e4v\u00e4 tyyny sopii erinomaisesti herk\u00e4lle iholle ja auttaa ehk\u00e4isem\u00e4\u00e4n hiusten katkeilua ja ryppyj\u00e4 unen aikana.<\/p>\n<p><strong>Miksi valita:<\/strong><br \/>\n\u2714 100% luonnon mulperisilkki<br \/>\n\u2714 Sile\u00e4 iho ja terveet hiukset<br \/>\n\u2714 Sopii herk\u00e4lle iholle ja allergikoille.<br \/>\n\u2714 Ylellinen ja kest\u00e4v\u00e4<br \/>\n\u2714 Viilent\u00e4v\u00e4 vaikutus kuumina \u00f6in\u00e4<\/p>","protected":false},"featured_media":36658,"comment_status":"open","ping_status":"closed","template":"","meta":{"_acf_changed":false},"product_brand":[],"product_cat":[61],"product_tag":[],"class_list":{"0":"post-36650","1":"product","2":"type-product","3":"status-publish","4":"has-post-thumbnail","6":"product_cat-ramybei","8":"first","9":"instock","10":"shipping-taxable","11":"purchasable","12":"product-type-simple"},"acf":[],"tiered_pricing_type":"fixed","tiered_pricing_fixed_rules":[],"tiered_pricing_product_settings":{"layout":"default","base_unit_name":{"singular":null,"plural":null},"default_variation":null},"tiered_pricing_minimum_quantity":null,"tiered_pricing_roles_data":[],"tiered_pricing_percentage_rules":[],"_links":{"self":[{"href":"https:\/\/purama.lt\/fi\/wp-json\/wp\/v2\/product\/36650","targetHints":{"allow":["GET"]}}],"collection":[{"href":"https:\/\/purama.lt\/fi\/wp-json\/wp\/v2\/product"}],"about":[{"href":"https:\/\/purama.lt\/fi\/wp-json\/wp\/v2\/types\/product"}],"replies":[{"embeddable":true,"href":"https:\/\/purama.lt\/fi\/wp-json\/wp\/v2\/comments?post=36650"}],"wp:featuredmedia":[{"embeddable":true,"href":"https:\/\/purama.lt\/fi\/wp-json\/wp\/v2\/media\/36658"}],"wp:attachment":[{"href":"https:\/\/purama.lt\/fi\/wp-json\/wp\/v2\/media?parent=36650"}],"wp:term":[{"taxonomy":"product_brand","embeddable":true,"href":"https:\/\/purama.lt\/fi\/wp-json\/wp\/v2\/product_brand?post=36650"},{"taxonomy":"product_cat","embeddable":true,"href":"https:\/\/purama.lt\/fi\/wp-json\/wp\/v2\/product_cat?post=36650"},{"taxonomy":"product_tag","embeddable":true,"href":"https:\/\/purama.lt\/fi\/wp-json\/wp\/v2\/product_tag?post=36650"}],"curies":[{"name":"wp","href":"https:\/\/api.w.org\/{rel}","templated":true}]}}