{"id":36637,"date":"2025-06-26T15:27:14","date_gmt":"2025-06-26T15:27:14","guid":{"rendered":"https:\/\/purama.lt\/produktas\/medicube-age-r-jauninantis-veido-serumas-su-glutationu\/"},"modified":"2026-04-10T13:03:31","modified_gmt":"2026-04-10T11:03:31","slug":"medicube-age-r-nuorentava-kasvoseerumi-glutationia-sisaltaen","status":"publish","type":"product","link":"https:\/\/purama.lt\/fi\/produktas\/medicube-age-r-jauninantis-veido-serumas-su-glutationu\/","title":{"rendered":"Medicube AGE-R Glutathione Glow Serum nuorentava kasvoseerumi"},"content":{"rendered":"","protected":false},"excerpt":{"rendered":"<p><strong>Medicube AGE-R Glutathione Glow Serum:<\/strong> Eritt\u00e4in tiivis kasvoseerumi, joka sis\u00e4lt\u00e4\u00e4 glutationia, joka tunnetaan voimakkaista antioksidanttiominaisuuksistaan ja auttaa hidastamaan ik\u00e4\u00e4ntymisen merkkej\u00e4, v\u00e4hent\u00e4m\u00e4\u00e4n ryppyj\u00e4 ja palauttamaan ihon luonnollisen s\u00e4teilyn. Niasiiniamidilla ja peptideill\u00e4 t\u00e4ydennetty seerumi parantaa ihon kimmoisuutta, vahvistaa suojabarrieria ja edist\u00e4\u00e4 uudistumista. Kevyt koostumus imeytyy nopeasti ja sopii sek\u00e4 aamu- ett\u00e4 iltak\u00e4ytt\u00f6\u00f6n.<\/p>\n<p><strong>Miksi valita:<\/strong><br \/>\n\u2714\ufe0f Glutationi torjuu vapaita radikaaleja ja ehk\u00e4isee ihon ik\u00e4\u00e4ntymist\u00e4.<br \/>\n\u2714\ufe0f Niasiiniamidi tasoittaa ihon s\u00e4vy\u00e4 ja vahvistaa ihosulkua.<br \/>\n\u2714\ufe0f Peptidit edist\u00e4v\u00e4t ihon uudistumista ja kimmoisuutta.<br \/>\n\u2714\ufe0f Sopii kaikille ihotyypeille, my\u00f6s herk\u00e4lle iholle.<br \/>\n\u2714\ufe0f Yhdistyy hyvin muihin ihonhoitotuotteisiin.<\/p>","protected":false},"featured_media":36629,"comment_status":"open","ping_status":"closed","template":"","meta":{"_acf_changed":false},"product_brand":[438],"product_cat":[92,500,56,59],"product_tag":[],"class_list":{"0":"post-36637","1":"product","2":"type-product","3":"status-publish","4":"has-post-thumbnail","6":"product_brand-medicube","7":"product_cat-groziui","8":"product_cat-outlet","9":"product_cat-veido-serumai","10":"product_cat-veidui","12":"first","13":"instock","14":"sale","15":"shipping-taxable","16":"purchasable","17":"product-type-simple"},"acf":[],"tiered_pricing_type":"fixed","tiered_pricing_fixed_rules":[],"tiered_pricing_product_settings":{"layout":"default","base_unit_name":{"singular":null,"plural":null},"default_variation":null},"tiered_pricing_minimum_quantity":null,"tiered_pricing_roles_data":[],"tiered_pricing_percentage_rules":[],"_links":{"self":[{"href":"https:\/\/purama.lt\/fi\/wp-json\/wp\/v2\/product\/36637","targetHints":{"allow":["GET"]}}],"collection":[{"href":"https:\/\/purama.lt\/fi\/wp-json\/wp\/v2\/product"}],"about":[{"href":"https:\/\/purama.lt\/fi\/wp-json\/wp\/v2\/types\/product"}],"replies":[{"embeddable":true,"href":"https:\/\/purama.lt\/fi\/wp-json\/wp\/v2\/comments?post=36637"}],"wp:featuredmedia":[{"embeddable":true,"href":"https:\/\/purama.lt\/fi\/wp-json\/wp\/v2\/media\/36629"}],"wp:attachment":[{"href":"https:\/\/purama.lt\/fi\/wp-json\/wp\/v2\/media?parent=36637"}],"wp:term":[{"taxonomy":"product_brand","embeddable":true,"href":"https:\/\/purama.lt\/fi\/wp-json\/wp\/v2\/product_brand?post=36637"},{"taxonomy":"product_cat","embeddable":true,"href":"https:\/\/purama.lt\/fi\/wp-json\/wp\/v2\/product_cat?post=36637"},{"taxonomy":"product_tag","embeddable":true,"href":"https:\/\/purama.lt\/fi\/wp-json\/wp\/v2\/product_tag?post=36637"}],"curies":[{"name":"wp","href":"https:\/\/api.w.org\/{rel}","templated":true}]}}