{"id":36342,"date":"2025-06-19T18:24:23","date_gmt":"2025-06-19T18:24:23","guid":{"rendered":"https:\/\/purama.lt\/?post_type=product&#038;p=36342"},"modified":"2025-06-20T07:45:50","modified_gmt":"2025-06-20T07:45:50","slug":"oura-ring-4-alykas-voide","status":"publish","type":"product","link":"https:\/\/purama.lt\/fi\/produktas\/oura-ring-4-ismanusis-ziedas\/","title":{"rendered":"Oura Ring 4 Smart Ring"},"content":{"rendered":"<p>Pitk\u00e4 akun kesto ja vedenkest\u00e4vyys. Jopa 7 p\u00e4iv\u00e4\u00e4 ilman latausta ja vedenkest\u00e4v\u00e4 - voit k\u00e4ytt\u00e4\u00e4 sit\u00e4 suihkussa, kuntosalilla tai jopa uidessasi.<\/p>","protected":false},"excerpt":{"rendered":"<p>Oura Ring 4 on seuraavan sukupolven \u00e4lysormus, joka on suunniteltu tarkkailemaan tarkasti ja huomaamattomasti terveytt\u00e4si sek\u00e4 fyysisi\u00e4 ja emotionaalisia terveysindikaattoreita ymp\u00e4ri vuorokauden. Sen minimalistinen muotoilu ja edistykselliset anturit tekev\u00e4t t\u00e4st\u00e4 9-kokoisesta, kullanv\u00e4risest\u00e4 sormuksesta paitsi tyylikk\u00e4\u00e4n asusteen, my\u00f6s markkinoiden \u00e4lykk\u00e4imm\u00e4n puettavan terveysseurantalaitteen.Mit\u00e4 Oura Ring 4 tekee?<br \/>\nUnianalyysi - Ring seuraa yksityiskohtaisesti kaikkia unijaksoja - syv\u00e4\u00e4, kevytt\u00e4 ja REM-unta - ja antaa arvion unen laadusta sek\u00e4 neuvoja parhaista nukkumaanmeno- ja her\u00e4\u00e4misajoista.  Sykkeen seuranta -<br \/>\nSe tallentaa sykett\u00e4si ymp\u00e4ri vuorokauden levossa, y\u00f6ll\u00e4 ja liikunnan aikana. Tarjoaa sykevaihtelulukemia (HRV), joiden avulla voit arvioida stressitasoja ja palautumista.  Hengitystaajuus -<br \/>\nUnen aikana teht\u00e4vien mittausten avulla voit havaita mahdolliset muutokset tai h\u00e4iri\u00f6t hengityksess\u00e4.  Ruumiinl\u00e4mm\u00f6n vaihtelut - Oura Ring havaitsee pienetkin l\u00e4mp\u00f6tilan muutokset, jotka voivat olla merkki tulehdusprosesseista, sairauden puhkeamisesta tai jopa ovulaatiosta. Aktiivisuuden seuranta - Se seuraa p\u00e4ivitt\u00e4ist\u00e4 aktiivisuuttasi, askelia, poltettuja kaloreita, liikuntaa ja antaa sinulle henkil\u00f6kohtaisia tavoitteita ja suosituksia siit\u00e4, milloin sinun tulisi liikkua tai lev\u00e4t\u00e4. Valmiuspisteytys - Rengas antaa unta, sykett\u00e4, aktiivisuutta ja l\u00e4mp\u00f6tilaa koskevien tietojen avulla kokonaisarvion kehosi valmiudesta joka aamu - se auttaa sinua p\u00e4\u00e4tt\u00e4m\u00e4\u00e4n, kannattaako sinun harjoittaa kovaa vai keskitty\u00e4 lepoon. Stressin seuranta- ja meditaatio-ominaisuudet - Integroidut hengitys- ja mindfulness-istunnot auttavat v\u00e4hent\u00e4m\u00e4\u00e4n p\u00e4ivitt\u00e4ist\u00e4 stressi\u00e4 ja parantamaan henkist\u00e4 hyvinvointia.<\/p>\n<p><strong>Miksi valita Oura Ring 4?<\/strong><br \/>\n\u2714 \u00c4lyk\u00e4s kokonaisvaltainen terveydentilan seuranta 24\/7<br \/>\n\u2714 Mukava, kevyt ja tyylik\u00e4s muotoilu<br \/>\n\u2714 Tarkat biometriset tiedot ja yksil\u00f6lliset suositukset<br \/>\n\u2714 Kultainen malli - tyylik\u00e4s valinta sek\u00e4 miehille ett\u00e4 naisille.<br \/>\n\u2714 Synkronointi Ouran mobiilisovelluksen kanssa (iOS\/Android)<\/p>","protected":false},"featured_media":36341,"comment_status":"open","ping_status":"closed","template":"","meta":{"_acf_changed":false},"product_brand":[],"product_cat":[282,283],"product_tag":[],"class_list":{"0":"post-36342","1":"product","2":"type-product","3":"status-publish","4":"has-post-thumbnail","6":"product_cat-longevity-prietaisai","7":"product_cat-sveikatingumo-prietaisai","9":"first","10":"instock","11":"shipping-taxable","12":"purchasable","13":"product-type-variable"},"acf":[],"tiered_pricing_type":"fixed","tiered_pricing_fixed_rules":[],"tiered_pricing_product_settings":{"layout":"default","base_unit_name":{"singular":null,"plural":null},"default_variation":null},"tiered_pricing_minimum_quantity":null,"tiered_pricing_roles_data":[],"tiered_pricing_percentage_rules":[],"_links":{"self":[{"href":"https:\/\/purama.lt\/fi\/wp-json\/wp\/v2\/product\/36342","targetHints":{"allow":["GET"]}}],"collection":[{"href":"https:\/\/purama.lt\/fi\/wp-json\/wp\/v2\/product"}],"about":[{"href":"https:\/\/purama.lt\/fi\/wp-json\/wp\/v2\/types\/product"}],"replies":[{"embeddable":true,"href":"https:\/\/purama.lt\/fi\/wp-json\/wp\/v2\/comments?post=36342"}],"wp:featuredmedia":[{"embeddable":true,"href":"https:\/\/purama.lt\/fi\/wp-json\/wp\/v2\/media\/36341"}],"wp:attachment":[{"href":"https:\/\/purama.lt\/fi\/wp-json\/wp\/v2\/media?parent=36342"}],"wp:term":[{"taxonomy":"product_brand","embeddable":true,"href":"https:\/\/purama.lt\/fi\/wp-json\/wp\/v2\/product_brand?post=36342"},{"taxonomy":"product_cat","embeddable":true,"href":"https:\/\/purama.lt\/fi\/wp-json\/wp\/v2\/product_cat?post=36342"},{"taxonomy":"product_tag","embeddable":true,"href":"https:\/\/purama.lt\/fi\/wp-json\/wp\/v2\/product_tag?post=36342"}],"curies":[{"name":"wp","href":"https:\/\/api.w.org\/{rel}","templated":true}]}}