{"id":36232,"date":"2025-06-18T06:31:55","date_gmt":"2025-06-18T06:31:55","guid":{"rendered":"https:\/\/purama.lt\/produktas\/orgazmo-energija-moterims\/"},"modified":"2026-04-13T16:50:22","modified_gmt":"2026-04-13T14:50:22","slug":"orgasmin-energia-naisille","status":"publish","type":"product","link":"https:\/\/purama.lt\/fi\/produktas\/orgazmo-energija-moterims\/","title":{"rendered":"MEDICA GROUP Orgasm Power Orgasmi energia naisille"},"content":{"rendered":"<p><strong>Kulutus (perustuu valmistajan tietoihin):<\/strong><\/p>\n\n\n\n<p>Ota 1 annos (10 ml) p\u00e4iv\u00e4ss\u00e4, mieluiten noin 30 minuuttia ennen yhdynt\u00e4\u00e4.<br>Ravista hyvin ennen k\u00e4ytt\u00f6\u00e4.<br>\u00c4l\u00e4 ylit\u00e4 suositeltua vuorokausiannosta.<\/p>\n\n\n\n<p><strong>T\u00e4rke\u00e4\u00e4:<\/strong><br>Ei saa antaa lapsille, raskaana oleville tai imett\u00e4ville naisille.<br>L\u00e4\u00e4kityst\u00e4 (erityisesti diabetesta) k\u00e4ytt\u00e4vien henkil\u00f6iden on neuvoteltava l\u00e4\u00e4k\u00e4rin kanssa ennen k\u00e4ytt\u00f6\u00e4.<br>Ei suositella henkil\u00f6ille, joilla on maha- tai pohjukaissuolihaava ja syd\u00e4n- ja verisuonisairaudet (mukaan lukien valtimoverenpainetauti).<\/p>\n\n\n\n<p><strong>Ainesosat<\/strong>:<\/p>\n\n\n\n<p>vesi, magnesiumsitraatti, l-arginiini, beeta-alaniini, punajuurimehutiiviste, guaranauute, joka on standardoitu 10% kofeiiniin, sitruunahappo, kirsikka-aromi, maca-uute 16:1, ginseng-uute 16:1, sinkkiglukonaatti, natriumsakkariini, b3-vitamiini (niasiini), kaliumsorbaatti, natriumbentsoaatti, maltodekstriini, b6-vitamiini (pyridoksiinihydrokloridi).<\/p>\n\n\n\n<p><\/p>","protected":false},"excerpt":{"rendered":"<p><strong>MEDICA GROUP Orgasm Power Orgasmin energia naisille,<\/strong> 100% on luonnollinen juoma, joka on suunniteltu erityisesti naisille, jotka haluavat parantaa seksuaalista halua ja lis\u00e4t\u00e4 tyydytyst\u00e4. Sen mieto koostumus imeytyy nopeasti ja auttaa lis\u00e4\u00e4m\u00e4\u00e4n intohimoa, parantamaan tuntemuksia ja edist\u00e4m\u00e4\u00e4n emotionaalista ja fyysist\u00e4 nautintoa. Kaavan luonnolliset ainesosat auttavat sinua rentoutumaan ja vahvistamaan yhteytt\u00e4 itseesi ja kumppaniin. <strong>Miksi valita:<\/strong> \u2714\ufe0f Ei keinotekoisia lis\u00e4aineita tai v\u00e4riaineita \u2714\ufe0f Helppo ja miellytt\u00e4v\u00e4 juoda - nopeasti vaikuttava \u2714\ufe0f Luonnolliset ainesosat lis\u00e4\u00e4v\u00e4t libidoa ja lievitt\u00e4v\u00e4t stressi\u00e4 \u2714\ufe0f Laadukkaasti testattu - turvallinen k\u00e4ytt\u00e4\u00e4 p\u00e4ivitt\u00e4in.<\/p>","protected":false},"featured_media":36189,"comment_status":"open","ping_status":"closed","template":"","meta":{"_acf_changed":false},"product_brand":[406],"product_cat":[276,57,278],"product_tag":[],"class_list":{"0":"post-36232","1":"product","2":"type-product","3":"status-publish","4":"has-post-thumbnail","6":"product_brand-medica-group","7":"product_cat-seksualinei-sveikatai","8":"product_cat-akcijos","9":"product_cat-moterims","11":"first","12":"instock","13":"sale","14":"shipping-taxable","15":"purchasable","16":"product-type-simple"},"acf":[],"tiered_pricing_type":"fixed","tiered_pricing_fixed_rules":[],"tiered_pricing_product_settings":{"layout":"default","base_unit_name":{"singular":null,"plural":null},"default_variation":null},"tiered_pricing_minimum_quantity":null,"tiered_pricing_roles_data":[],"tiered_pricing_percentage_rules":[],"_links":{"self":[{"href":"https:\/\/purama.lt\/fi\/wp-json\/wp\/v2\/product\/36232","targetHints":{"allow":["GET"]}}],"collection":[{"href":"https:\/\/purama.lt\/fi\/wp-json\/wp\/v2\/product"}],"about":[{"href":"https:\/\/purama.lt\/fi\/wp-json\/wp\/v2\/types\/product"}],"replies":[{"embeddable":true,"href":"https:\/\/purama.lt\/fi\/wp-json\/wp\/v2\/comments?post=36232"}],"wp:featuredmedia":[{"embeddable":true,"href":"https:\/\/purama.lt\/fi\/wp-json\/wp\/v2\/media\/36189"}],"wp:attachment":[{"href":"https:\/\/purama.lt\/fi\/wp-json\/wp\/v2\/media?parent=36232"}],"wp:term":[{"taxonomy":"product_brand","embeddable":true,"href":"https:\/\/purama.lt\/fi\/wp-json\/wp\/v2\/product_brand?post=36232"},{"taxonomy":"product_cat","embeddable":true,"href":"https:\/\/purama.lt\/fi\/wp-json\/wp\/v2\/product_cat?post=36232"},{"taxonomy":"product_tag","embeddable":true,"href":"https:\/\/purama.lt\/fi\/wp-json\/wp\/v2\/product_tag?post=36232"}],"curies":[{"name":"wp","href":"https:\/\/api.w.org\/{rel}","templated":true}]}}