{"id":36231,"date":"2025-06-18T06:31:54","date_gmt":"2025-06-18T06:31:54","guid":{"rendered":"https:\/\/purama.lt\/produktas\/orgazmo-energija-vyrams\/"},"modified":"2026-04-13T16:50:24","modified_gmt":"2026-04-13T14:50:24","slug":"orgasminen-energia-miehille","status":"publish","type":"product","link":"https:\/\/purama.lt\/fi\/produktas\/orgazmo-energija-vyrams\/","title":{"rendered":"MEDICA GROUP Orgasm Power Orgasmi Energia miehille"},"content":{"rendered":"","protected":false},"excerpt":{"rendered":"<p><strong>MEDICA GROUP Orgasm Power Orgasm Power,<\/strong> on ainutlaatuinen, 100% luonnollinen juoma, joka on suunniteltu parantamaan miesten seksuaalista toimintaa ja lis\u00e4\u00e4m\u00e4\u00e4n tyytyv\u00e4isyytt\u00e4. Sen mieto, helposti juotava kaava imeytyy nopeasti ja auttaa parantamaan erektioita, lis\u00e4\u00e4m\u00e4\u00e4n libidoa ja parantamaan yleist\u00e4 miespotentiaalia. Kaavan luonnolliset ainesosat stimuloivat verenkiertoa ja lis\u00e4\u00e4v\u00e4t tyydytyksen tunnetta.<\/p>\n<p><strong>Miksi valita:<\/strong><br \/>\n\u2714\ufe0f Ilman keinotekoisia lis\u00e4aineita ja s\u00e4il\u00f6nt\u00e4aineita.<br \/>\n\u2714\ufe0f Helppo ja nopea oppia - k\u00e4ytt\u00e4j\u00e4yst\u00e4v\u00e4llinen<br \/>\n\u2714\ufe0f Luonnolliset ainesosat lis\u00e4\u00e4v\u00e4t tehoa ja v\u00e4hent\u00e4v\u00e4t v\u00e4symyst\u00e4.<br \/>\n\u2714\ufe0f Todistettu laatu ja turvallisuus - sopii jokaiselle miehelle.<\/p>","protected":false},"featured_media":36187,"comment_status":"open","ping_status":"closed","template":"","meta":{"_acf_changed":true},"product_brand":[406],"product_cat":[276,57,277],"product_tag":[],"class_list":{"0":"post-36231","1":"product","2":"type-product","3":"status-publish","4":"has-post-thumbnail","6":"product_brand-medica-group","7":"product_cat-seksualinei-sveikatai","8":"product_cat-akcijos","9":"product_cat-vyrams","11":"first","12":"instock","13":"sale","14":"shipping-taxable","15":"purchasable","16":"product-type-simple"},"acf":[],"tiered_pricing_type":"fixed","tiered_pricing_fixed_rules":[],"tiered_pricing_product_settings":{"layout":"default","base_unit_name":{"singular":null,"plural":null},"default_variation":null},"tiered_pricing_minimum_quantity":null,"tiered_pricing_roles_data":[],"tiered_pricing_percentage_rules":[],"_links":{"self":[{"href":"https:\/\/purama.lt\/fi\/wp-json\/wp\/v2\/product\/36231","targetHints":{"allow":["GET"]}}],"collection":[{"href":"https:\/\/purama.lt\/fi\/wp-json\/wp\/v2\/product"}],"about":[{"href":"https:\/\/purama.lt\/fi\/wp-json\/wp\/v2\/types\/product"}],"replies":[{"embeddable":true,"href":"https:\/\/purama.lt\/fi\/wp-json\/wp\/v2\/comments?post=36231"}],"wp:featuredmedia":[{"embeddable":true,"href":"https:\/\/purama.lt\/fi\/wp-json\/wp\/v2\/media\/36187"}],"wp:attachment":[{"href":"https:\/\/purama.lt\/fi\/wp-json\/wp\/v2\/media?parent=36231"}],"wp:term":[{"taxonomy":"product_brand","embeddable":true,"href":"https:\/\/purama.lt\/fi\/wp-json\/wp\/v2\/product_brand?post=36231"},{"taxonomy":"product_cat","embeddable":true,"href":"https:\/\/purama.lt\/fi\/wp-json\/wp\/v2\/product_cat?post=36231"},{"taxonomy":"product_tag","embeddable":true,"href":"https:\/\/purama.lt\/fi\/wp-json\/wp\/v2\/product_tag?post=36231"}],"curies":[{"name":"wp","href":"https:\/\/api.w.org\/{rel}","templated":true}]}}