{"id":36230,"date":"2025-06-18T06:31:54","date_gmt":"2025-06-18T06:31:54","guid":{"rendered":"https:\/\/purama.lt\/produktas\/sveikatos-bukles-testas\/"},"modified":"2025-06-18T12:18:30","modified_gmt":"2025-06-18T12:18:30","slug":"terveydentilatesti","status":"publish","type":"product","link":"https:\/\/purama.lt\/fi\/produktas\/sveikatos-bukles-testas\/","title":{"rendered":"Terveydentilatesti"},"content":{"rendered":"","protected":false},"excerpt":{"rendered":"<p>TruHealth on kattava metabolomitutkimus, jossa arvioidaan yli 110 biomarkkeria, jotka liittyv\u00e4t solujen terveyteen, aineenvaihduntaan ja pitk\u00e4aikaiseen terveyden yll\u00e4pitoon.<\/p>\n<p>Tutkimuksessa analysoidaan kvantitatiivisesti:<\/p>\n<p>V\u00e4ltt\u00e4m\u00e4tt\u00f6m\u00e4t hivenaineet (vitamiinit, kivenn\u00e4isaineet);<\/p>\n<p>Antioksidanttiset yhdisteet;<\/p>\n<p>Omega-rasvahappo;<\/p>\n<p>Aminohappoprofiilit;<\/p>\n<p>Ymp\u00e4rist\u00f6myrkyt;<\/p>\n<p>Tulehduksen merkkiaineet, oksidatiivinen stressi;<\/p>\n<p>Neurokognitiiviset parametrit.<\/p>\n<p>TruHealth arvioi solujen toimintaa systeemibiologisen l\u00e4hestymistavan avulla, sill\u00e4 se on joukko toisiinsa kytkeytyvi\u00e4 prosesseja, jotka liittyv\u00e4t pitk\u00e4ik\u00e4isyyteen, immuunij\u00e4rjestelm\u00e4n toimivuuteen, neurologiseen toimintaan ja aineenvaihdunnan tehokkuuteen.<\/p>\n<p>Ainutlaatuisuus:<br \/>\nTutkimuksessa k\u00e4ytet\u00e4\u00e4n omaa analyysimenetelm\u00e4\u00e4, jonka avulla:<br \/>\n\u2714\ufe0f Puutteiden ja ep\u00e4tasapainon tarkka tunnistaminen solutasolla;<br \/>\n\u2714\ufe0f Kehitet\u00e4\u00e4n yksil\u00f6llisi\u00e4 toimenpiteit\u00e4 tiettyjen biomarkkeritulosten perusteella;<br \/>\n\u2714\ufe0f Optimoi ravitsemus, v\u00e4henn\u00e4 myrkkyj\u00e4, paranna unta ja s\u00e4\u00e4dell\u00e4 aineenvaihduntaa.<\/p>\n<p>TruHealth on ratkaisu niille, jotka etsiv\u00e4t j\u00e4rjestelm\u00e4llist\u00e4 ja syv\u00e4llist\u00e4 l\u00e4hestymistapaa terveyden optimointiin ja pitk\u00e4n aikav\u00e4lin kest\u00e4vyyden yll\u00e4pit\u00e4miseen. Tarvittava n\u00e4yte:<\/p>\n<p>Kuivattu veripisara<\/p>\n<p>Keskim\u00e4\u00e4r\u00e4inen k\u00e4sittelyaika:<\/p>\n<p>21 \u00b15 p\u00e4iv\u00e4\u00e4<\/p>","protected":false},"featured_media":36176,"comment_status":"open","ping_status":"closed","template":"","meta":{"_acf_changed":false},"product_brand":[],"product_cat":[97,75],"product_tag":[],"class_list":{"0":"post-36230","1":"product","2":"type-product","3":"status-publish","4":"has-post-thumbnail","6":"product_cat-tyrimai","7":"product_cat-sveikatos-testai","9":"first","10":"instock","11":"shipping-taxable","12":"purchasable","13":"product-type-simple"},"acf":[],"tiered_pricing_type":"fixed","tiered_pricing_fixed_rules":[],"tiered_pricing_product_settings":{"layout":"default","base_unit_name":{"singular":null,"plural":null},"default_variation":null},"tiered_pricing_minimum_quantity":null,"tiered_pricing_roles_data":[],"tiered_pricing_percentage_rules":[],"_links":{"self":[{"href":"https:\/\/purama.lt\/fi\/wp-json\/wp\/v2\/product\/36230","targetHints":{"allow":["GET"]}}],"collection":[{"href":"https:\/\/purama.lt\/fi\/wp-json\/wp\/v2\/product"}],"about":[{"href":"https:\/\/purama.lt\/fi\/wp-json\/wp\/v2\/types\/product"}],"replies":[{"embeddable":true,"href":"https:\/\/purama.lt\/fi\/wp-json\/wp\/v2\/comments?post=36230"}],"wp:featuredmedia":[{"embeddable":true,"href":"https:\/\/purama.lt\/fi\/wp-json\/wp\/v2\/media\/36176"}],"wp:attachment":[{"href":"https:\/\/purama.lt\/fi\/wp-json\/wp\/v2\/media?parent=36230"}],"wp:term":[{"taxonomy":"product_brand","embeddable":true,"href":"https:\/\/purama.lt\/fi\/wp-json\/wp\/v2\/product_brand?post=36230"},{"taxonomy":"product_cat","embeddable":true,"href":"https:\/\/purama.lt\/fi\/wp-json\/wp\/v2\/product_cat?post=36230"},{"taxonomy":"product_tag","embeddable":true,"href":"https:\/\/purama.lt\/fi\/wp-json\/wp\/v2\/product_tag?post=36230"}],"curies":[{"name":"wp","href":"https:\/\/api.w.org\/{rel}","templated":true}]}}