{"id":36229,"date":"2025-06-18T06:31:54","date_gmt":"2025-06-18T06:31:54","guid":{"rendered":"https:\/\/purama.lt\/produktas\/tikrasis-biologinis-amzius\/"},"modified":"2025-06-18T12:24:34","modified_gmt":"2025-06-18T12:24:34","slug":"todellinen-biologinen-ika","status":"publish","type":"product","link":"https:\/\/purama.lt\/fi\/produktas\/tikrasis-biologinis-amzius\/","title":{"rendered":"Todellinen biologinen ik\u00e4"},"content":{"rendered":"<p>T\u00e4m\u00e4 testi auttaa vastaamaan biologista ik\u00e4\u00e4ntymist\u00e4 koskeviin keskeisiin kysymyksiin:<br>Passissani lukee, ett\u00e4 olen _ vuotta vanha, mutta kuinka vanha kehoni on biologisesti katsottuna?<\/p>\n\n\n\n<p>Mik\u00e4 on riskini sairastua ik\u00e4\u00e4ntymiseen liittyviin sairauksiin?<\/p>\n\n\n\n<p>Suorituskyvyn ja kunnon biomarkkereita tarkastelemalla - kuinka vanha olen fyysisesti?<\/p>\n\n\n\n<p>Mik\u00e4 on immuunisolujeni pitoisuus ja miten se vaikuttaa biologiseen ik\u00e4\u00e4ni?<\/p>\n\n\n\n<p>Kuinka monta vuotta kehoni oikeastaan vanhenee yhdess\u00e4 kalenterivuodessa?<\/p>\n\n\n\n<p>Mik\u00e4 on telomeerieni pituus ja mit\u00e4 se kertoo solujeni ik\u00e4\u00e4ntymisest\u00e4?<\/p>\n\n\n\n<p>Miten alkoholink\u00e4ytt\u00f6 vaikuttaa DNA:n ilmentymiseen ja ik\u00e4\u00e4ntymisprosesseihin?<\/p>\n\n\n\n<p>Ennustaako epigeneettinen ilmentym\u00e4ni painonpudotuksen onnistumista kalorien saantia v\u00e4hent\u00e4m\u00e4ll\u00e4?<\/p>\n\n\n\n<p>Miten elinik\u00e4inen altistumiseni tupakoinnille on vaikuttanut geeniekspressiooni ja ik\u00e4\u00e4ntymiseeni?<\/p>\n\n\n\n<p>Mit\u00e4 voin tehd\u00e4 parantaakseni ik\u00e4\u00e4ntymisen biologisia indikaattoreita?<\/p>","protected":false},"excerpt":{"rendered":"<p>TruAge Complete Collection on kattavin saatavilla oleva epigeneettinen ik\u00e4\u00e4ntymism\u00e4\u00e4ritys, joka tarjoaa laajan valikoiman ik\u00e4\u00e4ntymisalgoritmeja ja biomarkkerianalyysej\u00e4. Testi tarjoaa syv\u00e4llisen, monitasoisen biologisen ik\u00e4\u00e4ntymisen arvioinnin, joka perustuu yli 75 epigeneettiseen ja molekulaariseen merkkiaineeseen.<\/p>\n<p>Tutkimuksessa k\u00e4ytet\u00e4\u00e4n kehittynytt\u00e4 OMICm Age -algoritmia, joka on kehitetty yhteisty\u00f6ss\u00e4 Harvard Medical Schoolin Brigham and Women's Hospitalin tutkijoiden kanssa. Algoritmi analysoi miljoonia DNA:n metylaatiokohtia tarkan biologisen i\u00e4n m\u00e4\u00e4ritt\u00e4miseksi ja ik\u00e4\u00e4n liittyvien sairauksien riskin arvioimiseksi.<\/p>\n<p>T\u00e4m\u00e4 raportti sis\u00e4lt\u00e4\u00e4:<br \/>\nOMICm biologinen ik\u00e4<\/p>\n<p>Ik\u00e4\u00e4n liittyvien sairauksien ja komplikaatioiden riski<\/p>\n<p>Proteiinien, metaboliittien ja kliinisten merkkiaineiden metylaatioriskipisteet (epigeneettiset biomarkkerit).<\/p>\n<p>DunedinPACE Ageing Speed Index<\/p>\n<p>Immunosenessenssin m\u00e4\u00e4r\u00e4 ja muut immuunitoiminnan ja kroonisen tulehduksen parametrit.<\/p>\n<p>Telomeerin pituus<\/p>\n<p>Tyypin 2 diabeteksen ja tulehdussairauksien epigeneettinen riski<\/p>\n<p>Mitoosikello kantasolujen jakautumisen voimakkuuden mittaamiseen<\/p>\n<p>OMICm FitAge - epigeneettisesti laskettu \u201efyysinen ik\u00e4\u201c.\u201c<\/p>\n<p>Tupakointiin ja alkoholink\u00e4ytt\u00f6\u00f6n liittyv\u00e4t epigeneettiset riskit<\/p>\n<p>Epigeneettinen vaste laihdutusstrategioihin<\/p>\n<p>Sis\u00e4inen ja ulkoinen ik\u00e4<\/p>\n<p>SYMPHONYAge - yhdistetty ik\u00e4indikaattori, jossa yhdistet\u00e4\u00e4n erilaisia biomarkkereita.<\/p>\n<p>Lis\u00e4ksi raportin avulla voit mallintaa, miten ik\u00e4\u00e4ntymiseen liittyvien sairauksien riski muuttuisi, jos biologinen ik\u00e4si laskisi tai nousisi yhdell\u00e4 tai useammalla vuodella.TruAge Complete on ihanteellinen valinta niille, jotka haluavat arvioida tarkasti nykyisen biologisen ik\u00e4\u00e4ntymisens\u00e4 ja saada kattavan analyysin tietyist\u00e4 ik\u00e4\u00e4n liittyvist\u00e4 biomarkkereista. Testi auttaa tunnistamaan ne kehon prosessit, jotka tarvitsevat lis\u00e4tukea, ja sen avulla voit tehd\u00e4 tietoon perustuvia p\u00e4\u00e4t\u00f6ksi\u00e4 ruokavaliosta, liikunnasta tai muista el\u00e4m\u00e4ntapamuutoksista.<\/p>","protected":false},"featured_media":36171,"comment_status":"open","ping_status":"closed","template":"","meta":{"_acf_changed":false},"product_brand":[],"product_cat":[97,75],"product_tag":[],"class_list":{"0":"post-36229","1":"product","2":"type-product","3":"status-publish","4":"has-post-thumbnail","6":"product_cat-tyrimai","7":"product_cat-sveikatos-testai","9":"first","10":"instock","11":"shipping-taxable","12":"purchasable","13":"product-type-simple"},"acf":[],"tiered_pricing_type":"fixed","tiered_pricing_fixed_rules":[],"tiered_pricing_product_settings":{"layout":"default","base_unit_name":{"singular":null,"plural":null},"default_variation":null},"tiered_pricing_minimum_quantity":null,"tiered_pricing_roles_data":[],"tiered_pricing_percentage_rules":[],"_links":{"self":[{"href":"https:\/\/purama.lt\/fi\/wp-json\/wp\/v2\/product\/36229","targetHints":{"allow":["GET"]}}],"collection":[{"href":"https:\/\/purama.lt\/fi\/wp-json\/wp\/v2\/product"}],"about":[{"href":"https:\/\/purama.lt\/fi\/wp-json\/wp\/v2\/types\/product"}],"replies":[{"embeddable":true,"href":"https:\/\/purama.lt\/fi\/wp-json\/wp\/v2\/comments?post=36229"}],"wp:featuredmedia":[{"embeddable":true,"href":"https:\/\/purama.lt\/fi\/wp-json\/wp\/v2\/media\/36171"}],"wp:attachment":[{"href":"https:\/\/purama.lt\/fi\/wp-json\/wp\/v2\/media?parent=36229"}],"wp:term":[{"taxonomy":"product_brand","embeddable":true,"href":"https:\/\/purama.lt\/fi\/wp-json\/wp\/v2\/product_brand?post=36229"},{"taxonomy":"product_cat","embeddable":true,"href":"https:\/\/purama.lt\/fi\/wp-json\/wp\/v2\/product_cat?post=36229"},{"taxonomy":"product_tag","embeddable":true,"href":"https:\/\/purama.lt\/fi\/wp-json\/wp\/v2\/product_tag?post=36229"}],"curies":[{"name":"wp","href":"https:\/\/api.w.org\/{rel}","templated":true}]}}