{"id":36228,"date":"2025-06-18T06:31:54","date_gmt":"2025-06-18T06:31:54","guid":{"rendered":"https:\/\/purama.lt\/produktas\/dnr-odos-testas\/"},"modified":"2025-06-18T12:27:30","modified_gmt":"2025-06-18T12:27:30","slug":"dnr-ihotesti","status":"publish","type":"product","link":"https:\/\/purama.lt\/fi\/produktas\/dnr-odos-testas\/","title":{"rendered":"DNA-ihotesti"},"content":{"rendered":"","protected":false},"excerpt":{"rendered":"<p>Tulevaisuuden ihonhoidossa on kyse yksil\u00f6llisest\u00e4 hoitostrategiasta, joka perustuu tietoihin yksil\u00f6llisest\u00e4 biokemiasta ja geneettisest\u00e4 perim\u00e4st\u00e4. \u201eDNA Skin\u201c analysoi 18 geenin variaatioita, jotka liittyv\u00e4t seuraaviin ihon terveyden ja ik\u00e4\u00e4ntymisen keskeisiin osa-alueisiin: kollageenin muodostuminen, auringolta ja UV-s\u00e4teilylt\u00e4 suojautuminen, tulehdus ja suojautuminen oksidatiiviselta stressilt\u00e4. DNA-ihotestin tietojen perusteella voidaan antaa yksil\u00f6llisi\u00e4 suosituksia elintavoista, ruokavaliosta, ravitsemuksesta ja kosmetiikasta, joilla voidaan parantaa ihonhoitoa ja v\u00e4hent\u00e4\u00e4 n\u00e4kyvi\u00e4 ik\u00e4\u00e4ntymisen merkkej\u00e4. Testityyppi:<\/p>\n<p>DNA: Geeni, iho<\/p>\n<p>N\u00e4yte vaaditaan:<\/p>\n<p>DNALife-veripisarakortti<\/p>\n<p>Keskim\u00e4\u00e4r\u00e4inen k\u00e4sittelyaika:<\/p>\n<p>P\u00e4iv\u00e4 18-21<\/p>\n<p>Tietosuojak\u00e4yt\u00e4nt\u00f6:<\/p>\n<p>DNA ja alkuper\u00e4inen n\u00e4yte tuhotaan 3 kuukauden kuluttua, joten n\u00e4ytteiss\u00e4 ei ole nimi\u00e4 tai muita tunnistetietoja. N\u00e4ytteist\u00e4 analysoidaan vain DNALife-testeihin sis\u00e4ltyv\u00e4t SNP:t, eik\u00e4 muita testej\u00e4 tai analyysej\u00e4 tehd\u00e4 ilman potilaan erityist\u00e4 lupaa. Emme anna tai myy tuloksia kolmansille osapuolille.<\/p>","protected":false},"featured_media":36192,"comment_status":"open","ping_status":"closed","template":"","meta":{"_acf_changed":false},"product_brand":[],"product_cat":[97,75],"product_tag":[],"class_list":{"0":"post-36228","1":"product","2":"type-product","3":"status-publish","4":"has-post-thumbnail","6":"product_cat-tyrimai","7":"product_cat-sveikatos-testai","9":"first","10":"instock","11":"shipping-taxable","12":"purchasable","13":"product-type-simple"},"acf":[],"tiered_pricing_type":"fixed","tiered_pricing_fixed_rules":[],"tiered_pricing_product_settings":{"layout":"default","base_unit_name":{"singular":null,"plural":null},"default_variation":null},"tiered_pricing_minimum_quantity":null,"tiered_pricing_roles_data":[],"tiered_pricing_percentage_rules":[],"_links":{"self":[{"href":"https:\/\/purama.lt\/fi\/wp-json\/wp\/v2\/product\/36228","targetHints":{"allow":["GET"]}}],"collection":[{"href":"https:\/\/purama.lt\/fi\/wp-json\/wp\/v2\/product"}],"about":[{"href":"https:\/\/purama.lt\/fi\/wp-json\/wp\/v2\/types\/product"}],"replies":[{"embeddable":true,"href":"https:\/\/purama.lt\/fi\/wp-json\/wp\/v2\/comments?post=36228"}],"wp:featuredmedia":[{"embeddable":true,"href":"https:\/\/purama.lt\/fi\/wp-json\/wp\/v2\/media\/36192"}],"wp:attachment":[{"href":"https:\/\/purama.lt\/fi\/wp-json\/wp\/v2\/media?parent=36228"}],"wp:term":[{"taxonomy":"product_brand","embeddable":true,"href":"https:\/\/purama.lt\/fi\/wp-json\/wp\/v2\/product_brand?post=36228"},{"taxonomy":"product_cat","embeddable":true,"href":"https:\/\/purama.lt\/fi\/wp-json\/wp\/v2\/product_cat?post=36228"},{"taxonomy":"product_tag","embeddable":true,"href":"https:\/\/purama.lt\/fi\/wp-json\/wp\/v2\/product_tag?post=36228"}],"curies":[{"name":"wp","href":"https:\/\/api.w.org\/{rel}","templated":true}]}}