{"id":36227,"date":"2025-06-18T06:31:54","date_gmt":"2025-06-18T06:31:54","guid":{"rendered":"https:\/\/purama.lt\/produktas\/dnr-hormonu-testas\/"},"modified":"2025-06-18T12:26:43","modified_gmt":"2025-06-18T12:26:43","slug":"dnr-hormonitesti","status":"publish","type":"product","link":"https:\/\/purama.lt\/fi\/produktas\/dnr-hormonu-testas\/","title":{"rendered":"DNA-hormonitesti"},"content":{"rendered":"<p>Raportissa annetaan yksil\u00f6llisi\u00e4 suosituksia siit\u00e4, miten hormonitasapainoa ja joustavuutta voidaan yll\u00e4pit\u00e4\u00e4 optimaalisen terveyden saavuttamiseksi sek\u00e4 nyt ett\u00e4 pitk\u00e4ll\u00e4 aikav\u00e4lill\u00e4.<br>Testin tyyppi:<\/p>\n\n\n\n<p>Testi sopii niille, jotka k\u00e4rsiv\u00e4t hormonih\u00e4iri\u00f6ist\u00e4, joilla on suvussaan hormonih\u00e4iri\u00f6it\u00e4 tai joilla on oireita, jotka voivat liitty\u00e4 hormoniaineenvaihdunnan ep\u00e4tasapainoon. Hormonih\u00e4iri\u00f6ihin kuuluvat endometrioosi ja munasarjojen monirakkulatauti (PCOS), (ali)hedelm\u00e4llisyys, ennenaikaiset vaihdevuodet ja lis\u00e4\u00e4ntyneet vaihdevuosioireet, luuston terveysh\u00e4iri\u00f6t, tromboosi sek\u00e4 rinta-, munasarja- ja eturauhassy\u00f6p\u00e4.<br>Testi on hy\u00f6dyllinen my\u00f6s niille, jotka k\u00e4ytt\u00e4v\u00e4t tai harkitsevat hormonihoitoa (ehk\u00e4isy\u00e4 tai korvaushoitoa), jotta voidaan arvioida mahdollinen veren hyytymisriski ja varmistaa, ett\u00e4 detoksifikaatioprosesseja tuetaan optimaalisesti.<\/p>\n\n\n\n<p>N\u00e4yte vaaditaan:<\/p>\n\n\n\n<p>Veripisara<\/p>\n\n\n\n<p>Keskim\u00e4\u00e4r\u00e4inen k\u00e4sittelyaika:<\/p>\n\n\n\n<p>P\u00e4iv\u00e4 18-21<\/p>\n\n\n\n<p>Tietosuojak\u00e4yt\u00e4nt\u00f6:<\/p>\n\n\n\n<p>DNA ja alkuper\u00e4inen n\u00e4ytemateriaali tuhotaan 3 kuukauden kuluttua, joten n\u00e4ytteiss\u00e4 ei ole nimi\u00e4 tai muita tunnistetietoja. N\u00e4ytteist\u00e4 analysoidaan vain DNALife-testeihin sis\u00e4ltyv\u00e4t SNP:t, eik\u00e4 muita testej\u00e4 tai analyysej\u00e4 tehd\u00e4 ilman potilaan erityist\u00e4 lupaa. Emme anna tai myy tuloksia kolmansille osapuolille.<\/p>","protected":false},"excerpt":{"rendered":"<p>DNA-hormonitesti on kattava ravitsemustesti, jossa analysoidaan sukupuolihormonien aineenvaihduntaan ja detoksifikaatioon liittyvi\u00e4 geenimuunnoksia. T\u00e4m\u00e4 testi auttaa arvioimaan riski\u00e4 hormonitasapainon h\u00e4iri\u00f6ille, jotka voivat vaikuttaa sek\u00e4 miehiin ett\u00e4 naisiin. Se on parannettu versio DNA-estrogeenitestist\u00e4, joka kattaa laajemman valikoiman hormoneja ja niiden hajoamisprosesseja.<\/p>\n<p>Testiss\u00e4 analysoidaan geneettisi\u00e4 merkkiaineita, jotka vaikuttavat steroidihormonien, kuten estrogeenin, progesteronin ja testosteronin tuotantoon, muuntumiseen, toimintaan ja detoksifikaatioon. N\u00e4m\u00e4 prosessit liittyv\u00e4t l\u00e4heisesti monien terveysongelmien syntyyn ja etenemiseen.<\/p>\n<p>Kenelle suositellaan t\u00e4m\u00e4n testin suorittamista:<br \/>\n\u2714\ufe0f Hormonaalisesta ep\u00e4tasapainosta k\u00e4rsiville;<br \/>\n\u2714\ufe0f Niille, joiden suvussa on esiintynyt hormonaalista ep\u00e4tasapainoa tai siihen liittyvi\u00e4 sairauksia;<br \/>\n\u2714\ufe0f Niille, joilla on oireita, jotka voivat liitty\u00e4 hormonih\u00e4iri\u00f6ihin.<\/p>\n<p>Hormonaalinen ep\u00e4tasapaino voi vaikuttaa n\u00e4ihin olosuhteisiin:<br \/>\n- Endometrioosi ja munasarjojen polykystinen oireyhtym\u00e4 (PCOS);<br \/>\n- (Hedelm\u00e4tt\u00f6myys), varhaiset vaihdevuodet, vakavat vaihdevuosioireet;<br \/>\n- Luuntiheyden v\u00e4heneminen ja osteoporoosi;<br \/>\n- Trombin muodostuminen;<br \/>\n- Rinta-, munasarja- ja eturauhassy\u00f6p\u00e4.<\/p>\n<p>Testi on hy\u00f6dyllinen my\u00f6s niille, jotka:<br \/>\n- Hormonihoitoa (ehk\u00e4isyv\u00e4lineet tai korvaushoito) k\u00e4ytet\u00e4\u00e4n tai aiotaan k\u00e4ytt\u00e4\u00e4;<br \/>\n- Haluat arvioida mahdollisen veren hyytymisriskin ja hormonien vieroituksen tehokkuuden.<\/p>\n<p>Miksi se on t\u00e4rke\u00e4\u00e4?<\/p>\n<p>Kasvava elinajanodote, ymp\u00e4rist\u00f6altistukset (kohonnut estrogeenitaso, kohonnut painoindeksi, sy\u00f6p\u00e4\u00e4 aiheuttavat aineet, istumaty\u00f6) ja geneettiset vaihtelut voivat yhdess\u00e4 aiheuttaa hormoniaineenvaihdunnan ep\u00e4tasapainoa. Yksil\u00f6n el\u00e4m\u00e4nvaiheesta ja geneettisest\u00e4 taustasta riippuen elimist\u00f6 voi \u201evalita\u201c erilaisia hormonisynteesin ja -hajotuksen reittej\u00e4, jotka joskus muuttuvat terveyden kannalta ep\u00e4edullisemmiksi. T\u00e4m\u00e4 lis\u00e4\u00e4 hormonaalisten sairauksien riski\u00e4.<\/p>\n<p>Geneettisten tekij\u00f6iden tuntemisen avulla voit:<br \/>\n\u2714\ufe0f Hormonitasapainon ep\u00e4tasapainon tarkempi tunnistaminen;<br \/>\n\u2714\ufe0f Valitse yksil\u00f6lliset toimenpiteet - ravitsemukselliset, elintapa- ja hormonihoidot;<br \/>\n\u2714\ufe0f Paranna hyvinvointiasi, v\u00e4henn\u00e4 sairauksien riski\u00e4si ja pidenn\u00e4 terveen\u00e4 elinik\u00e4\u00e4si.<\/p>","protected":false},"featured_media":36182,"comment_status":"open","ping_status":"closed","template":"","meta":{"_acf_changed":false},"product_brand":[],"product_cat":[97,75],"product_tag":[],"class_list":{"0":"post-36227","1":"product","2":"type-product","3":"status-publish","4":"has-post-thumbnail","6":"product_cat-tyrimai","7":"product_cat-sveikatos-testai","9":"first","10":"instock","11":"shipping-taxable","12":"purchasable","13":"product-type-simple"},"acf":[],"tiered_pricing_type":"fixed","tiered_pricing_fixed_rules":[],"tiered_pricing_product_settings":{"layout":"default","base_unit_name":{"singular":null,"plural":null},"default_variation":null},"tiered_pricing_minimum_quantity":null,"tiered_pricing_roles_data":[],"tiered_pricing_percentage_rules":[],"_links":{"self":[{"href":"https:\/\/purama.lt\/fi\/wp-json\/wp\/v2\/product\/36227","targetHints":{"allow":["GET"]}}],"collection":[{"href":"https:\/\/purama.lt\/fi\/wp-json\/wp\/v2\/product"}],"about":[{"href":"https:\/\/purama.lt\/fi\/wp-json\/wp\/v2\/types\/product"}],"replies":[{"embeddable":true,"href":"https:\/\/purama.lt\/fi\/wp-json\/wp\/v2\/comments?post=36227"}],"wp:featuredmedia":[{"embeddable":true,"href":"https:\/\/purama.lt\/fi\/wp-json\/wp\/v2\/media\/36182"}],"wp:attachment":[{"href":"https:\/\/purama.lt\/fi\/wp-json\/wp\/v2\/media?parent=36227"}],"wp:term":[{"taxonomy":"product_brand","embeddable":true,"href":"https:\/\/purama.lt\/fi\/wp-json\/wp\/v2\/product_brand?post=36227"},{"taxonomy":"product_cat","embeddable":true,"href":"https:\/\/purama.lt\/fi\/wp-json\/wp\/v2\/product_cat?post=36227"},{"taxonomy":"product_tag","embeddable":true,"href":"https:\/\/purama.lt\/fi\/wp-json\/wp\/v2\/product_tag?post=36227"}],"curies":[{"name":"wp","href":"https:\/\/api.w.org\/{rel}","templated":true}]}}