{"id":36226,"date":"2025-06-18T06:31:54","date_gmt":"2025-06-18T06:31:54","guid":{"rendered":"https:\/\/purama.lt\/produktas\/putojantis-veido-prausiklis\/"},"modified":"2026-04-15T08:02:05","modified_gmt":"2026-04-15T06:02:05","slug":"vaahtoava-kasvojen-pesu","status":"publish","type":"product","link":"https:\/\/purama.lt\/fi\/produktas\/putojantis-veido-prausiklis\/","title":{"rendered":"Vaahtoava kasvojen pesu"},"content":{"rendered":"","protected":false},"excerpt":{"rendered":"<p>Runsaasti vaahtoava kasvojenpuhdistusaine, joka poistaa hell\u00e4varaisesti mutta tehokkaasti ep\u00e4puhtaudet, ylim\u00e4\u00e4r\u00e4isen talin ja j\u00e4\u00e4m\u00e4t ihon pinnalta. Se on rikastettu kosteuttavilla aineilla, eik\u00e4 se vahingoita ihoestett\u00e4.<\/p>\n<p><strong>Miksi valita:<\/strong><br \/>\n\u2714\ufe0f Virkist\u00e4\u00e4 ja puhdistaa kuivattamatta.<br \/>\n\u2714\ufe0f Luo pehme\u00e4n ja tiiviin vaahdon.<br \/>\n\u2714\ufe0f Sopii jokap\u00e4iv\u00e4iseen k\u00e4ytt\u00f6\u00f6n<br \/>\n\u2714\ufe0f Poistaa t\u00e4ydellisesti kaupunkien saasteet ja meikkij\u00e4\u00e4m\u00e4t.<\/p>","protected":false},"featured_media":0,"comment_status":"open","ping_status":"closed","template":"","meta":{"_acf_changed":false},"product_brand":[],"product_cat":[92,150,59],"product_tag":[],"class_list":{"0":"post-36226","1":"product","2":"type-product","3":"status-publish","5":"product_cat-groziui","6":"product_cat-veido-prausikliai","7":"product_cat-veidui","9":"first","10":"instock","11":"shipping-taxable","12":"purchasable","13":"product-type-simple"},"acf":[],"tiered_pricing_type":"fixed","tiered_pricing_fixed_rules":[],"tiered_pricing_product_settings":{"layout":"default","base_unit_name":{"singular":null,"plural":null},"default_variation":null},"tiered_pricing_minimum_quantity":null,"tiered_pricing_roles_data":[],"tiered_pricing_percentage_rules":[],"_links":{"self":[{"href":"https:\/\/purama.lt\/fi\/wp-json\/wp\/v2\/product\/36226","targetHints":{"allow":["GET"]}}],"collection":[{"href":"https:\/\/purama.lt\/fi\/wp-json\/wp\/v2\/product"}],"about":[{"href":"https:\/\/purama.lt\/fi\/wp-json\/wp\/v2\/types\/product"}],"replies":[{"embeddable":true,"href":"https:\/\/purama.lt\/fi\/wp-json\/wp\/v2\/comments?post=36226"}],"wp:attachment":[{"href":"https:\/\/purama.lt\/fi\/wp-json\/wp\/v2\/media?parent=36226"}],"wp:term":[{"taxonomy":"product_brand","embeddable":true,"href":"https:\/\/purama.lt\/fi\/wp-json\/wp\/v2\/product_brand?post=36226"},{"taxonomy":"product_cat","embeddable":true,"href":"https:\/\/purama.lt\/fi\/wp-json\/wp\/v2\/product_cat?post=36226"},{"taxonomy":"product_tag","embeddable":true,"href":"https:\/\/purama.lt\/fi\/wp-json\/wp\/v2\/product_tag?post=36226"}],"curies":[{"name":"wp","href":"https:\/\/api.w.org\/{rel}","templated":true}]}}