{"id":36212,"date":"2025-06-18T06:31:51","date_gmt":"2025-06-18T06:31:51","guid":{"rendered":"https:\/\/purama.lt\/produktas\/skystasis-gudobeliu-ekstraktas-be-alkoholio\/"},"modified":"2026-04-21T08:07:58","modified_gmt":"2026-04-21T06:07:58","slug":"alkoholiton-nestemainen-orapihlajauute","status":"publish","type":"product","link":"https:\/\/purama.lt\/fi\/produktas\/skystasis-gudobeliu-ekstraktas-be-alkoholio\/","title":{"rendered":"Terveysp\u00e4iv\u00e4 Alkoholiton nestem\u00e4inen orapihlajauute"},"content":{"rendered":"","protected":false},"excerpt":{"rendered":"<p><strong>Hei Alkoholiton nestem\u00e4inen orapihlajauute:<\/strong> Hawthorn-uute nestem\u00e4isess\u00e4 muodossa - syd\u00e4men toimintaan ja emotionaaliseen tasapainoon. Alkoholiton, sopii pitk\u00e4aikaiseen k\u00e4ytt\u00f6\u00f6n.<\/p>\n<p><strong>Miksi valita:<\/strong><br \/>\n\u2714 Tukee sykett\u00e4 ja verenpainetta<br \/>\n\u2714 Rauhoittava vaikutus<br \/>\n\u2714 Sopii herkille k\u00e4ytt\u00e4jille<\/p>","protected":false},"featured_media":36181,"comment_status":"open","ping_status":"closed","template":"","meta":{"_acf_changed":false},"product_brand":[458],"product_cat":[123,259,256,258,270,269],"product_tag":[],"class_list":{"0":"post-36212","1":"product","2":"type-product","3":"status-publish","4":"has-post-thumbnail","6":"product_brand-sveikadienis","7":"product_cat-papildai-ilgaamziskumui","8":"product_cat-nuotaika-ir-stresas","9":"product_cat-smegenims-ir-atminciai","10":"product_cat-smegenu-apsauga","11":"product_cat-streso-mazinimas","12":"product_cat-stresui-ir-miegui","14":"first","15":"instock","16":"shipping-taxable","17":"purchasable","18":"product-type-simple"},"acf":[],"tiered_pricing_type":"fixed","tiered_pricing_fixed_rules":[],"tiered_pricing_product_settings":{"layout":"default","base_unit_name":{"singular":null,"plural":null},"default_variation":null},"tiered_pricing_minimum_quantity":null,"tiered_pricing_roles_data":[],"tiered_pricing_percentage_rules":[],"_links":{"self":[{"href":"https:\/\/purama.lt\/fi\/wp-json\/wp\/v2\/product\/36212","targetHints":{"allow":["GET"]}}],"collection":[{"href":"https:\/\/purama.lt\/fi\/wp-json\/wp\/v2\/product"}],"about":[{"href":"https:\/\/purama.lt\/fi\/wp-json\/wp\/v2\/types\/product"}],"replies":[{"embeddable":true,"href":"https:\/\/purama.lt\/fi\/wp-json\/wp\/v2\/comments?post=36212"}],"wp:featuredmedia":[{"embeddable":true,"href":"https:\/\/purama.lt\/fi\/wp-json\/wp\/v2\/media\/36181"}],"wp:attachment":[{"href":"https:\/\/purama.lt\/fi\/wp-json\/wp\/v2\/media?parent=36212"}],"wp:term":[{"taxonomy":"product_brand","embeddable":true,"href":"https:\/\/purama.lt\/fi\/wp-json\/wp\/v2\/product_brand?post=36212"},{"taxonomy":"product_cat","embeddable":true,"href":"https:\/\/purama.lt\/fi\/wp-json\/wp\/v2\/product_cat?post=36212"},{"taxonomy":"product_tag","embeddable":true,"href":"https:\/\/purama.lt\/fi\/wp-json\/wp\/v2\/product_tag?post=36212"}],"curies":[{"name":"wp","href":"https:\/\/api.w.org\/{rel}","templated":true}]}}