{"id":36211,"date":"2025-06-18T06:31:51","date_gmt":"2025-06-18T06:31:51","guid":{"rendered":"https:\/\/purama.lt\/produktas\/skystasis-pusu-spygliu-ekstraktas-be-alkoholio\/"},"modified":"2026-04-23T10:26:52","modified_gmt":"2026-04-23T08:26:52","slug":"alkoholiton-puoliksi-havupuusta-valmistettu-nestemainen-uute","status":"publish","type":"product","link":"https:\/\/purama.lt\/fi\/produktas\/skystasis-pusu-spygliu-ekstraktas-be-alkoholio\/","title":{"rendered":"Terveysp\u00e4iv\u00e4 Alkoholiton nestem\u00e4inen m\u00e4nnyn neulasuute"},"content":{"rendered":"","protected":false},"excerpt":{"rendered":"<p><strong>Hei Alkoholiton nestem\u00e4inen m\u00e4nnynneulasuute:<\/strong> M\u00e4ntynneulasuute on luonnollinen tapa t\u00e4ydent\u00e4\u00e4 kehoasi vitamiineilla ja flavonoideilla. Sopii hengitysteiden ja immuniteetin tukemiseen.<\/p>\n<p><strong>Miksi valita:<\/strong><br \/>\n\u2714 Luonnollinen C-vitamiini<br \/>\n\u2714 Sopii k\u00e4ytett\u00e4v\u00e4ksi l\u00e4mpim\u00e4n veden tai teen kanssa<br \/>\n\u2714 Alkoholi- ja lis\u00e4aineeton<\/p>","protected":false},"featured_media":36184,"comment_status":"open","ping_status":"closed","template":"","meta":{"_acf_changed":false},"product_brand":[458],"product_cat":[123,57,251,252,122,250],"product_tag":[],"class_list":{"0":"post-36211","1":"product","2":"type-product","3":"status-publish","4":"has-post-thumbnail","6":"product_brand-sveikadienis","7":"product_cat-papildai-ilgaamziskumui","8":"product_cat-akcijos","9":"product_cat-antioksidantai","10":"product_cat-imunitetui","11":"product_cat-lasteliu-jaunystei","12":"product_cat-telomeru-ir-dnr-apsauga","14":"first","15":"instock","16":"sale","17":"shipping-taxable","18":"purchasable","19":"product-type-simple"},"acf":[],"tiered_pricing_type":"fixed","tiered_pricing_fixed_rules":[],"tiered_pricing_product_settings":{"layout":"default","base_unit_name":{"singular":null,"plural":null},"default_variation":null},"tiered_pricing_minimum_quantity":null,"tiered_pricing_roles_data":[],"tiered_pricing_percentage_rules":[],"_links":{"self":[{"href":"https:\/\/purama.lt\/fi\/wp-json\/wp\/v2\/product\/36211","targetHints":{"allow":["GET"]}}],"collection":[{"href":"https:\/\/purama.lt\/fi\/wp-json\/wp\/v2\/product"}],"about":[{"href":"https:\/\/purama.lt\/fi\/wp-json\/wp\/v2\/types\/product"}],"replies":[{"embeddable":true,"href":"https:\/\/purama.lt\/fi\/wp-json\/wp\/v2\/comments?post=36211"}],"wp:featuredmedia":[{"embeddable":true,"href":"https:\/\/purama.lt\/fi\/wp-json\/wp\/v2\/media\/36184"}],"wp:attachment":[{"href":"https:\/\/purama.lt\/fi\/wp-json\/wp\/v2\/media?parent=36211"}],"wp:term":[{"taxonomy":"product_brand","embeddable":true,"href":"https:\/\/purama.lt\/fi\/wp-json\/wp\/v2\/product_brand?post=36211"},{"taxonomy":"product_cat","embeddable":true,"href":"https:\/\/purama.lt\/fi\/wp-json\/wp\/v2\/product_cat?post=36211"},{"taxonomy":"product_tag","embeddable":true,"href":"https:\/\/purama.lt\/fi\/wp-json\/wp\/v2\/product_tag?post=36211"}],"curies":[{"name":"wp","href":"https:\/\/api.w.org\/{rel}","templated":true}]}}