{"id":36210,"date":"2025-06-18T06:31:51","date_gmt":"2025-06-18T06:31:51","guid":{"rendered":"https:\/\/purama.lt\/produktas\/skystasis-chaga-grybo-ekstraktas-be-alkoholio\/"},"modified":"2026-03-24T16:54:13","modified_gmt":"2026-03-24T14:54:13","slug":"alkoholiton-nestemainen-ote-chaga-sienesta","status":"publish","type":"product","link":"https:\/\/purama.lt\/fi\/produktas\/skystasis-chaga-grybo-ekstraktas-be-alkoholio\/","title":{"rendered":"Hei Nestem\u00e4inen Chaga sieniuute ilman alkoholia"},"content":{"rendered":"","protected":false},"excerpt":{"rendered":"<p><strong>Hei Nestem\u00e4inen Chaga-sieniuute ilman alkoholia:<\/strong> Puhdas, tiivistetty chaga-uute - voimakas antioksidantti ilman alkoholia. P\u00e4ivitt\u00e4iseen k\u00e4ytt\u00f6\u00f6n immuniteetin tukemiseksi.<\/p>\n<p><strong>Miksi valita:<\/strong><br \/>\n\u2714 Nestem\u00e4inen muoto - nopeampi imeytyminen<br \/>\n\u2714 Alkoholiton, sopii koko perheelle<br \/>\n\u2714 Runsaasti betuliinihappoa ja antioksidantteja.<\/p>","protected":false},"featured_media":36185,"comment_status":"open","ping_status":"closed","template":"","meta":{"_acf_changed":false},"product_brand":[458],"product_cat":[123,251,252,122,249],"product_tag":[],"class_list":{"0":"post-36210","1":"product","2":"type-product","3":"status-publish","4":"has-post-thumbnail","6":"product_brand-sveikadienis","7":"product_cat-papildai-ilgaamziskumui","8":"product_cat-antioksidantai","9":"product_cat-imunitetui","10":"product_cat-lasteliu-jaunystei","11":"product_cat-senolitikai","13":"first","14":"instock","15":"shipping-taxable","16":"purchasable","17":"product-type-simple"},"acf":[],"tiered_pricing_type":"fixed","tiered_pricing_fixed_rules":[],"tiered_pricing_product_settings":{"layout":"default","base_unit_name":{"singular":null,"plural":null},"default_variation":null},"tiered_pricing_minimum_quantity":null,"tiered_pricing_roles_data":[],"tiered_pricing_percentage_rules":[],"_links":{"self":[{"href":"https:\/\/purama.lt\/fi\/wp-json\/wp\/v2\/product\/36210","targetHints":{"allow":["GET"]}}],"collection":[{"href":"https:\/\/purama.lt\/fi\/wp-json\/wp\/v2\/product"}],"about":[{"href":"https:\/\/purama.lt\/fi\/wp-json\/wp\/v2\/types\/product"}],"replies":[{"embeddable":true,"href":"https:\/\/purama.lt\/fi\/wp-json\/wp\/v2\/comments?post=36210"}],"wp:featuredmedia":[{"embeddable":true,"href":"https:\/\/purama.lt\/fi\/wp-json\/wp\/v2\/media\/36185"}],"wp:attachment":[{"href":"https:\/\/purama.lt\/fi\/wp-json\/wp\/v2\/media?parent=36210"}],"wp:term":[{"taxonomy":"product_brand","embeddable":true,"href":"https:\/\/purama.lt\/fi\/wp-json\/wp\/v2\/product_brand?post=36210"},{"taxonomy":"product_cat","embeddable":true,"href":"https:\/\/purama.lt\/fi\/wp-json\/wp\/v2\/product_cat?post=36210"},{"taxonomy":"product_tag","embeddable":true,"href":"https:\/\/purama.lt\/fi\/wp-json\/wp\/v2\/product_tag?post=36210"}],"curies":[{"name":"wp","href":"https:\/\/api.w.org\/{rel}","templated":true}]}}