{"id":36205,"date":"2025-06-18T06:31:50","date_gmt":"2025-06-18T06:31:50","guid":{"rendered":"https:\/\/purama.lt\/produktas\/meskinis-cesnakas-veganiskosekapsulese\/"},"modified":"2026-03-24T16:58:59","modified_gmt":"2026-03-24T14:58:59","slug":"valkosipuli-vegaanisissa-kapseleissa","status":"publish","type":"product","link":"https:\/\/purama.lt\/fi\/produktas\/meskinis-cesnakas-veganiskosekapsulese\/","title":{"rendered":"Terveys p\u00e4iv\u00e4 Karhu valkosipuli vegaani<br>kapseleina"},"content":{"rendered":"","protected":false},"excerpt":{"rendered":"<p><strong>Hello Bear valkosipuli vegaanisissa kapseleissa:<\/strong> Karhunvalkosipuli on luonnollinen myrkkyj\u00e4 puhdistava ja antiseptinen aine, joka auttaa puhdistamaan kehoa ja tukemaan ruoansulatusj\u00e4rjestelm\u00e4\u00e4.<\/p>\n<p><strong>Miksi valita:<\/strong><br \/>\n\u2714 Luonnollinen kehon puhdistusl\u00e4hde<br \/>\n\u2714 Hyv\u00e4 ruoansulatukselle ja immuunij\u00e4rjestelm\u00e4lle.<br \/>\n\u2714 Hajuton kapseli<\/p>","protected":false},"featured_media":36162,"comment_status":"open","ping_status":"closed","template":"","meta":{"_acf_changed":false},"product_brand":[458],"product_cat":[123,251,267,122,264],"product_tag":[],"class_list":{"0":"post-36205","1":"product","2":"type-product","3":"status-publish","4":"has-post-thumbnail","6":"product_brand-sveikadienis","7":"product_cat-papildai-ilgaamziskumui","8":"product_cat-antioksidantai","9":"product_cat-kepenu-detoksas","10":"product_cat-lasteliu-jaunystei","11":"product_cat-virskinimui-ir-detoksui","13":"first","14":"instock","15":"shipping-taxable","16":"purchasable","17":"product-type-simple"},"acf":[],"tiered_pricing_type":"fixed","tiered_pricing_fixed_rules":[],"tiered_pricing_product_settings":{"layout":"default","base_unit_name":{"singular":null,"plural":null},"default_variation":null},"tiered_pricing_minimum_quantity":null,"tiered_pricing_roles_data":[],"tiered_pricing_percentage_rules":[],"_links":{"self":[{"href":"https:\/\/purama.lt\/fi\/wp-json\/wp\/v2\/product\/36205","targetHints":{"allow":["GET"]}}],"collection":[{"href":"https:\/\/purama.lt\/fi\/wp-json\/wp\/v2\/product"}],"about":[{"href":"https:\/\/purama.lt\/fi\/wp-json\/wp\/v2\/types\/product"}],"replies":[{"embeddable":true,"href":"https:\/\/purama.lt\/fi\/wp-json\/wp\/v2\/comments?post=36205"}],"wp:featuredmedia":[{"embeddable":true,"href":"https:\/\/purama.lt\/fi\/wp-json\/wp\/v2\/media\/36162"}],"wp:attachment":[{"href":"https:\/\/purama.lt\/fi\/wp-json\/wp\/v2\/media?parent=36205"}],"wp:term":[{"taxonomy":"product_brand","embeddable":true,"href":"https:\/\/purama.lt\/fi\/wp-json\/wp\/v2\/product_brand?post=36205"},{"taxonomy":"product_cat","embeddable":true,"href":"https:\/\/purama.lt\/fi\/wp-json\/wp\/v2\/product_cat?post=36205"},{"taxonomy":"product_tag","embeddable":true,"href":"https:\/\/purama.lt\/fi\/wp-json\/wp\/v2\/product_tag?post=36205"}],"curies":[{"name":"wp","href":"https:\/\/api.w.org\/{rel}","templated":true}]}}