{"id":36204,"date":"2025-06-18T06:31:50","date_gmt":"2025-06-18T06:31:50","guid":{"rendered":"https:\/\/purama.lt\/produktas\/gudobeles-vaisiai-veganiskose-kapsulese\/"},"modified":"2026-03-24T16:58:16","modified_gmt":"2026-03-24T14:58:16","slug":"orapihlaja-hedelmat-vegaanisissa-kapseleissa","status":"publish","type":"product","link":"https:\/\/purama.lt\/fi\/produktas\/gudobeles-vaisiai-veganiskose-kapsulese\/","title":{"rendered":"Haloo Hawthorn hedelm\u00e4t vegaanisissa kapseleissa"},"content":{"rendered":"","protected":false},"excerpt":{"rendered":"<p><strong>Hei Hawthorn hedelm\u00e4t vegaanisissa kapseleissa:<\/strong> Hawthorn - tunnetaan syd\u00e4men yst\u00e4v\u00e4n\u00e4, jota perinteisesti k\u00e4ytet\u00e4\u00e4n tukemaan syd\u00e4n- ja verisuonij\u00e4rjestelm\u00e4\u00e4. Ne sis\u00e4lt\u00e4v\u00e4t runsaasti flavonoideja ja antioksidantteja.<\/p>\n<p><strong>Miksi valita:<\/strong><br \/>\n\u2714 Tukee syd\u00e4men rytmi\u00e4 ja verenkiertoa<br \/>\n\u2714 Antioksidanttinen vaikutus<br \/>\n\u2714 Vegaaniset kapselit ilman lis\u00e4aineita<\/p>","protected":false},"featured_media":36160,"comment_status":"open","ping_status":"closed","template":"","meta":{"_acf_changed":false},"product_brand":[458],"product_cat":[256,259,123,258],"product_tag":[],"class_list":{"0":"post-36204","1":"product","2":"type-product","3":"status-publish","4":"has-post-thumbnail","6":"product_brand-sveikadienis","7":"product_cat-smegenims-ir-atminciai","8":"product_cat-nuotaika-ir-stresas","9":"product_cat-papildai-ilgaamziskumui","10":"product_cat-smegenu-apsauga","12":"first","13":"instock","14":"shipping-taxable","15":"purchasable","16":"product-type-simple"},"acf":[],"tiered_pricing_type":"fixed","tiered_pricing_fixed_rules":[],"tiered_pricing_product_settings":{"layout":"default","base_unit_name":{"singular":null,"plural":null},"default_variation":null},"tiered_pricing_minimum_quantity":null,"tiered_pricing_roles_data":[],"tiered_pricing_percentage_rules":[],"_links":{"self":[{"href":"https:\/\/purama.lt\/fi\/wp-json\/wp\/v2\/product\/36204","targetHints":{"allow":["GET"]}}],"collection":[{"href":"https:\/\/purama.lt\/fi\/wp-json\/wp\/v2\/product"}],"about":[{"href":"https:\/\/purama.lt\/fi\/wp-json\/wp\/v2\/types\/product"}],"replies":[{"embeddable":true,"href":"https:\/\/purama.lt\/fi\/wp-json\/wp\/v2\/comments?post=36204"}],"wp:featuredmedia":[{"embeddable":true,"href":"https:\/\/purama.lt\/fi\/wp-json\/wp\/v2\/media\/36160"}],"wp:attachment":[{"href":"https:\/\/purama.lt\/fi\/wp-json\/wp\/v2\/media?parent=36204"}],"wp:term":[{"taxonomy":"product_brand","embeddable":true,"href":"https:\/\/purama.lt\/fi\/wp-json\/wp\/v2\/product_brand?post=36204"},{"taxonomy":"product_cat","embeddable":true,"href":"https:\/\/purama.lt\/fi\/wp-json\/wp\/v2\/product_cat?post=36204"},{"taxonomy":"product_tag","embeddable":true,"href":"https:\/\/purama.lt\/fi\/wp-json\/wp\/v2\/product_tag?post=36204"}],"curies":[{"name":"wp","href":"https:\/\/api.w.org\/{rel}","templated":true}]}}