{"id":36200,"date":"2025-06-18T06:31:49","date_gmt":"2025-06-18T06:31:49","guid":{"rendered":"https:\/\/purama.lt\/produktas\/spanguoles-veganiskose-kapsulese\/"},"modified":"2026-04-21T08:24:49","modified_gmt":"2026-04-21T06:24:49","slug":"karpaloita-vegaanisissa-kapseleissa","status":"publish","type":"product","link":"https:\/\/purama.lt\/fi\/produktas\/spanguoles-veganiskose-kapsulese\/","title":{"rendered":"Karpalot vegaanisissa kapseleissa"},"content":{"rendered":"","protected":false},"excerpt":{"rendered":"<p><strong>Hei m\u00e4nnynneulasjauhe:<\/strong> Karpalot ovat luonnollinen antioksidanttien ja proantosyanidiinien l\u00e4hde, joita arvostetaan erityisesti niiden virtsateihin kohdistuvien vaikutusten vuoksi. Kapseloitu muoto mahdollistaa korkeamman aktiiviainepitoisuuden k\u00e4tev\u00e4n nauttimisen ilman ylim\u00e4\u00e4r\u00e4ist\u00e4 sokeria tai lis\u00e4aineita.<\/p>\n<p>Miksi valita:<br \/>\n\u2714 Puhdas karpalouute kapseleissa<br \/>\n\u2714 Tukee virtsateiden terveytt\u00e4<br \/>\n\u2714 Sopii jokap\u00e4iv\u00e4iseen k\u00e4ytt\u00f6\u00f6n<br \/>\n\u2714 Vegaaninen, sokeriton<\/p>","protected":false},"featured_media":36161,"comment_status":"open","ping_status":"closed","template":"","meta":{"_acf_changed":false},"product_brand":[458],"product_cat":[123,251,122,265],"product_tag":[],"class_list":{"0":"post-36200","1":"product","2":"type-product","3":"status-publish","4":"has-post-thumbnail","6":"product_brand-sveikadienis","7":"product_cat-papildai-ilgaamziskumui","8":"product_cat-antioksidantai","9":"product_cat-lasteliu-jaunystei","10":"product_cat-zarnynas-ir-mikrobioma","12":"first","13":"instock","14":"shipping-taxable","15":"purchasable","16":"product-type-simple"},"acf":[],"tiered_pricing_type":"fixed","tiered_pricing_fixed_rules":[],"tiered_pricing_product_settings":{"layout":"default","base_unit_name":{"singular":null,"plural":null},"default_variation":null},"tiered_pricing_minimum_quantity":null,"tiered_pricing_roles_data":[],"tiered_pricing_percentage_rules":[],"_links":{"self":[{"href":"https:\/\/purama.lt\/fi\/wp-json\/wp\/v2\/product\/36200","targetHints":{"allow":["GET"]}}],"collection":[{"href":"https:\/\/purama.lt\/fi\/wp-json\/wp\/v2\/product"}],"about":[{"href":"https:\/\/purama.lt\/fi\/wp-json\/wp\/v2\/types\/product"}],"replies":[{"embeddable":true,"href":"https:\/\/purama.lt\/fi\/wp-json\/wp\/v2\/comments?post=36200"}],"wp:featuredmedia":[{"embeddable":true,"href":"https:\/\/purama.lt\/fi\/wp-json\/wp\/v2\/media\/36161"}],"wp:attachment":[{"href":"https:\/\/purama.lt\/fi\/wp-json\/wp\/v2\/media?parent=36200"}],"wp:term":[{"taxonomy":"product_brand","embeddable":true,"href":"https:\/\/purama.lt\/fi\/wp-json\/wp\/v2\/product_brand?post=36200"},{"taxonomy":"product_cat","embeddable":true,"href":"https:\/\/purama.lt\/fi\/wp-json\/wp\/v2\/product_cat?post=36200"},{"taxonomy":"product_tag","embeddable":true,"href":"https:\/\/purama.lt\/fi\/wp-json\/wp\/v2\/product_tag?post=36200"}],"curies":[{"name":"wp","href":"https:\/\/api.w.org\/{rel}","templated":true}]}}