{"id":36198,"date":"2025-06-18T06:31:49","date_gmt":"2025-06-18T06:31:49","guid":{"rendered":"https:\/\/purama.lt\/produktas\/pusies-spygliai-veganiskose-kapsulese\/"},"modified":"2026-04-21T08:33:22","modified_gmt":"2026-04-21T06:33:22","slug":"puolikkaat-selkarangat-vegaanikapseleissa","status":"publish","type":"product","link":"https:\/\/purama.lt\/fi\/produktas\/pusies-spygliai-veganiskose-kapsulese\/","title":{"rendered":"Hei M\u00e4nnynneulaset vegaanisissa kapseleissa"},"content":{"rendered":"","protected":false},"excerpt":{"rendered":"<p><strong>Hei m\u00e4nnynneulaset vegaanikapseleissa:<\/strong> M\u00e4nnyn neulaset sis\u00e4lt\u00e4v\u00e4t luonnostaan runsaasti C-vitamiinia, flavonoideja ja muita antioksidantteja, jotka tukevat hengityselinten terveytt\u00e4 ja luonnollista vastustuskyky\u00e4. Vegaanikapseleissa oleva kuivattu m\u00e4nnynneulasjauhe on k\u00e4sitelty matalassa l\u00e4mp\u00f6tilassa, jotta aktiivisten ainesosien koko kompleksi s\u00e4ilyy.<\/p>\n<p><strong>Miksi valita:<\/strong><br \/>\n\u2714 Virkist\u00e4v\u00e4, luonnollinen C-vitamiinin l\u00e4hde<br \/>\n\u2714 Tukee hengityselimi\u00e4<br \/>\n\u2714 K\u00e4tev\u00e4t kapselit<br \/>\n\u2714 Gluteeniton, lis\u00e4aineeton, sopii vegaaneille.<\/p>","protected":false},"featured_media":36165,"comment_status":"open","ping_status":"closed","template":"","meta":{"_acf_changed":false},"product_brand":[458],"product_cat":[123,251,252,122,250,254],"product_tag":[],"class_list":{"0":"post-36198","1":"product","2":"type-product","3":"status-publish","4":"has-post-thumbnail","6":"product_brand-sveikadienis","7":"product_cat-papildai-ilgaamziskumui","8":"product_cat-antioksidantai","9":"product_cat-imunitetui","10":"product_cat-lasteliu-jaunystei","11":"product_cat-telomeru-ir-dnr-apsauga","12":"product_cat-uzdegimo-mazinimas","14":"first","15":"instock","16":"shipping-taxable","17":"purchasable","18":"product-type-simple"},"acf":[],"tiered_pricing_type":"fixed","tiered_pricing_fixed_rules":[],"tiered_pricing_product_settings":{"layout":"default","base_unit_name":{"singular":null,"plural":null},"default_variation":null},"tiered_pricing_minimum_quantity":null,"tiered_pricing_roles_data":[],"tiered_pricing_percentage_rules":[],"_links":{"self":[{"href":"https:\/\/purama.lt\/fi\/wp-json\/wp\/v2\/product\/36198","targetHints":{"allow":["GET"]}}],"collection":[{"href":"https:\/\/purama.lt\/fi\/wp-json\/wp\/v2\/product"}],"about":[{"href":"https:\/\/purama.lt\/fi\/wp-json\/wp\/v2\/types\/product"}],"replies":[{"embeddable":true,"href":"https:\/\/purama.lt\/fi\/wp-json\/wp\/v2\/comments?post=36198"}],"wp:featuredmedia":[{"embeddable":true,"href":"https:\/\/purama.lt\/fi\/wp-json\/wp\/v2\/media\/36165"}],"wp:attachment":[{"href":"https:\/\/purama.lt\/fi\/wp-json\/wp\/v2\/media?parent=36198"}],"wp:term":[{"taxonomy":"product_brand","embeddable":true,"href":"https:\/\/purama.lt\/fi\/wp-json\/wp\/v2\/product_brand?post=36198"},{"taxonomy":"product_cat","embeddable":true,"href":"https:\/\/purama.lt\/fi\/wp-json\/wp\/v2\/product_cat?post=36198"},{"taxonomy":"product_tag","embeddable":true,"href":"https:\/\/purama.lt\/fi\/wp-json\/wp\/v2\/product_tag?post=36198"}],"curies":[{"name":"wp","href":"https:\/\/api.w.org\/{rel}","templated":true}]}}