{"id":35969,"date":"2025-06-10T10:22:29","date_gmt":"2025-06-10T10:22:29","guid":{"rendered":"https:\/\/purama.lt\/produktas\/dr-jart-drekinamasis-kremas-su-keramidais\/"},"modified":"2026-04-10T13:03:30","modified_gmt":"2026-04-10T11:03:30","slug":"dr-jart-kosteusvoide-ceramideja-sisaltava-kosteusvoide","status":"publish","type":"product","link":"https:\/\/purama.lt\/fi\/produktas\/dr-jart-drekinamasis-kremas-su-keramidais\/","title":{"rendered":"DR.Jart+ Kosteusvoide, jossa on keramideja"},"content":{"rendered":"<p><strong>K\u00e4ytt\u00f6:<\/strong><br>Levit\u00e4 voidetta ihonhoidon viimeisess\u00e4 vaiheessa, aamuin illoin. Hiero kevyesti sis\u00e4\u00e4n.<\/p>\n\n\n\n<p><strong>Ainesosat:<\/strong><br>Keramidit NP, NS, AS, AP, EOP, pantenoli, beetaglukaani, sheavoi, skvalaani.<\/p>","protected":false},"excerpt":{"rendered":"<p>T\u00e4m\u00e4 syv\u00e4kosteuttava voide, jossa on 5 erilaista keramidia ja pantenolia, vahvistaa ihon suojakerrosta, auttaa ehk\u00e4isem\u00e4\u00e4n kosteuden menetyst\u00e4 ja rauhoittaa herkk\u00e4\u00e4 ihoa. Sopii kuivalle, kuivuneelle tai herk\u00e4lle iholle. <\/p>\n<p><strong>Miksi valita:<br \/><\/strong> \u2714\ufe0f Pitk\u00e4aikainen kastelu<br \/>\u2714\ufe0f Suojaa ja palauttaa ihoesteen.<br \/>\u2714\ufe0f 5 eri keramidia<br \/>\u2714\ufe0f Sopii herk\u00e4lle iholle<\/p>","protected":false},"featured_media":35974,"comment_status":"open","ping_status":"closed","template":"","meta":{"_acf_changed":false},"product_brand":[422],"product_cat":[92,500,55,59],"product_tag":[],"class_list":{"0":"post-35969","1":"product","2":"type-product","3":"status-publish","4":"has-post-thumbnail","6":"product_brand-dr-jart","7":"product_cat-groziui","8":"product_cat-outlet","9":"product_cat-veido-kremai","10":"product_cat-veidui","12":"first","13":"instock","14":"sale","15":"shipping-taxable","16":"purchasable","17":"product-type-simple"},"acf":[],"tiered_pricing_type":"fixed","tiered_pricing_fixed_rules":[],"tiered_pricing_product_settings":{"layout":"default","base_unit_name":{"singular":null,"plural":null},"default_variation":null},"tiered_pricing_minimum_quantity":null,"tiered_pricing_roles_data":[],"tiered_pricing_percentage_rules":[],"_links":{"self":[{"href":"https:\/\/purama.lt\/fi\/wp-json\/wp\/v2\/product\/35969","targetHints":{"allow":["GET"]}}],"collection":[{"href":"https:\/\/purama.lt\/fi\/wp-json\/wp\/v2\/product"}],"about":[{"href":"https:\/\/purama.lt\/fi\/wp-json\/wp\/v2\/types\/product"}],"replies":[{"embeddable":true,"href":"https:\/\/purama.lt\/fi\/wp-json\/wp\/v2\/comments?post=35969"}],"wp:featuredmedia":[{"embeddable":true,"href":"https:\/\/purama.lt\/fi\/wp-json\/wp\/v2\/media\/35974"}],"wp:attachment":[{"href":"https:\/\/purama.lt\/fi\/wp-json\/wp\/v2\/media?parent=35969"}],"wp:term":[{"taxonomy":"product_brand","embeddable":true,"href":"https:\/\/purama.lt\/fi\/wp-json\/wp\/v2\/product_brand?post=35969"},{"taxonomy":"product_cat","embeddable":true,"href":"https:\/\/purama.lt\/fi\/wp-json\/wp\/v2\/product_cat?post=35969"},{"taxonomy":"product_tag","embeddable":true,"href":"https:\/\/purama.lt\/fi\/wp-json\/wp\/v2\/product_tag?post=35969"}],"curies":[{"name":"wp","href":"https:\/\/api.w.org\/{rel}","templated":true}]}}