{"id":35967,"date":"2025-06-10T10:22:29","date_gmt":"2025-06-10T10:22:29","guid":{"rendered":"https:\/\/purama.lt\/produktas\/tocobo-veido-esencija-serumas\/"},"modified":"2026-04-10T13:03:30","modified_gmt":"2026-04-10T11:03:30","slug":"tocobo-facial-essence-serum","status":"publish","type":"product","link":"https:\/\/purama.lt\/fi\/produktas\/tocobo-veido-esencija-serumas\/","title":{"rendered":"Tocobo Facial Essence -seerumi kasvoille"},"content":{"rendered":"<p><strong>K\u00e4ytt\u00f6:<\/strong><br>K\u00e4yt\u00e4 v\u00e4riaineen j\u00e4lkeen. Levit\u00e4 pieni m\u00e4\u00e4r\u00e4 kasvoille ja hiero kevyesti.<\/p>\n\n\n\n<p><strong>Ainesosat:<\/strong><br>Bifida-entsyymilysaatti, niasiiniamidi, adenosiini, klorellauute, beetaglukaani, hyaluronihappo.<\/p>","protected":false},"excerpt":{"rendered":"<p>T\u00e4m\u00e4 probiooteilla rikastettu uute vahvistaa ihoestett\u00e4, parantaa ihon kimmoisuutta ja v\u00e4hent\u00e4\u00e4 herkkyytt\u00e4. Bifida-entsyymit, niasiiniamidi ja adenosiini auttavat yll\u00e4pit\u00e4m\u00e4\u00e4n tervett\u00e4 mikroflooraa ja hehkuvaa ihoa. <\/p>\n<p><strong>Miksi valita:<br \/><\/strong> \u2714\ufe0f Vahvistaa ihoestett\u00e4<br \/>\u2714\ufe0f Kosteuttaa ja edist\u00e4\u00e4 uudistumista.<br \/>\u2714\ufe0f Probioottien kanssa herk\u00e4lle iholle<br \/>\u2714\ufe0f Parantaa ihon kimmoisuutta<\/p>","protected":false},"featured_media":35975,"comment_status":"open","ping_status":"closed","template":"","meta":{"_acf_changed":false},"product_brand":[],"product_cat":[92,500,56,59],"product_tag":[],"class_list":{"0":"post-35967","1":"product","2":"type-product","3":"status-publish","4":"has-post-thumbnail","6":"product_cat-groziui","7":"product_cat-outlet","8":"product_cat-veido-serumai","9":"product_cat-veidui","11":"first","12":"instock","13":"sale","14":"shipping-taxable","15":"purchasable","16":"product-type-simple"},"acf":[],"tiered_pricing_type":"fixed","tiered_pricing_fixed_rules":[],"tiered_pricing_product_settings":{"layout":"default","base_unit_name":{"singular":null,"plural":null},"default_variation":null},"tiered_pricing_minimum_quantity":null,"tiered_pricing_roles_data":[],"tiered_pricing_percentage_rules":[],"_links":{"self":[{"href":"https:\/\/purama.lt\/fi\/wp-json\/wp\/v2\/product\/35967","targetHints":{"allow":["GET"]}}],"collection":[{"href":"https:\/\/purama.lt\/fi\/wp-json\/wp\/v2\/product"}],"about":[{"href":"https:\/\/purama.lt\/fi\/wp-json\/wp\/v2\/types\/product"}],"replies":[{"embeddable":true,"href":"https:\/\/purama.lt\/fi\/wp-json\/wp\/v2\/comments?post=35967"}],"wp:featuredmedia":[{"embeddable":true,"href":"https:\/\/purama.lt\/fi\/wp-json\/wp\/v2\/media\/35975"}],"wp:attachment":[{"href":"https:\/\/purama.lt\/fi\/wp-json\/wp\/v2\/media?parent=35967"}],"wp:term":[{"taxonomy":"product_brand","embeddable":true,"href":"https:\/\/purama.lt\/fi\/wp-json\/wp\/v2\/product_brand?post=35967"},{"taxonomy":"product_cat","embeddable":true,"href":"https:\/\/purama.lt\/fi\/wp-json\/wp\/v2\/product_cat?post=35967"},{"taxonomy":"product_tag","embeddable":true,"href":"https:\/\/purama.lt\/fi\/wp-json\/wp\/v2\/product_tag?post=35967"}],"curies":[{"name":"wp","href":"https:\/\/api.w.org\/{rel}","templated":true}]}}