{"id":35966,"date":"2025-06-10T10:22:29","date_gmt":"2025-06-10T10:22:29","guid":{"rendered":"https:\/\/purama.lt\/produktas\/celimax-riebalu-kieki-mazinanti-esencija\/"},"modified":"2026-04-10T13:03:30","modified_gmt":"2026-04-10T11:03:30","slug":"celimax-rasvaa-vahentava-olemus","status":"publish","type":"product","link":"https:\/\/purama.lt\/fi\/produktas\/celimax-riebalu-kieki-mazinanti-esencija\/","title":{"rendered":"Celimax rasvaa v\u00e4hent\u00e4v\u00e4 olemus"},"content":{"rendered":"<p><strong>K\u00e4ytt\u00f6:<\/strong><br>Levit\u00e4 muutama tippa uutetta puhtaalle iholle kasvovedenoton j\u00e4lkeen. Hiero ihoon sormenp\u00e4ill\u00e4si, kunnes se on t\u00e4ysin imeytynyt.<\/p>\n\n\n\n<p><strong>Ainesosat:<\/strong><br>Teepuun lehtiuute, niasiiniamidi, Anti-Sebum P -kompleksi, pantenoli, hyaluronihappo.<\/p>","protected":false},"excerpt":{"rendered":"<p>Teepuuuutetta sis\u00e4lt\u00e4v\u00e4 \u00f6ljy\u00e4 s\u00e4\u00e4telev\u00e4 koostumus auttaa v\u00e4hent\u00e4m\u00e4\u00e4n kiiltoa, kirist\u00e4m\u00e4\u00e4n huokosia ja yll\u00e4pit\u00e4m\u00e4\u00e4n mattapintaisuutta. Raikas koostumus sopii rasvaiselle tai sekaiholle. <\/p>\n<p><strong>Miksi valita:<br \/><\/strong> \u2714\ufe0f S\u00e4\u00e4telee talintuotantoa<br \/>\u2714\ufe0f V\u00e4hent\u00e4\u00e4 parien n\u00e4kyvyytt\u00e4. <br \/>\u2714\ufe0f Raikas, tarttumaton koostumus. <br \/>\u2714\ufe0f Sopii herk\u00e4lle tai akneen taipuvaiselle iholle.<\/p>","protected":false},"featured_media":35972,"comment_status":"open","ping_status":"closed","template":"","meta":{"_acf_changed":false},"product_brand":[],"product_cat":[92,500,56,59],"product_tag":[],"class_list":{"0":"post-35966","1":"product","2":"type-product","3":"status-publish","4":"has-post-thumbnail","6":"product_cat-groziui","7":"product_cat-outlet","8":"product_cat-veido-serumai","9":"product_cat-veidui","11":"first","12":"instock","13":"sale","14":"shipping-taxable","15":"purchasable","16":"product-type-simple"},"acf":[],"tiered_pricing_type":"fixed","tiered_pricing_fixed_rules":[],"tiered_pricing_product_settings":{"layout":"default","base_unit_name":{"singular":null,"plural":null},"default_variation":null},"tiered_pricing_minimum_quantity":null,"tiered_pricing_roles_data":[],"tiered_pricing_percentage_rules":[],"_links":{"self":[{"href":"https:\/\/purama.lt\/fi\/wp-json\/wp\/v2\/product\/35966","targetHints":{"allow":["GET"]}}],"collection":[{"href":"https:\/\/purama.lt\/fi\/wp-json\/wp\/v2\/product"}],"about":[{"href":"https:\/\/purama.lt\/fi\/wp-json\/wp\/v2\/types\/product"}],"replies":[{"embeddable":true,"href":"https:\/\/purama.lt\/fi\/wp-json\/wp\/v2\/comments?post=35966"}],"wp:featuredmedia":[{"embeddable":true,"href":"https:\/\/purama.lt\/fi\/wp-json\/wp\/v2\/media\/35972"}],"wp:attachment":[{"href":"https:\/\/purama.lt\/fi\/wp-json\/wp\/v2\/media?parent=35966"}],"wp:term":[{"taxonomy":"product_brand","embeddable":true,"href":"https:\/\/purama.lt\/fi\/wp-json\/wp\/v2\/product_brand?post=35966"},{"taxonomy":"product_cat","embeddable":true,"href":"https:\/\/purama.lt\/fi\/wp-json\/wp\/v2\/product_cat?post=35966"},{"taxonomy":"product_tag","embeddable":true,"href":"https:\/\/purama.lt\/fi\/wp-json\/wp\/v2\/product_tag?post=35966"}],"curies":[{"name":"wp","href":"https:\/\/api.w.org\/{rel}","templated":true}]}}