{"id":35965,"date":"2025-06-10T10:22:28","date_gmt":"2025-06-10T10:22:28","guid":{"rendered":"https:\/\/purama.lt\/produktas\/dr-jart-atspalvi-suteikiantis-veido-kremas\/"},"modified":"2026-04-10T13:03:30","modified_gmt":"2026-04-10T11:03:30","slug":"dr-jart-savytetty-kasvovoide","status":"publish","type":"product","link":"https:\/\/purama.lt\/fi\/produktas\/dr-jart-atspalvi-suteikiantis-veido-kremas\/","title":{"rendered":"DR.Jart+ s\u00e4vytetty kasvovoide"},"content":{"rendered":"<p><strong>K\u00e4ytt\u00f6:<\/strong><br>Levit\u00e4 pieni m\u00e4\u00e4r\u00e4 voidetta kasvoillesi ihonhoitorutiinisi viimeisen\u00e4 vaiheena tai ennen meikki\u00e4. Hiero voidetta, kunnes v\u00e4ri muuttuu ihosi s\u00e4vyn mukaiseksi.<\/p>\n\n\n\n<p><strong>Ainesosat:<\/strong><br>Centella Asiatica -uute, niasiiniamidi, sinkkioksidi, titaanidioksidi, adenosiini, pantenoli.<br>e (Centella Asiatica) peitt\u00e4\u00e4 v\u00e4litt\u00f6m\u00e4sti punoituksen, rauhoittaa herkk\u00e4\u00e4 ihoa ja antaa tasaisemman ihon. Voidemaisen koostumuksen koostumus mukautuu ihon s\u00e4vyyn ja SPF30-suoja suojaa auringon haitallisilta s\u00e4teilt\u00e4. T\u00e4ydellinen herk\u00e4lle, \u00e4rtyneelle tai punoittavalle iholle.<\/p>","protected":false},"excerpt":{"rendered":"<p>T\u00e4m\u00e4 kasvovoide, jossa on Centella Asiatica (tiikeriruoho), v\u00e4hent\u00e4\u00e4 v\u00e4litt\u00f6m\u00e4sti punoitusta, rauhoittaa \u00e4rtynytt\u00e4 ihoa ja antaa tasaisen ihon s\u00e4vyn. V\u00e4rej\u00e4 muuttava koostumus mukautuu ihon s\u00e4vyyn ja SPF30-suodatin suojaa haitallisilta UV-s\u00e4teilt\u00e4. <\/p>\n<p><strong>Miksi valita:<br \/><\/strong> \u2714\ufe0f Neutraloi punoitusta ja \u00e4rsytyst\u00e4. <br \/>\u2714\ufe0f UV-suoja (SPF30) <br \/>\u2714\ufe0f Sopii herk\u00e4lle iholle <br \/>\u2714\ufe0f Toimii meikkipohjana<\/p>","protected":false},"featured_media":35971,"comment_status":"open","ping_status":"closed","template":"","meta":{"_acf_changed":false},"product_brand":[422],"product_cat":[92,500,55,59],"product_tag":[],"class_list":{"0":"post-35965","1":"product","2":"type-product","3":"status-publish","4":"has-post-thumbnail","6":"product_brand-dr-jart","7":"product_cat-groziui","8":"product_cat-outlet","9":"product_cat-veido-kremai","10":"product_cat-veidui","12":"first","13":"instock","14":"sale","15":"shipping-taxable","16":"purchasable","17":"product-type-simple"},"acf":[],"tiered_pricing_type":"fixed","tiered_pricing_fixed_rules":[],"tiered_pricing_product_settings":{"layout":"default","base_unit_name":{"singular":null,"plural":null},"default_variation":null},"tiered_pricing_minimum_quantity":null,"tiered_pricing_roles_data":[],"tiered_pricing_percentage_rules":[],"_links":{"self":[{"href":"https:\/\/purama.lt\/fi\/wp-json\/wp\/v2\/product\/35965","targetHints":{"allow":["GET"]}}],"collection":[{"href":"https:\/\/purama.lt\/fi\/wp-json\/wp\/v2\/product"}],"about":[{"href":"https:\/\/purama.lt\/fi\/wp-json\/wp\/v2\/types\/product"}],"replies":[{"embeddable":true,"href":"https:\/\/purama.lt\/fi\/wp-json\/wp\/v2\/comments?post=35965"}],"wp:featuredmedia":[{"embeddable":true,"href":"https:\/\/purama.lt\/fi\/wp-json\/wp\/v2\/media\/35971"}],"wp:attachment":[{"href":"https:\/\/purama.lt\/fi\/wp-json\/wp\/v2\/media?parent=35965"}],"wp:term":[{"taxonomy":"product_brand","embeddable":true,"href":"https:\/\/purama.lt\/fi\/wp-json\/wp\/v2\/product_brand?post=35965"},{"taxonomy":"product_cat","embeddable":true,"href":"https:\/\/purama.lt\/fi\/wp-json\/wp\/v2\/product_cat?post=35965"},{"taxonomy":"product_tag","embeddable":true,"href":"https:\/\/purama.lt\/fi\/wp-json\/wp\/v2\/product_tag?post=35965"}],"curies":[{"name":"wp","href":"https:\/\/api.w.org\/{rel}","templated":true}]}}