{"id":35470,"date":"2025-06-05T08:57:52","date_gmt":"2025-06-05T08:57:52","guid":{"rendered":"https:\/\/purama.lt\/?post_type=product&#038;p=35470"},"modified":"2026-04-23T09:43:30","modified_gmt":"2026-04-23T07:43:30","slug":"pulsetto-vagushermon-stimulaattorigeeli-250g","status":"publish","type":"product","link":"https:\/\/purama.lt\/fi\/produktas\/pulsetto-vagus-nervo-stimuliatoriaus-gelis-250g\/","title":{"rendered":"Pulsetto vagushermostimulaattorigeeli 250g"},"content":{"rendered":"<p><strong>K\u00e4ytt\u00f6:<\/strong> Levit\u00e4 elektrodien p\u00e4\u00e4lle pieni m\u00e4\u00e4r\u00e4 geeli\u00e4 ennen k\u00e4ytt\u00f6\u00e4, jotta stimulaatio olisi entist\u00e4kin tehokkaampaa.<\/p>\n\n\n\n<p><strong>Pulsetto-geeli<\/strong> - olennainen lis\u00e4varuste maksimaalisen mukavuuden ja parhaiden tulosten saavuttamiseksi!<\/p>","protected":false},"excerpt":{"rendered":"<p data-start=\"137\" data-end=\"223\"><strong data-start=\"225\" data-end=\"250\">Pulsetto johtava geeli<\/strong> on suunniteltu parantamaan stimulaattorin suorituskyky\u00e4 ja varmistamaan, ett\u00e4 <strong data-start=\"325\" data-end=\"367\">maksimaalinen hy\u00f6ty jokaisella istunnolla<\/strong>. Ilman sit\u00e4 s\u00e4hk\u00f6iset impulssit voivat olla v\u00e4hemm\u00e4n tehokkaita ja aiheuttaa ep\u00e4mukavuutta, joten t\u00e4m\u00e4 geeli <strong data-start=\"472\" data-end=\"489\">v\u00e4ltt\u00e4m\u00e4t\u00f6n lis\u00e4varuste<\/strong> parhaat tulokset. H\u00e4n on <strong data-start=\"525\" data-end=\"568\">parantaa elektrodien ja ihon v\u00e4list\u00e4 johtavuutta.<\/strong>mik\u00e4 tekee stimulaatiosta <strong data-start=\"595\" data-end=\"634\">tarkempi, hell\u00e4varaisempi ja tehokkaampi<\/strong>. Gelis <strong data-start=\"642\" data-end=\"661\">kuivuu nopeasti<\/strong>, <strong data-start=\"663\" data-end=\"674\">nelimpa<\/strong> ja <strong data-start=\"678\" data-end=\"697\">ei j\u00e4t\u00e4 j\u00e4lki\u00e4<\/strong>Voi kyll\u00e4... <strong data-start=\"704\" data-end=\"728\">hypoallergeeninen kaava<\/strong> sopii my\u00f6s herk\u00e4lle iholle. Kompakti ja helppok\u00e4ytt\u00f6inen geeli on t\u00e4ydellinen valinta niille, jotka haluavat saada kaiken irti ihonhoidosta. <strong data-start=\"865\" data-end=\"898\">Pulsett-laitteen potentiaali<\/strong>.<\/p>\n<p><strong>Miksi valita?<br \/><\/strong> \u2714 Lis\u00e4\u00e4 stimulaation tehokkuutta<br data-start=\"920\" data-end=\"923\" \/>\u2714 Parantaa pulssin johtavuutta<br data-start=\"984\" data-end=\"987\" \/>\u2714 Rasvaton ja tahmea.<br data-start=\"1040\" data-end=\"1043\" \/>\u2714 Nopea imeytyminen<br data-start=\"1086\" data-end=\"1089\" \/>\u2714 Hypoallergeeninen<\/p>","protected":false},"featured_media":35471,"comment_status":"open","ping_status":"closed","template":"","meta":{"_acf_changed":false},"product_brand":[448],"product_cat":[282,57,393,285,61,283],"product_tag":[],"class_list":{"0":"post-35470","1":"product","2":"type-product","3":"status-publish","4":"has-post-thumbnail","6":"product_brand-pulsetto","7":"product_cat-longevity-prietaisai","8":"product_cat-akcijos","9":"product_cat-dovanu-idejos","10":"product_cat-nervu-stimuliacija","11":"product_cat-ramybei","12":"product_cat-sveikatingumo-prietaisai","14":"first","15":"instock","16":"sale","17":"shipping-taxable","18":"purchasable","19":"product-type-simple"},"acf":[],"tiered_pricing_type":"fixed","tiered_pricing_fixed_rules":[],"tiered_pricing_product_settings":{"layout":"default","base_unit_name":{"singular":null,"plural":null},"default_variation":null},"tiered_pricing_minimum_quantity":null,"tiered_pricing_roles_data":[],"tiered_pricing_percentage_rules":[],"_links":{"self":[{"href":"https:\/\/purama.lt\/fi\/wp-json\/wp\/v2\/product\/35470","targetHints":{"allow":["GET"]}}],"collection":[{"href":"https:\/\/purama.lt\/fi\/wp-json\/wp\/v2\/product"}],"about":[{"href":"https:\/\/purama.lt\/fi\/wp-json\/wp\/v2\/types\/product"}],"replies":[{"embeddable":true,"href":"https:\/\/purama.lt\/fi\/wp-json\/wp\/v2\/comments?post=35470"}],"wp:featuredmedia":[{"embeddable":true,"href":"https:\/\/purama.lt\/fi\/wp-json\/wp\/v2\/media\/35471"}],"wp:attachment":[{"href":"https:\/\/purama.lt\/fi\/wp-json\/wp\/v2\/media?parent=35470"}],"wp:term":[{"taxonomy":"product_brand","embeddable":true,"href":"https:\/\/purama.lt\/fi\/wp-json\/wp\/v2\/product_brand?post=35470"},{"taxonomy":"product_cat","embeddable":true,"href":"https:\/\/purama.lt\/fi\/wp-json\/wp\/v2\/product_cat?post=35470"},{"taxonomy":"product_tag","embeddable":true,"href":"https:\/\/purama.lt\/fi\/wp-json\/wp\/v2\/product_tag?post=35470"}],"curies":[{"name":"wp","href":"https:\/\/api.w.org\/{rel}","templated":true}]}}