{"id":35427,"date":"2025-06-04T11:17:55","date_gmt":"2025-06-04T11:17:55","guid":{"rendered":"https:\/\/purama.lt\/produktas\/scandinavian-biolabs-bio-pilixin-plauku-serumas-vyrams-ir-moterims\/"},"modified":"2026-04-14T09:42:00","modified_gmt":"2026-04-14T07:42:00","slug":"scandinavian-biolabs-bio-pilixin-hiusseerumi-miehille-ja-naisille","status":"publish","type":"product","link":"https:\/\/purama.lt\/fi\/produktas\/scandinavian-biolabs-bio-pilixin-plauku-serumas-vyrams-ir-moterims\/","title":{"rendered":"Scandinavian Biolabs Bio-Pilixin Activation Serum Unisex hiusten kasvuseerumi"},"content":{"rendered":"<p><strong>K\u00e4ytt\u00f6:<\/strong><br>1 pipetti p\u00e4ivitt\u00e4in - levit\u00e4 puhtaaseen p\u00e4\u00e4nahkaan, hiero kevyesti, \u00e4l\u00e4 huuhtele.<\/p>\n\n\n\n<p><strong>Ainesosat:<\/strong><br>Capilia Longa\u00ae (kurkumauute), kofeiini, pantenoli, niasiiniamidi, eukalyptus\u00f6ljy, sinkki PCA, aminohapot, luonnolliset stabilointiaineet.<br><br>Tutustu muihin Scandinavian Biolabs tuotteisiin - <a href=\"https:\/\/purama.lt\/fi\/tuoteselosteet\/skandinaaviset-biolaboratoriot\/\">katso koko valikoima<\/a>.<\/p>","protected":false},"excerpt":{"rendered":"<p><strong>Scandinavian Biolabs Bio-Pilixin Activation Serum,<\/strong> Unisex-versio Bio-Pilixin-seerumista niille, jotka haluavat jakaa tuotteen tai etsiv\u00e4t universaalia ratkaisua.<strong> v\u00e4hent\u00e4\u00e4 hiustenl\u00e4ht\u00f6\u00e4<\/strong>. Seerumi on muotoiltu huippuluokan kasvutekij\u00e4teknologialla, joka vaikuttaa hiusten juuriin stimuloiden hiusten uusiutumista ja kasvua. Se ei sis\u00e4ll\u00e4 hormoneja tai l\u00e4\u00e4keaineita - ainoastaan tehokkaita, luonnollista alkuper\u00e4\u00e4 olevia ainesosia. <\/p>\n<p><strong>Miksi valita:<br \/><\/strong> \u2714\ufe0f Sopii sek\u00e4 miehille ett\u00e4 naisille<br \/>\u2714\ufe0f Ainutlaatuinen hormoniton kasvutekij\u00e4kompleksi<br \/>\u2714\ufe0f Voidaan k\u00e4ytt\u00e4\u00e4 ehk\u00e4isem\u00e4\u00e4n tai hoitamaan ennenaikaista hiustenl\u00e4ht\u00f6\u00e4.<br \/>\u2714\ufe0f Yhteensopiva kaikkien Scandinavian Biolabs -tuotteiden kanssa.<\/p>","protected":false},"featured_media":37917,"comment_status":"open","ping_status":"closed","template":"","meta":{"_acf_changed":false},"product_brand":[453],"product_cat":[92,57,304,305],"product_tag":[],"class_list":{"0":"post-35427","1":"product","2":"type-product","3":"status-publish","4":"has-post-thumbnail","6":"product_brand-scandinavian-biolabs","7":"product_cat-groziui","8":"product_cat-akcijos","9":"product_cat-plaukams","10":"product_cat-plauku-serumai","12":"first","13":"instock","14":"sale","15":"shipping-taxable","16":"purchasable","17":"product-type-simple"},"acf":[],"tiered_pricing_type":"fixed","tiered_pricing_fixed_rules":[],"tiered_pricing_product_settings":{"layout":"default","base_unit_name":{"singular":null,"plural":null},"default_variation":null},"tiered_pricing_minimum_quantity":null,"tiered_pricing_roles_data":[],"tiered_pricing_percentage_rules":[],"_links":{"self":[{"href":"https:\/\/purama.lt\/fi\/wp-json\/wp\/v2\/product\/35427","targetHints":{"allow":["GET"]}}],"collection":[{"href":"https:\/\/purama.lt\/fi\/wp-json\/wp\/v2\/product"}],"about":[{"href":"https:\/\/purama.lt\/fi\/wp-json\/wp\/v2\/types\/product"}],"replies":[{"embeddable":true,"href":"https:\/\/purama.lt\/fi\/wp-json\/wp\/v2\/comments?post=35427"}],"wp:featuredmedia":[{"embeddable":true,"href":"https:\/\/purama.lt\/fi\/wp-json\/wp\/v2\/media\/37917"}],"wp:attachment":[{"href":"https:\/\/purama.lt\/fi\/wp-json\/wp\/v2\/media?parent=35427"}],"wp:term":[{"taxonomy":"product_brand","embeddable":true,"href":"https:\/\/purama.lt\/fi\/wp-json\/wp\/v2\/product_brand?post=35427"},{"taxonomy":"product_cat","embeddable":true,"href":"https:\/\/purama.lt\/fi\/wp-json\/wp\/v2\/product_cat?post=35427"},{"taxonomy":"product_tag","embeddable":true,"href":"https:\/\/purama.lt\/fi\/wp-json\/wp\/v2\/product_tag?post=35427"}],"curies":[{"name":"wp","href":"https:\/\/api.w.org\/{rel}","templated":true}]}}