{"id":35425,"date":"2025-06-04T11:17:50","date_gmt":"2025-06-04T11:17:50","guid":{"rendered":"https:\/\/purama.lt\/produktas\/scandinavian-biolabs-bio-silacumin-maisto-papildai\/"},"modified":"2026-04-13T15:48:35","modified_gmt":"2026-04-13T13:48:35","slug":"scandinavian-biolabs-bio-silacumin-ravintolisat","status":"publish","type":"product","link":"https:\/\/purama.lt\/fi\/produktas\/scandinavian-biolabs-bio-silacumin-maisto-papildai\/","title":{"rendered":"Scandinavian Biolabs Bio-Silacumin ravintolis\u00e4"},"content":{"rendered":"<p><strong>K\u00e4ytt\u00f6:<\/strong><br>1 mittalusikallinen (5 ml) p\u00e4iv\u00e4ss\u00e4, voidaan sekoittaa veteen tai mehuun.<\/p>\n\n\n\n<p><strong>Ainesosat:<\/strong><br>Stabiloitu orto-silicic acid (ch-OSA\u00ae), kurkumauute (Curcuma longa), sinkki, seleeni, B12-vitamiini, sitruunahappo, kasviglyseroli, puhdistettu vesi.<\/p>","protected":false},"excerpt":{"rendered":"<p><strong>Bio-Silacumin<\/strong> - on tiivistetty nestem\u00e4inen lis\u00e4ravinne, joka on suunniteltu tukemaan <strong>terveet hiukset, iho ja kynnet sis\u00e4lt\u00e4p\u00e4in<\/strong>. Siin\u00e4 yhdistyv\u00e4t bioaktiiviset aineet, kuten vakaa orto-siilihappo (ch-OSA\u00ae), kurkumauute ja t\u00e4rke\u00e4t hivenaineet, kuten sinkki, seleeni ja B12-vitamiini. N\u00e4m\u00e4 aineet auttavat yll\u00e4pit\u00e4m\u00e4\u00e4n hiusten rakennetta ja kimmoisuutta sek\u00e4 suojaavat soluja hapettumisstressilt\u00e4. <\/p>\n<p><strong>Miksi valita:<br \/><\/strong> \u2714\ufe0f Kehittynyt ch-OSA\u00ae-teknologia parantaa imeytymist\u00e4.<br \/>\u2714\ufe0f Vaikuttaa hiuksiin, ihoon ja kynsiin sis\u00e4lt\u00e4p\u00e4in.<br \/>\u2714\ufe0f Sis\u00e4lt\u00e4\u00e4 luonnollisia antioksidantteja - kurkuma.<br \/>\u2714\ufe0f Ihanteellinen k\u00e4ytett\u00e4v\u00e4ksi yhdess\u00e4 ulkoisten hiustenhoitotuotteiden kanssa.<\/p>","protected":false},"featured_media":35434,"comment_status":"open","ping_status":"closed","template":"","meta":{"_acf_changed":false},"product_brand":[453],"product_cat":[123,57,273,274,275],"product_tag":[],"class_list":{"0":"post-35425","1":"product","2":"type-product","3":"status-publish","4":"has-post-thumbnail","6":"product_brand-scandinavian-biolabs","7":"product_cat-papildai-ilgaamziskumui","8":"product_cat-akcijos","9":"product_cat-odai-plaukams-nagams","10":"product_cat-odos-jaunyste","11":"product_cat-plauku-ir-nagu-prieziura","13":"first","14":"instock","15":"sale","16":"shipping-taxable","17":"purchasable","18":"product-type-simple"},"acf":[],"tiered_pricing_type":"fixed","tiered_pricing_fixed_rules":[],"tiered_pricing_product_settings":{"layout":"default","base_unit_name":{"singular":null,"plural":null},"default_variation":null},"tiered_pricing_minimum_quantity":null,"tiered_pricing_roles_data":[],"tiered_pricing_percentage_rules":[],"_links":{"self":[{"href":"https:\/\/purama.lt\/fi\/wp-json\/wp\/v2\/product\/35425","targetHints":{"allow":["GET"]}}],"collection":[{"href":"https:\/\/purama.lt\/fi\/wp-json\/wp\/v2\/product"}],"about":[{"href":"https:\/\/purama.lt\/fi\/wp-json\/wp\/v2\/types\/product"}],"replies":[{"embeddable":true,"href":"https:\/\/purama.lt\/fi\/wp-json\/wp\/v2\/comments?post=35425"}],"wp:featuredmedia":[{"embeddable":true,"href":"https:\/\/purama.lt\/fi\/wp-json\/wp\/v2\/media\/35434"}],"wp:attachment":[{"href":"https:\/\/purama.lt\/fi\/wp-json\/wp\/v2\/media?parent=35425"}],"wp:term":[{"taxonomy":"product_brand","embeddable":true,"href":"https:\/\/purama.lt\/fi\/wp-json\/wp\/v2\/product_brand?post=35425"},{"taxonomy":"product_cat","embeddable":true,"href":"https:\/\/purama.lt\/fi\/wp-json\/wp\/v2\/product_cat?post=35425"},{"taxonomy":"product_tag","embeddable":true,"href":"https:\/\/purama.lt\/fi\/wp-json\/wp\/v2\/product_tag?post=35425"}],"curies":[{"name":"wp","href":"https:\/\/api.w.org\/{rel}","templated":true}]}}