{"id":35424,"date":"2025-06-04T11:17:47","date_gmt":"2025-06-04T11:17:47","guid":{"rendered":"https:\/\/purama.lt\/produktas\/scandinavian-biolabs-juros-mineralu-vanduo-plaukams-ir-oda\/"},"modified":"2026-04-14T09:42:00","modified_gmt":"2026-04-14T07:42:00","slug":"scandinavian-biolabs-jura-mineraalivesi-hiuksille-ja-iholle","status":"publish","type":"product","link":"https:\/\/purama.lt\/fi\/produktas\/scandinavian-biolabs-juros-mineralu-vanduo-plaukams-ir-oda\/","title":{"rendered":"Scandinavian Biolabs Sea Mineral Spray Meri-mineraalisuihke Meri-mineraalivesi"},"content":{"rendered":"<p><strong>K\u00e4ytt\u00f6:<\/strong><br>Suihkuta suoraan hiuksiin tai iholle mihin aikaan p\u00e4iv\u00e4st\u00e4 tahansa. Voidaan k\u00e4ytt\u00e4\u00e4 hiustenhoitoaineena, kasvoveten\u00e4 tai virkist\u00e4v\u00e4n\u00e4 aineena pesujen v\u00e4lill\u00e4.<br><br><strong>Ainesosat:<\/strong><br>Mineraalinen merivesi, magnesium, sinkki, kalsium, jodi, pantenoli, glyseriini, puhdistettu vesi.<\/p>","protected":false},"excerpt":{"rendered":"<p><strong>Virkist\u00e4v\u00e4 meri-mineraalisuihke on luonnollinen, monik\u00e4ytt\u00f6inen tuote sek\u00e4 hiuksille ett\u00e4 iholle.<\/strong> Sen sis\u00e4lt\u00e4m\u00e4t magnesium-, kalsium-, sinkki- ja jodiionit antavat hiuspohjalle mikroravintoaineita, joita se tarvitsee tasapainottaakseen mikroflooraa, rauhoittaakseen \u00e4rsytyst\u00e4 ja yll\u00e4pit\u00e4\u00e4kseen kosteustasapainoa. Se antaa hiuksille kevyen rakenteen, raikkauden tunteen ja suojan ymp\u00e4rist\u00f6n vaikutuksilta. <\/p>\n<p><strong>Miksi valita:<br \/><\/strong> \u2714\ufe0f Luonnollinen mineraalikompleksi ilman alkoholia tai aromiaineita.<br \/>\u2714\ufe0f Sopii herk\u00e4lle iholle ja p\u00e4\u00e4nahalle.<br \/>\u2714\ufe0f Virkist\u00e4\u00e4, kosteuttaa ja vahvistaa ihoa ja hiuskalvoa.<br \/>\u2714\ufe0f Monipuolinen - yksi tuote useisiin toimintoihin \u00a0<\/p>","protected":false},"featured_media":35443,"comment_status":"open","ping_status":"closed","template":"","meta":{"_acf_changed":false},"product_brand":[453],"product_cat":[92,57,304],"product_tag":[],"class_list":{"0":"post-35424","1":"product","2":"type-product","3":"status-publish","4":"has-post-thumbnail","6":"product_brand-scandinavian-biolabs","7":"product_cat-groziui","8":"product_cat-akcijos","9":"product_cat-plaukams","11":"first","12":"instock","13":"sale","14":"shipping-taxable","15":"purchasable","16":"product-type-simple"},"acf":[],"tiered_pricing_type":"fixed","tiered_pricing_fixed_rules":[],"tiered_pricing_product_settings":{"layout":"default","base_unit_name":{"singular":null,"plural":null},"default_variation":null},"tiered_pricing_minimum_quantity":null,"tiered_pricing_roles_data":[],"tiered_pricing_percentage_rules":[],"_links":{"self":[{"href":"https:\/\/purama.lt\/fi\/wp-json\/wp\/v2\/product\/35424","targetHints":{"allow":["GET"]}}],"collection":[{"href":"https:\/\/purama.lt\/fi\/wp-json\/wp\/v2\/product"}],"about":[{"href":"https:\/\/purama.lt\/fi\/wp-json\/wp\/v2\/types\/product"}],"replies":[{"embeddable":true,"href":"https:\/\/purama.lt\/fi\/wp-json\/wp\/v2\/comments?post=35424"}],"wp:featuredmedia":[{"embeddable":true,"href":"https:\/\/purama.lt\/fi\/wp-json\/wp\/v2\/media\/35443"}],"wp:attachment":[{"href":"https:\/\/purama.lt\/fi\/wp-json\/wp\/v2\/media?parent=35424"}],"wp:term":[{"taxonomy":"product_brand","embeddable":true,"href":"https:\/\/purama.lt\/fi\/wp-json\/wp\/v2\/product_brand?post=35424"},{"taxonomy":"product_cat","embeddable":true,"href":"https:\/\/purama.lt\/fi\/wp-json\/wp\/v2\/product_cat?post=35424"},{"taxonomy":"product_tag","embeddable":true,"href":"https:\/\/purama.lt\/fi\/wp-json\/wp\/v2\/product_tag?post=35424"}],"curies":[{"name":"wp","href":"https:\/\/api.w.org\/{rel}","templated":true}]}}