{"id":35423,"date":"2025-06-04T11:17:41","date_gmt":"2025-06-04T11:17:41","guid":{"rendered":"https:\/\/purama.lt\/produktas\/scandinavian-biolabs-galvos-odos-aktyvinimo-volelis\/"},"modified":"2026-04-14T09:42:00","modified_gmt":"2026-04-14T07:42:00","slug":"scandinavian-biolabs-paanahan-aktivointitela","status":"publish","type":"product","link":"https:\/\/purama.lt\/fi\/produktas\/scandinavian-biolabs-galvos-odos-aktyvinimo-volelis\/","title":{"rendered":"Scandinavian Biolabs Scalp Activation Derma Roller Scalp Activation Roller - p\u00e4\u00e4nahan aktivointitela"},"content":{"rendered":"<p><strong>K\u00e4ytt\u00f6:<\/strong><br>K\u00e4yt\u00e4 1-3 kertaa viikossa puhtaalle, kuivalle p\u00e4\u00e4nahalle. Py\u00f6rit\u00e4 rullaa varovasti edestakaisin eri suuntiin (vaaka-, pysty- ja vinottain). Hoidon j\u00e4lkeen voidaan k\u00e4ytt\u00e4\u00e4 seerumia.<\/p>\n\n\n\n<p><strong>Ainesosat:<\/strong><br>Titaaniset mikroneulat (0,5 mm), muovinen rullarunko (BPA-vapaa), ruostumattomasta ter\u00e4ksest\u00e4 valmistettu akseli.<\/p>","protected":false},"excerpt":{"rendered":"<p><strong>Se on mikroneularulla, joka on erityisesti suunniteltu parantamaan p\u00e4\u00e4nahan verenkiertoa, stimuloimaan kollageenisynteesi\u00e4 ja lis\u00e4\u00e4m\u00e4\u00e4n hiustenhoitotuotteiden imeytymist\u00e4.<\/strong> Rullaan integroidut 540 titaanimikroneulaa (0,5 mm) stimuloivat ihoa hell\u00e4varaisesti aiheuttamatta kipua, mutta aktivoivat uudistumisprosesseja. S\u00e4\u00e4nn\u00f6llisesti k\u00e4ytettyn\u00e4 se voi parantaa hiusten kasvutulosten tehokkuutta, erityisesti yhdess\u00e4 Bio-Pilixin-seerumien kanssa. <\/p>\n<p><strong>Miksi valita:<br \/><\/strong> \u2714\ufe0f Tehostaa vaikuttavien aineiden imeytymist\u00e4<br \/>\u2714\ufe0f Parantaa p\u00e4\u00e4nahan verenkiertoa ja uudistumista.<br \/>\u2714\ufe0f Valmistettu titaanista - kest\u00e4v\u00e4 ja hypoallergeeninen.<br \/>\u2714\ufe0f Sopii sek\u00e4 miehille ett\u00e4 naisille<\/p>","protected":false},"featured_media":35441,"comment_status":"open","ping_status":"closed","template":"","meta":{"_acf_changed":false},"product_brand":[453],"product_cat":[92,57,304],"product_tag":[],"class_list":{"0":"post-35423","1":"product","2":"type-product","3":"status-publish","4":"has-post-thumbnail","6":"product_brand-scandinavian-biolabs","7":"product_cat-groziui","8":"product_cat-akcijos","9":"product_cat-plaukams","11":"first","12":"instock","13":"sale","14":"shipping-taxable","15":"purchasable","16":"product-type-simple"},"acf":[],"tiered_pricing_type":"fixed","tiered_pricing_fixed_rules":[],"tiered_pricing_product_settings":{"layout":"default","base_unit_name":{"singular":null,"plural":null},"default_variation":null},"tiered_pricing_minimum_quantity":null,"tiered_pricing_roles_data":[],"tiered_pricing_percentage_rules":[],"_links":{"self":[{"href":"https:\/\/purama.lt\/fi\/wp-json\/wp\/v2\/product\/35423","targetHints":{"allow":["GET"]}}],"collection":[{"href":"https:\/\/purama.lt\/fi\/wp-json\/wp\/v2\/product"}],"about":[{"href":"https:\/\/purama.lt\/fi\/wp-json\/wp\/v2\/types\/product"}],"replies":[{"embeddable":true,"href":"https:\/\/purama.lt\/fi\/wp-json\/wp\/v2\/comments?post=35423"}],"wp:featuredmedia":[{"embeddable":true,"href":"https:\/\/purama.lt\/fi\/wp-json\/wp\/v2\/media\/35441"}],"wp:attachment":[{"href":"https:\/\/purama.lt\/fi\/wp-json\/wp\/v2\/media?parent=35423"}],"wp:term":[{"taxonomy":"product_brand","embeddable":true,"href":"https:\/\/purama.lt\/fi\/wp-json\/wp\/v2\/product_brand?post=35423"},{"taxonomy":"product_cat","embeddable":true,"href":"https:\/\/purama.lt\/fi\/wp-json\/wp\/v2\/product_cat?post=35423"},{"taxonomy":"product_tag","embeddable":true,"href":"https:\/\/purama.lt\/fi\/wp-json\/wp\/v2\/product_tag?post=35423"}],"curies":[{"name":"wp","href":"https:\/\/api.w.org\/{rel}","templated":true}]}}