{"id":35422,"date":"2025-06-04T11:17:38","date_gmt":"2025-06-04T11:17:38","guid":{"rendered":"https:\/\/purama.lt\/produktas\/scandinavian-biolabs-plauku-maistines-tabletes\/"},"modified":"2026-04-13T15:53:40","modified_gmt":"2026-04-13T13:53:40","slug":"scandinavian-biolabs-hiusten-ravitsemukselliset-tabletit","status":"publish","type":"product","link":"https:\/\/purama.lt\/fi\/produktas\/scandinavian-biolabs-plauku-maistines-tabletes\/","title":{"rendered":"Scandinavian Biolabs Hair Nutrient Tablets ravintolis\u00e4 Ravintolis\u00e4"},"content":{"rendered":"<p><strong>K\u00e4ytt\u00f6:<\/strong><br>Ota 2 tablettia p\u00e4iv\u00e4ss\u00e4 lasillisen veden kera. On suositeltavaa ottaa sit\u00e4 v\u00e4hint\u00e4\u00e4n 3 kuukauden ajan ilman taukoa.<\/p>\n\n\n\n<p><strong>Ainesosat:<\/strong><br>Omenauute, iisoppiuute, sinkki, B6-vitamiini, biotiini, C-vitamiini, pantoteenihappo, foolihappo, B12-vitamiini, hivenaineet, kasvistabilisaattorit.<\/p>","protected":false},"excerpt":{"rendered":"<p><strong>Scandinavian Biolabs Hair Nutrient Tablets, <\/strong>N\u00e4m\u00e4 hiusten ravintotabletit on suunniteltu tukemaan hiusten luonnollista kasvuvaihetta, v\u00e4hent\u00e4m\u00e4\u00e4n hiustenl\u00e4ht\u00f6\u00e4 ja vahvistamaan hiuksia sis\u00e4lt\u00e4p\u00e4in. Koostumus on huolellisesti tasapainotettu vitamiineilla, kivenn\u00e4isaineilla ja kasviuutteilla, mukaan lukien omenauute, sinkki, biotiini ja B-vitamiinit. Ne tukevat proteiinisynteesi\u00e4 keratiinin tuotantoa varten, joka on hiusten rakenteen olennainen osa. Sopii sek\u00e4 miehille ett\u00e4 naisille. <\/p>\n<p><strong>Miksi valita:<br \/><\/strong> \u2714\ufe0f Lis\u00e4ravinteet hiustenhoito sis\u00e4lt\u00e4p\u00e4in<br \/>\u2714\ufe0f Ei sis\u00e4ll\u00e4 keinotekoisia v\u00e4ri- tai s\u00e4il\u00f6nt\u00e4aineita.<br \/>\u2714\ufe0f Sopii vegaaneille ja kasvisruokavalioille.<br \/>\u2714\ufe0f Kehitetty yhteisty\u00f6ss\u00e4 tutkijoiden ja ihotautil\u00e4\u00e4k\u00e4reiden kanssa.<\/p>","protected":false},"featured_media":35431,"comment_status":"open","ping_status":"closed","template":"","meta":{"_acf_changed":false},"product_brand":[453],"product_cat":[123,57,273,274,275],"product_tag":[],"class_list":{"0":"post-35422","1":"product","2":"type-product","3":"status-publish","4":"has-post-thumbnail","6":"product_brand-scandinavian-biolabs","7":"product_cat-papildai-ilgaamziskumui","8":"product_cat-akcijos","9":"product_cat-odai-plaukams-nagams","10":"product_cat-odos-jaunyste","11":"product_cat-plauku-ir-nagu-prieziura","13":"first","14":"instock","15":"sale","16":"shipping-taxable","17":"purchasable","18":"product-type-simple"},"acf":[],"tiered_pricing_type":"fixed","tiered_pricing_fixed_rules":[],"tiered_pricing_product_settings":{"layout":"default","base_unit_name":{"singular":null,"plural":null},"default_variation":null},"tiered_pricing_minimum_quantity":null,"tiered_pricing_roles_data":[],"tiered_pricing_percentage_rules":[],"_links":{"self":[{"href":"https:\/\/purama.lt\/fi\/wp-json\/wp\/v2\/product\/35422","targetHints":{"allow":["GET"]}}],"collection":[{"href":"https:\/\/purama.lt\/fi\/wp-json\/wp\/v2\/product"}],"about":[{"href":"https:\/\/purama.lt\/fi\/wp-json\/wp\/v2\/types\/product"}],"replies":[{"embeddable":true,"href":"https:\/\/purama.lt\/fi\/wp-json\/wp\/v2\/comments?post=35422"}],"wp:featuredmedia":[{"embeddable":true,"href":"https:\/\/purama.lt\/fi\/wp-json\/wp\/v2\/media\/35431"}],"wp:attachment":[{"href":"https:\/\/purama.lt\/fi\/wp-json\/wp\/v2\/media?parent=35422"}],"wp:term":[{"taxonomy":"product_brand","embeddable":true,"href":"https:\/\/purama.lt\/fi\/wp-json\/wp\/v2\/product_brand?post=35422"},{"taxonomy":"product_cat","embeddable":true,"href":"https:\/\/purama.lt\/fi\/wp-json\/wp\/v2\/product_cat?post=35422"},{"taxonomy":"product_tag","embeddable":true,"href":"https:\/\/purama.lt\/fi\/wp-json\/wp\/v2\/product_tag?post=35422"}],"curies":[{"name":"wp","href":"https:\/\/api.w.org\/{rel}","templated":true}]}}